{"id":16467,"date":"2026-02-27T07:14:32","date_gmt":"2026-02-27T07:14:32","guid":{"rendered":"https:\/\/alustage.v-stage.pl\/product\/t-323-belka-rusztowan-imperial\/"},"modified":"2026-03-11T11:53:17","modified_gmt":"2026-03-11T11:53:17","slug":"t-323-belka-rusztowan-imperial","status":"publish","type":"product","link":"https:\/\/alustage.eu\/pl\/produkt\/t-323-belka-rusztowan-imperial\/","title":{"rendered":"T 323 belka rusztowa\u0144 imperial"},"content":{"rendered":"<p>T 232 to aluminiowa belka rusztowaniowa, kt\u00f3ra zapewnia pe\u0142n\u0105 kompatybilno\u015b\u0107 platformy scenicznej Aludeck Event z systemem rusztowa\u0144. Dzi\u0119ki temu platformy Aludeck Event s\u0105 bardziej wszechstronne i mo\u017cna je \u0142atwo zintegrowa\u0107 z popularnymi konstrukcjami rusztowaniowymi. T 232 jest dost\u0119pny w wymiarach imperialnych 1,036m lub 2,072m.<\/p>\n","protected":false},"excerpt":{"rendered":"<p>Belka rusztowa\u0144 imperial<\/p>\n","protected":false},"featured_media":0,"comment_status":"closed","ping_status":"open","template":"","meta":{"_acf_changed":false,"inline_featured_image":false,"_kad_blocks_custom_css":"","_kad_blocks_head_custom_js":"","_kad_blocks_body_custom_js":"","_kad_blocks_footer_custom_js":"","_kadence_starter_templates_imported_post":false,"_kad_post_transparent":"","_kad_post_title":"","_kad_post_layout":"","_kad_post_sidebar_id":"","_kad_post_content_style":"","_kad_post_vertical_padding":"","_kad_post_feature":"","_kad_post_feature_position":"","_kad_post_header":false,"_kad_post_footer":false,"_kad_post_classname":""},"product_brand":[],"product_cat":[1576,1603,1602,1575],"product_tag":[],"class_list":{"0":"post-16467","1":"product","2":"type-product","3":"status-publish","5":"product_cat-akcesoria","6":"product_cat-akcesoria-4","7":"product_cat-aludeck-event","8":"product_cat-scena","9":"pa_fulfillment-12-mm-plywood-black-hexa-100-birch","10":"pa_maximum-load-60-00-kg","11":"pa_waga-7-49-13-57-kg","13":"first","14":"instock","15":"product-type-simple","16":"entry","17":"content-bg","18":"loop-entry"},"acf":[],"yoast_head":"<!-- This site is optimized with the Yoast SEO plugin v27.3 - https:\/\/yoast.com\/product\/yoast-seo-wordpress\/ -->\n<title>T 323 belka rusztowa\u0144 imperial - Alustage<\/title>\n<meta name=\"robots\" content=\"index, follow, max-snippet:-1, max-image-preview:large, max-video-preview:-1\" \/>\n<link rel=\"canonical\" href=\"https:\/\/alustage.eu\/pl\/produkt\/t-323-belka-rusztowan-imperial\/\" \/>\n<meta property=\"og:locale\" content=\"pl_PL\" \/>\n<meta property=\"og:type\" content=\"article\" \/>\n<meta property=\"og:title\" content=\"T 323 belka rusztowa\u0144 imperial - Alustage\" \/>\n<meta property=\"og:description\" content=\"Belka rusztowa\u0144 imperial\" \/>\n<meta property=\"og:url\" content=\"https:\/\/alustage.eu\/pl\/produkt\/t-323-belka-rusztowan-imperial\/\" \/>\n<meta property=\"og:site_name\" content=\"Alustage\" \/>\n<meta property=\"article:modified_time\" content=\"2026-03-11T11:53:17+00:00\" \/>\n<meta name=\"twitter:card\" content=\"summary_large_image\" \/>\n<script type=\"application\/ld+json\" class=\"yoast-schema-graph\">{\"@context\":\"https:\\\/\\\/schema.org\",\"@graph\":[{\"@type\":\"WebPage\",\"@id\":\"https:\\\/\\\/alustage.eu\\\/pl\\\/produkt\\\/t-323-belka-rusztowan-imperial\\\/\",\"url\":\"https:\\\/\\\/alustage.eu\\\/pl\\\/produkt\\\/t-323-belka-rusztowan-imperial\\\/\",\"name\":\"T 323 belka rusztowa\u0144 imperial - Alustage\",\"isPartOf\":{\"@id\":\"https:\\\/\\\/alustage.eu\\\/pl\\\/#website\"},\"datePublished\":\"2026-02-27T07:14:32+00:00\",\"dateModified\":\"2026-03-11T11:53:17+00:00\",\"breadcrumb\":{\"@id\":\"https:\\\/\\\/alustage.eu\\\/pl\\\/produkt\\\/t-323-belka-rusztowan-imperial\\\/#breadcrumb\"},\"inLanguage\":\"pl-PL\",\"potentialAction\":[{\"@type\":\"ReadAction\",\"target\":[\"https:\\\/\\\/alustage.eu\\\/pl\\\/produkt\\\/t-323-belka-rusztowan-imperial\\\/\"]}]},{\"@type\":\"BreadcrumbList\",\"@id\":\"https:\\\/\\\/alustage.eu\\\/pl\\\/produkt\\\/t-323-belka-rusztowan-imperial\\\/#breadcrumb\",\"itemListElement\":[{\"@type\":\"ListItem\",\"position\":1,\"name\":\"Strona g\u0142\u00f3wna\",\"item\":\"https:\\\/\\\/alustage.eu\\\/pl\\\/strona-glowna\\\/\"},{\"@type\":\"ListItem\",\"position\":2,\"name\":\"Produkty\",\"item\":\"https:\\\/\\\/alustage.eu\\\/pl\\\/produkty\\\/\"},{\"@type\":\"ListItem\",\"position\":3,\"name\":\"Podesty sceniczne\",\"item\":\"https:\\\/\\\/alustage.eu\\\/pl\\\/kategoria-produktu\\\/scena\\\/\"},{\"@type\":\"ListItem\",\"position\":4,\"name\":\"Aludeck Event\",\"item\":\"https:\\\/\\\/alustage.eu\\\/pl\\\/kategoria-produktu\\\/scena\\\/aludeck-event\\\/\"},{\"@type\":\"ListItem\",\"position\":5,\"name\":\"Akcesoria\",\"item\":\"https:\\\/\\\/alustage.eu\\\/pl\\\/kategoria-produktu\\\/scena\\\/aludeck-event\\\/akcesoria-4\\\/\"},{\"@type\":\"ListItem\",\"position\":6,\"name\":\"T 323 belka rusztowa\u0144 imperial\"}]},{\"@type\":\"WebSite\",\"@id\":\"https:\\\/\\\/alustage.eu\\\/pl\\\/#website\",\"url\":\"https:\\\/\\\/alustage.eu\\\/pl\\\/\",\"name\":\"Alustage\",\"description\":\"\",\"publisher\":{\"@id\":\"https:\\\/\\\/alustage.eu\\\/pl\\\/#organization\"},\"potentialAction\":[{\"@type\":\"SearchAction\",\"target\":{\"@type\":\"EntryPoint\",\"urlTemplate\":\"https:\\\/\\\/alustage.eu\\\/pl\\\/?s={search_term_string}\"},\"query-input\":{\"@type\":\"PropertyValueSpecification\",\"valueRequired\":true,\"valueName\":\"search_term_string\"}}],\"inLanguage\":\"pl-PL\"},{\"@type\":\"Organization\",\"@id\":\"https:\\\/\\\/alustage.eu\\\/pl\\\/#organization\",\"name\":\"Alustage\",\"url\":\"https:\\\/\\\/alustage.eu\\\/pl\\\/\",\"logo\":{\"@type\":\"ImageObject\",\"inLanguage\":\"pl-PL\",\"@id\":\"https:\\\/\\\/alustage.eu\\\/pl\\\/#\\\/schema\\\/logo\\\/image\\\/\",\"url\":\"https:\\\/\\\/alustage.eu\\\/wp-content\\\/uploads\\\/2026\\\/01\\\/alustage_color.svg\",\"contentUrl\":\"https:\\\/\\\/alustage.eu\\\/wp-content\\\/uploads\\\/2026\\\/01\\\/alustage_color.svg\",\"caption\":\"Alustage\"},\"image\":{\"@id\":\"https:\\\/\\\/alustage.eu\\\/pl\\\/#\\\/schema\\\/logo\\\/image\\\/\"}}]}<\/script>\n<!-- \/ Yoast SEO plugin. -->","yoast_head_json":{"title":"T 323 belka rusztowa\u0144 imperial - Alustage","robots":{"index":"index","follow":"follow","max-snippet":"max-snippet:-1","max-image-preview":"max-image-preview:large","max-video-preview":"max-video-preview:-1"},"canonical":"https:\/\/alustage.eu\/pl\/produkt\/t-323-belka-rusztowan-imperial\/","og_locale":"pl_PL","og_type":"article","og_title":"T 323 belka rusztowa\u0144 imperial - Alustage","og_description":"Belka rusztowa\u0144 imperial","og_url":"https:\/\/alustage.eu\/pl\/produkt\/t-323-belka-rusztowan-imperial\/","og_site_name":"Alustage","article_modified_time":"2026-03-11T11:53:17+00:00","twitter_card":"summary_large_image","schema":{"@context":"https:\/\/schema.org","@graph":[{"@type":"WebPage","@id":"https:\/\/alustage.eu\/pl\/produkt\/t-323-belka-rusztowan-imperial\/","url":"https:\/\/alustage.eu\/pl\/produkt\/t-323-belka-rusztowan-imperial\/","name":"T 323 belka rusztowa\u0144 imperial - Alustage","isPartOf":{"@id":"https:\/\/alustage.eu\/pl\/#website"},"datePublished":"2026-02-27T07:14:32+00:00","dateModified":"2026-03-11T11:53:17+00:00","breadcrumb":{"@id":"https:\/\/alustage.eu\/pl\/produkt\/t-323-belka-rusztowan-imperial\/#breadcrumb"},"inLanguage":"pl-PL","potentialAction":[{"@type":"ReadAction","target":["https:\/\/alustage.eu\/pl\/produkt\/t-323-belka-rusztowan-imperial\/"]}]},{"@type":"BreadcrumbList","@id":"https:\/\/alustage.eu\/pl\/produkt\/t-323-belka-rusztowan-imperial\/#breadcrumb","itemListElement":[{"@type":"ListItem","position":1,"name":"Strona g\u0142\u00f3wna","item":"https:\/\/alustage.eu\/pl\/strona-glowna\/"},{"@type":"ListItem","position":2,"name":"Produkty","item":"https:\/\/alustage.eu\/pl\/produkty\/"},{"@type":"ListItem","position":3,"name":"Podesty sceniczne","item":"https:\/\/alustage.eu\/pl\/kategoria-produktu\/scena\/"},{"@type":"ListItem","position":4,"name":"Aludeck Event","item":"https:\/\/alustage.eu\/pl\/kategoria-produktu\/scena\/aludeck-event\/"},{"@type":"ListItem","position":5,"name":"Akcesoria","item":"https:\/\/alustage.eu\/pl\/kategoria-produktu\/scena\/aludeck-event\/akcesoria-4\/"},{"@type":"ListItem","position":6,"name":"T 323 belka rusztowa\u0144 imperial"}]},{"@type":"WebSite","@id":"https:\/\/alustage.eu\/pl\/#website","url":"https:\/\/alustage.eu\/pl\/","name":"Alustage","description":"","publisher":{"@id":"https:\/\/alustage.eu\/pl\/#organization"},"potentialAction":[{"@type":"SearchAction","target":{"@type":"EntryPoint","urlTemplate":"https:\/\/alustage.eu\/pl\/?s={search_term_string}"},"query-input":{"@type":"PropertyValueSpecification","valueRequired":true,"valueName":"search_term_string"}}],"inLanguage":"pl-PL"},{"@type":"Organization","@id":"https:\/\/alustage.eu\/pl\/#organization","name":"Alustage","url":"https:\/\/alustage.eu\/pl\/","logo":{"@type":"ImageObject","inLanguage":"pl-PL","@id":"https:\/\/alustage.eu\/pl\/#\/schema\/logo\/image\/","url":"https:\/\/alustage.eu\/wp-content\/uploads\/2026\/01\/alustage_color.svg","contentUrl":"https:\/\/alustage.eu\/wp-content\/uploads\/2026\/01\/alustage_color.svg","caption":"Alustage"},"image":{"@id":"https:\/\/alustage.eu\/pl\/#\/schema\/logo\/image\/"}}]}},"taxonomy_info":{"product_cat":[{"value":1576,"label":"Akcesoria"},{"value":1603,"label":"Akcesoria"},{"value":1602,"label":"Aludeck Event"},{"value":1575,"label":"Podesty sceniczne"}],"pa_fulfillment":[{"value":1778,"label":"12 mm plywood black hexa (100% birch)"}],"pa_maximum-load":[{"value":1810,"label":"60.00 kg"}],"pa_waga":[{"value":1397,"label":"7.49 - 13.57 kg"}]},"featured_image_src_large":false,"author_info":[],"comment_info":0,"_links":{"self":[{"href":"https:\/\/alustage.eu\/pl\/wp-json\/wp\/v2\/product\/16467","targetHints":{"allow":["GET"]}}],"collection":[{"href":"https:\/\/alustage.eu\/pl\/wp-json\/wp\/v2\/product"}],"about":[{"href":"https:\/\/alustage.eu\/pl\/wp-json\/wp\/v2\/types\/product"}],"replies":[{"embeddable":true,"href":"https:\/\/alustage.eu\/pl\/wp-json\/wp\/v2\/comments?post=16467"}],"wp:attachment":[{"href":"https:\/\/alustage.eu\/pl\/wp-json\/wp\/v2\/media?parent=16467"}],"wp:term":[{"taxonomy":"product_brand","embeddable":true,"href":"https:\/\/alustage.eu\/pl\/wp-json\/wp\/v2\/product_brand?post=16467"},{"taxonomy":"product_cat","embeddable":true,"href":"https:\/\/alustage.eu\/pl\/wp-json\/wp\/v2\/product_cat?post=16467"},{"taxonomy":"product_tag","embeddable":true,"href":"https:\/\/alustage.eu\/pl\/wp-json\/wp\/v2\/product_tag?post=16467"}],"curies":[{"name":"wp","href":"https:\/\/api.w.org\/{rel}","templated":true}]}}