{"id":16457,"date":"2026-02-27T07:14:18","date_gmt":"2026-02-27T07:14:18","guid":{"rendered":"https:\/\/alustage.v-stage.pl\/product\/scd-116-klamra-podestu\/"},"modified":"2026-03-11T11:52:52","modified_gmt":"2026-03-11T11:52:52","slug":"scd-116-klamra-podestu","status":"publish","type":"product","link":"https:\/\/alustage.eu\/pl\/produkt\/scd-116-klamra-podestu\/","title":{"rendered":"SCD 116 klamra podestu"},"content":{"rendered":"<p>Niezawodny i solidny \u0142\u0105cznik do Twojej sceny. Ta profesjonalna klamra monta\u017cowa, wa\u017c\u0105ca zaledwie 0,34 kg, gwarantuje stabilne i bezpieczne mocowanie, kt\u00f3rego potrzebujesz. Niezb\u0119dny element ka\u017cdej profesjonalnej scenografii.<\/p>\n","protected":false},"excerpt":{"rendered":"<p>Klamra podestu<\/p>\n","protected":false},"featured_media":0,"comment_status":"closed","ping_status":"open","template":"","meta":{"_acf_changed":false,"inline_featured_image":false,"_kad_blocks_custom_css":"","_kad_blocks_head_custom_js":"","_kad_blocks_body_custom_js":"","_kad_blocks_footer_custom_js":"","_kadence_starter_templates_imported_post":false,"_kad_post_transparent":"","_kad_post_title":"","_kad_post_layout":"","_kad_post_sidebar_id":"","_kad_post_content_style":"","_kad_post_vertical_padding":"","_kad_post_feature":"","_kad_post_feature_position":"","_kad_post_header":false,"_kad_post_footer":false,"_kad_post_classname":""},"product_brand":[],"product_cat":[1576,1602,1577,1604,1575],"product_tag":[],"class_list":{"0":"post-16457","1":"product","2":"type-product","3":"status-publish","5":"product_cat-akcesoria","6":"product_cat-aludeck-event","7":"product_cat-klamry-spinajace-podesty","8":"product_cat-klamry-spinajace-podesty-4","9":"product_cat-scena","10":"pa_fulfillment-12-mm-plywood-black-hexa-100-birch","11":"pa_maximum-load-60-00-kg","12":"pa_waga-0-44-kg","14":"first","15":"instock","16":"product-type-simple","17":"entry","18":"content-bg","19":"loop-entry"},"acf":[],"yoast_head":"<!-- This site is optimized with the Yoast SEO plugin v27.3 - https:\/\/yoast.com\/product\/yoast-seo-wordpress\/ -->\n<title>SCD 116 klamra podestu - Alustage<\/title>\n<meta name=\"robots\" content=\"index, follow, max-snippet:-1, max-image-preview:large, max-video-preview:-1\" \/>\n<link rel=\"canonical\" href=\"https:\/\/alustage.eu\/pl\/produkt\/scd-116-klamra-podestu\/\" \/>\n<meta property=\"og:locale\" content=\"pl_PL\" \/>\n<meta property=\"og:type\" content=\"article\" \/>\n<meta property=\"og:title\" content=\"SCD 116 klamra podestu - Alustage\" \/>\n<meta property=\"og:description\" content=\"Klamra podestu\" \/>\n<meta property=\"og:url\" content=\"https:\/\/alustage.eu\/pl\/produkt\/scd-116-klamra-podestu\/\" \/>\n<meta property=\"og:site_name\" content=\"Alustage\" \/>\n<meta property=\"article:modified_time\" content=\"2026-03-11T11:52:52+00:00\" \/>\n<meta name=\"twitter:card\" content=\"summary_large_image\" \/>\n<script type=\"application\/ld+json\" class=\"yoast-schema-graph\">{\"@context\":\"https:\\\/\\\/schema.org\",\"@graph\":[{\"@type\":\"WebPage\",\"@id\":\"https:\\\/\\\/alustage.eu\\\/pl\\\/produkt\\\/scd-116-klamra-podestu\\\/\",\"url\":\"https:\\\/\\\/alustage.eu\\\/pl\\\/produkt\\\/scd-116-klamra-podestu\\\/\",\"name\":\"SCD 116 klamra podestu - Alustage\",\"isPartOf\":{\"@id\":\"https:\\\/\\\/alustage.eu\\\/pl\\\/#website\"},\"datePublished\":\"2026-02-27T07:14:18+00:00\",\"dateModified\":\"2026-03-11T11:52:52+00:00\",\"breadcrumb\":{\"@id\":\"https:\\\/\\\/alustage.eu\\\/pl\\\/produkt\\\/scd-116-klamra-podestu\\\/#breadcrumb\"},\"inLanguage\":\"pl-PL\",\"potentialAction\":[{\"@type\":\"ReadAction\",\"target\":[\"https:\\\/\\\/alustage.eu\\\/pl\\\/produkt\\\/scd-116-klamra-podestu\\\/\"]}]},{\"@type\":\"BreadcrumbList\",\"@id\":\"https:\\\/\\\/alustage.eu\\\/pl\\\/produkt\\\/scd-116-klamra-podestu\\\/#breadcrumb\",\"itemListElement\":[{\"@type\":\"ListItem\",\"position\":1,\"name\":\"Strona g\u0142\u00f3wna\",\"item\":\"https:\\\/\\\/alustage.eu\\\/pl\\\/strona-glowna\\\/\"},{\"@type\":\"ListItem\",\"position\":2,\"name\":\"Produkty\",\"item\":\"https:\\\/\\\/alustage.eu\\\/pl\\\/produkty\\\/\"},{\"@type\":\"ListItem\",\"position\":3,\"name\":\"Podesty sceniczne\",\"item\":\"https:\\\/\\\/alustage.eu\\\/pl\\\/kategoria-produktu\\\/scena\\\/\"},{\"@type\":\"ListItem\",\"position\":4,\"name\":\"Aludeck Event\",\"item\":\"https:\\\/\\\/alustage.eu\\\/pl\\\/kategoria-produktu\\\/scena\\\/aludeck-event\\\/\"},{\"@type\":\"ListItem\",\"position\":5,\"name\":\"Klamry Spinaj\u0105ce Podesty\",\"item\":\"https:\\\/\\\/alustage.eu\\\/pl\\\/kategoria-produktu\\\/scena\\\/aludeck-event\\\/klamry-spinajace-podesty-4\\\/\"},{\"@type\":\"ListItem\",\"position\":6,\"name\":\"SCD 116 klamra podestu\"}]},{\"@type\":\"WebSite\",\"@id\":\"https:\\\/\\\/alustage.eu\\\/pl\\\/#website\",\"url\":\"https:\\\/\\\/alustage.eu\\\/pl\\\/\",\"name\":\"Alustage\",\"description\":\"\",\"publisher\":{\"@id\":\"https:\\\/\\\/alustage.eu\\\/pl\\\/#organization\"},\"potentialAction\":[{\"@type\":\"SearchAction\",\"target\":{\"@type\":\"EntryPoint\",\"urlTemplate\":\"https:\\\/\\\/alustage.eu\\\/pl\\\/?s={search_term_string}\"},\"query-input\":{\"@type\":\"PropertyValueSpecification\",\"valueRequired\":true,\"valueName\":\"search_term_string\"}}],\"inLanguage\":\"pl-PL\"},{\"@type\":\"Organization\",\"@id\":\"https:\\\/\\\/alustage.eu\\\/pl\\\/#organization\",\"name\":\"Alustage\",\"url\":\"https:\\\/\\\/alustage.eu\\\/pl\\\/\",\"logo\":{\"@type\":\"ImageObject\",\"inLanguage\":\"pl-PL\",\"@id\":\"https:\\\/\\\/alustage.eu\\\/pl\\\/#\\\/schema\\\/logo\\\/image\\\/\",\"url\":\"https:\\\/\\\/alustage.eu\\\/wp-content\\\/uploads\\\/2026\\\/01\\\/alustage_color.svg\",\"contentUrl\":\"https:\\\/\\\/alustage.eu\\\/wp-content\\\/uploads\\\/2026\\\/01\\\/alustage_color.svg\",\"caption\":\"Alustage\"},\"image\":{\"@id\":\"https:\\\/\\\/alustage.eu\\\/pl\\\/#\\\/schema\\\/logo\\\/image\\\/\"}}]}<\/script>\n<!-- \/ Yoast SEO plugin. -->","yoast_head_json":{"title":"SCD 116 klamra podestu - Alustage","robots":{"index":"index","follow":"follow","max-snippet":"max-snippet:-1","max-image-preview":"max-image-preview:large","max-video-preview":"max-video-preview:-1"},"canonical":"https:\/\/alustage.eu\/pl\/produkt\/scd-116-klamra-podestu\/","og_locale":"pl_PL","og_type":"article","og_title":"SCD 116 klamra podestu - Alustage","og_description":"Klamra podestu","og_url":"https:\/\/alustage.eu\/pl\/produkt\/scd-116-klamra-podestu\/","og_site_name":"Alustage","article_modified_time":"2026-03-11T11:52:52+00:00","twitter_card":"summary_large_image","schema":{"@context":"https:\/\/schema.org","@graph":[{"@type":"WebPage","@id":"https:\/\/alustage.eu\/pl\/produkt\/scd-116-klamra-podestu\/","url":"https:\/\/alustage.eu\/pl\/produkt\/scd-116-klamra-podestu\/","name":"SCD 116 klamra podestu - Alustage","isPartOf":{"@id":"https:\/\/alustage.eu\/pl\/#website"},"datePublished":"2026-02-27T07:14:18+00:00","dateModified":"2026-03-11T11:52:52+00:00","breadcrumb":{"@id":"https:\/\/alustage.eu\/pl\/produkt\/scd-116-klamra-podestu\/#breadcrumb"},"inLanguage":"pl-PL","potentialAction":[{"@type":"ReadAction","target":["https:\/\/alustage.eu\/pl\/produkt\/scd-116-klamra-podestu\/"]}]},{"@type":"BreadcrumbList","@id":"https:\/\/alustage.eu\/pl\/produkt\/scd-116-klamra-podestu\/#breadcrumb","itemListElement":[{"@type":"ListItem","position":1,"name":"Strona g\u0142\u00f3wna","item":"https:\/\/alustage.eu\/pl\/strona-glowna\/"},{"@type":"ListItem","position":2,"name":"Produkty","item":"https:\/\/alustage.eu\/pl\/produkty\/"},{"@type":"ListItem","position":3,"name":"Podesty sceniczne","item":"https:\/\/alustage.eu\/pl\/kategoria-produktu\/scena\/"},{"@type":"ListItem","position":4,"name":"Aludeck Event","item":"https:\/\/alustage.eu\/pl\/kategoria-produktu\/scena\/aludeck-event\/"},{"@type":"ListItem","position":5,"name":"Klamry Spinaj\u0105ce Podesty","item":"https:\/\/alustage.eu\/pl\/kategoria-produktu\/scena\/aludeck-event\/klamry-spinajace-podesty-4\/"},{"@type":"ListItem","position":6,"name":"SCD 116 klamra podestu"}]},{"@type":"WebSite","@id":"https:\/\/alustage.eu\/pl\/#website","url":"https:\/\/alustage.eu\/pl\/","name":"Alustage","description":"","publisher":{"@id":"https:\/\/alustage.eu\/pl\/#organization"},"potentialAction":[{"@type":"SearchAction","target":{"@type":"EntryPoint","urlTemplate":"https:\/\/alustage.eu\/pl\/?s={search_term_string}"},"query-input":{"@type":"PropertyValueSpecification","valueRequired":true,"valueName":"search_term_string"}}],"inLanguage":"pl-PL"},{"@type":"Organization","@id":"https:\/\/alustage.eu\/pl\/#organization","name":"Alustage","url":"https:\/\/alustage.eu\/pl\/","logo":{"@type":"ImageObject","inLanguage":"pl-PL","@id":"https:\/\/alustage.eu\/pl\/#\/schema\/logo\/image\/","url":"https:\/\/alustage.eu\/wp-content\/uploads\/2026\/01\/alustage_color.svg","contentUrl":"https:\/\/alustage.eu\/wp-content\/uploads\/2026\/01\/alustage_color.svg","caption":"Alustage"},"image":{"@id":"https:\/\/alustage.eu\/pl\/#\/schema\/logo\/image\/"}}]}},"taxonomy_info":{"product_cat":[{"value":1576,"label":"Akcesoria"},{"value":1602,"label":"Aludeck Event"},{"value":1577,"label":"Klamry Spinaj\u0105ce Podesty"},{"value":1604,"label":"Klamry Spinaj\u0105ce Podesty"},{"value":1575,"label":"Podesty sceniczne"}],"pa_fulfillment":[{"value":1778,"label":"12 mm plywood black hexa (100% birch)"}],"pa_maximum-load":[{"value":1810,"label":"60.00 kg"}],"pa_waga":[{"value":985,"label":"0.44 kg"}]},"featured_image_src_large":false,"author_info":[],"comment_info":0,"_links":{"self":[{"href":"https:\/\/alustage.eu\/pl\/wp-json\/wp\/v2\/product\/16457","targetHints":{"allow":["GET"]}}],"collection":[{"href":"https:\/\/alustage.eu\/pl\/wp-json\/wp\/v2\/product"}],"about":[{"href":"https:\/\/alustage.eu\/pl\/wp-json\/wp\/v2\/types\/product"}],"replies":[{"embeddable":true,"href":"https:\/\/alustage.eu\/pl\/wp-json\/wp\/v2\/comments?post=16457"}],"wp:attachment":[{"href":"https:\/\/alustage.eu\/pl\/wp-json\/wp\/v2\/media?parent=16457"}],"wp:term":[{"taxonomy":"product_brand","embeddable":true,"href":"https:\/\/alustage.eu\/pl\/wp-json\/wp\/v2\/product_brand?post=16457"},{"taxonomy":"product_cat","embeddable":true,"href":"https:\/\/alustage.eu\/pl\/wp-json\/wp\/v2\/product_cat?post=16457"},{"taxonomy":"product_tag","embeddable":true,"href":"https:\/\/alustage.eu\/pl\/wp-json\/wp\/v2\/product_tag?post=16457"}],"curies":[{"name":"wp","href":"https:\/\/api.w.org\/{rel}","templated":true}]}}