{"id":16430,"date":"2026-02-27T07:18:03","date_gmt":"2026-02-27T07:18:03","guid":{"rendered":"https:\/\/alustage.v-stage.pl\/product\/aludeck-ultra\/"},"modified":"2026-04-27T21:17:33","modified_gmt":"2026-04-27T21:17:33","slug":"aludeck-ultra","status":"publish","type":"product","link":"https:\/\/alustage.eu\/pl\/produkt\/aludeck-ultra\/","title":{"rendered":"Aludeck Ultra"},"content":{"rendered":"<p>Aludeck Ultra SCA20 to lekka i modu\u0142owa platforma sceniczna, przeznaczona wy\u0142\u0105cznie do n\u00f3g okr\u0105g\u0142ych. Waga platformy wynosi 36,83 kg, a zastosowanie pojedynczej belki wzd\u0142u\u017cnej oraz specjalnie zaprojektowanego profilu zapewnia pe\u0142n\u0105 stabilno\u015b\u0107 konstrukcji.<br \/>Platforma doskonale sprawdza si\u0119 w r\u00f3\u017cnorodnych zastosowaniach, takich jak sceny, wybiegi modowe, trybuny czy podesty konferencyjne. Dost\u0119pna jest w czterech wymiarach: 2,0 \u00d7 1,0 m, 2,0 \u00d7 0,5 m, 1,0 \u00d7 1,0 m oraz 1,0 \u00d7 0,5 m. Lekka konstrukcja aluminiowa umo\u017cliwia \u0142atwe \u0142\u0105czenie platform w dowolne konfiguracje.<br \/>Powierzchnia robocza wykonana jest z 15 mm wodoodpornej sklejki brzozowej, pokrytej antypo\u015blizgow\u0105 warstw\u0105 typu black hexa. Na \u017cyczenie klienta dost\u0119pna jest r\u00f3wnie\u017c wersja z powierzchni\u0105 drewnian\u0105, malowan\u0105 na czarno.<br \/>Platforma mo\u017ce by\u0107 wyposa\u017cona w teleskopowe nogi okr\u0105g\u0142e z gumowymi stopkami, umo\u017cliwiaj\u0105ce precyzyjn\u0105 regulacj\u0119 wysoko\u015bci. Produkt nadaje si\u0119 do zastosowa\u0144 zar\u00f3wno wewn\u0119trznych, jak i zewn\u0119trznych.<br \/>No\u015bno\u015b\u0107 platformy wynosi 750 kg\/m\u00b2.         <\/p>\n","protected":false},"excerpt":{"rendered":"<p>SCA 20<\/p>\n","protected":false},"featured_media":16829,"comment_status":"closed","ping_status":"closed","template":"","meta":{"_acf_changed":false,"inline_featured_image":false,"_kad_blocks_custom_css":"","_kad_blocks_head_custom_js":"","_kad_blocks_body_custom_js":"","_kad_blocks_footer_custom_js":"","_kadence_starter_templates_imported_post":false,"_kad_post_transparent":"","_kad_post_title":"","_kad_post_layout":"","_kad_post_sidebar_id":"","_kad_post_content_style":"","_kad_post_vertical_padding":"","_kad_post_feature":"","_kad_post_feature_position":"","_kad_post_header":false,"_kad_post_footer":false,"_kad_post_classname":""},"product_brand":[],"product_cat":[1650,1575],"product_tag":[],"class_list":{"0":"post-16430","1":"product","2":"type-product","3":"status-publish","4":"has-post-thumbnail","6":"product_cat-aludeck-ultra","7":"product_cat-scena","8":"pa_fulfillment-15-mm-plywood-black-hexa-100-birch","9":"pa_maximum-load-750kg-m2","11":"first","12":"instock","13":"product-type-simple","14":"entry","15":"content-bg","16":"loop-entry"},"acf":[],"yoast_head":"<!-- This site is optimized with the Yoast SEO plugin v27.3 - https:\/\/yoast.com\/product\/yoast-seo-wordpress\/ -->\n<title>Aludeck Ultra - Alustage<\/title>\n<meta name=\"robots\" content=\"index, follow, max-snippet:-1, max-image-preview:large, max-video-preview:-1\" \/>\n<link rel=\"canonical\" href=\"https:\/\/alustage.eu\/pl\/produkt\/aludeck-ultra\/\" \/>\n<meta property=\"og:locale\" content=\"pl_PL\" \/>\n<meta property=\"og:type\" content=\"article\" \/>\n<meta property=\"og:title\" content=\"Aludeck Ultra - Alustage\" \/>\n<meta property=\"og:description\" content=\"SCA 20\" \/>\n<meta property=\"og:url\" content=\"https:\/\/alustage.eu\/pl\/produkt\/aludeck-ultra\/\" \/>\n<meta property=\"og:site_name\" content=\"Alustage\" \/>\n<meta property=\"article:modified_time\" content=\"2026-04-27T21:17:33+00:00\" \/>\n<meta property=\"og:image\" content=\"https:\/\/alustage.eu\/wp-content\/uploads\/2026\/02\/SCA20-1-scaled.jpg\" \/>\n\t<meta property=\"og:image:width\" content=\"2560\" \/>\n\t<meta property=\"og:image:height\" content=\"2560\" \/>\n\t<meta property=\"og:image:type\" content=\"image\/jpeg\" \/>\n<meta name=\"twitter:card\" content=\"summary_large_image\" \/>\n<meta name=\"twitter:label1\" content=\"Szacowany czas czytania\" \/>\n\t<meta name=\"twitter:data1\" content=\"1 minuta\" \/>\n<script type=\"application\/ld+json\" class=\"yoast-schema-graph\">{\"@context\":\"https:\\\/\\\/schema.org\",\"@graph\":[{\"@type\":\"WebPage\",\"@id\":\"https:\\\/\\\/alustage.eu\\\/pl\\\/produkt\\\/aludeck-ultra\\\/\",\"url\":\"https:\\\/\\\/alustage.eu\\\/pl\\\/produkt\\\/aludeck-ultra\\\/\",\"name\":\"Aludeck Ultra - Alustage\",\"isPartOf\":{\"@id\":\"https:\\\/\\\/alustage.eu\\\/pl\\\/#website\"},\"primaryImageOfPage\":{\"@id\":\"https:\\\/\\\/alustage.eu\\\/pl\\\/produkt\\\/aludeck-ultra\\\/#primaryimage\"},\"image\":{\"@id\":\"https:\\\/\\\/alustage.eu\\\/pl\\\/produkt\\\/aludeck-ultra\\\/#primaryimage\"},\"thumbnailUrl\":\"https:\\\/\\\/alustage.eu\\\/wp-content\\\/uploads\\\/2026\\\/02\\\/SCA20-1-scaled.jpg\",\"datePublished\":\"2026-02-27T07:18:03+00:00\",\"dateModified\":\"2026-04-27T21:17:33+00:00\",\"breadcrumb\":{\"@id\":\"https:\\\/\\\/alustage.eu\\\/pl\\\/produkt\\\/aludeck-ultra\\\/#breadcrumb\"},\"inLanguage\":\"pl-PL\",\"potentialAction\":[{\"@type\":\"ReadAction\",\"target\":[\"https:\\\/\\\/alustage.eu\\\/pl\\\/produkt\\\/aludeck-ultra\\\/\"]}]},{\"@type\":\"ImageObject\",\"inLanguage\":\"pl-PL\",\"@id\":\"https:\\\/\\\/alustage.eu\\\/pl\\\/produkt\\\/aludeck-ultra\\\/#primaryimage\",\"url\":\"https:\\\/\\\/alustage.eu\\\/wp-content\\\/uploads\\\/2026\\\/02\\\/SCA20-1-scaled.jpg\",\"contentUrl\":\"https:\\\/\\\/alustage.eu\\\/wp-content\\\/uploads\\\/2026\\\/02\\\/SCA20-1-scaled.jpg\",\"width\":2560,\"height\":2560},{\"@type\":\"BreadcrumbList\",\"@id\":\"https:\\\/\\\/alustage.eu\\\/pl\\\/produkt\\\/aludeck-ultra\\\/#breadcrumb\",\"itemListElement\":[{\"@type\":\"ListItem\",\"position\":1,\"name\":\"Strona g\u0142\u00f3wna\",\"item\":\"https:\\\/\\\/alustage.eu\\\/pl\\\/strona-glowna\\\/\"},{\"@type\":\"ListItem\",\"position\":2,\"name\":\"Produkty\",\"item\":\"https:\\\/\\\/alustage.eu\\\/pl\\\/produkty\\\/\"},{\"@type\":\"ListItem\",\"position\":3,\"name\":\"Podesty sceniczne\",\"item\":\"https:\\\/\\\/alustage.eu\\\/pl\\\/kategoria-produktu\\\/scena\\\/\"},{\"@type\":\"ListItem\",\"position\":4,\"name\":\"Aludeck Ultra\",\"item\":\"https:\\\/\\\/alustage.eu\\\/pl\\\/kategoria-produktu\\\/scena\\\/aludeck-ultra\\\/\"},{\"@type\":\"ListItem\",\"position\":5,\"name\":\"Aludeck Ultra\"}]},{\"@type\":\"WebSite\",\"@id\":\"https:\\\/\\\/alustage.eu\\\/pl\\\/#website\",\"url\":\"https:\\\/\\\/alustage.eu\\\/pl\\\/\",\"name\":\"Alustage\",\"description\":\"\",\"publisher\":{\"@id\":\"https:\\\/\\\/alustage.eu\\\/pl\\\/#organization\"},\"potentialAction\":[{\"@type\":\"SearchAction\",\"target\":{\"@type\":\"EntryPoint\",\"urlTemplate\":\"https:\\\/\\\/alustage.eu\\\/pl\\\/?s={search_term_string}\"},\"query-input\":{\"@type\":\"PropertyValueSpecification\",\"valueRequired\":true,\"valueName\":\"search_term_string\"}}],\"inLanguage\":\"pl-PL\"},{\"@type\":\"Organization\",\"@id\":\"https:\\\/\\\/alustage.eu\\\/pl\\\/#organization\",\"name\":\"Alustage\",\"url\":\"https:\\\/\\\/alustage.eu\\\/pl\\\/\",\"logo\":{\"@type\":\"ImageObject\",\"inLanguage\":\"pl-PL\",\"@id\":\"https:\\\/\\\/alustage.eu\\\/pl\\\/#\\\/schema\\\/logo\\\/image\\\/\",\"url\":\"https:\\\/\\\/alustage.eu\\\/wp-content\\\/uploads\\\/2026\\\/01\\\/alustage_color.svg\",\"contentUrl\":\"https:\\\/\\\/alustage.eu\\\/wp-content\\\/uploads\\\/2026\\\/01\\\/alustage_color.svg\",\"caption\":\"Alustage\"},\"image\":{\"@id\":\"https:\\\/\\\/alustage.eu\\\/pl\\\/#\\\/schema\\\/logo\\\/image\\\/\"}}]}<\/script>\n<!-- \/ Yoast SEO plugin. -->","yoast_head_json":{"title":"Aludeck Ultra - Alustage","robots":{"index":"index","follow":"follow","max-snippet":"max-snippet:-1","max-image-preview":"max-image-preview:large","max-video-preview":"max-video-preview:-1"},"canonical":"https:\/\/alustage.eu\/pl\/produkt\/aludeck-ultra\/","og_locale":"pl_PL","og_type":"article","og_title":"Aludeck Ultra - Alustage","og_description":"SCA 20","og_url":"https:\/\/alustage.eu\/pl\/produkt\/aludeck-ultra\/","og_site_name":"Alustage","article_modified_time":"2026-04-27T21:17:33+00:00","og_image":[{"width":2560,"height":2560,"url":"https:\/\/alustage.eu\/wp-content\/uploads\/2026\/02\/SCA20-1-scaled.jpg","type":"image\/jpeg"}],"twitter_card":"summary_large_image","twitter_misc":{"Szacowany czas czytania":"1 minuta"},"schema":{"@context":"https:\/\/schema.org","@graph":[{"@type":"WebPage","@id":"https:\/\/alustage.eu\/pl\/produkt\/aludeck-ultra\/","url":"https:\/\/alustage.eu\/pl\/produkt\/aludeck-ultra\/","name":"Aludeck Ultra - Alustage","isPartOf":{"@id":"https:\/\/alustage.eu\/pl\/#website"},"primaryImageOfPage":{"@id":"https:\/\/alustage.eu\/pl\/produkt\/aludeck-ultra\/#primaryimage"},"image":{"@id":"https:\/\/alustage.eu\/pl\/produkt\/aludeck-ultra\/#primaryimage"},"thumbnailUrl":"https:\/\/alustage.eu\/wp-content\/uploads\/2026\/02\/SCA20-1-scaled.jpg","datePublished":"2026-02-27T07:18:03+00:00","dateModified":"2026-04-27T21:17:33+00:00","breadcrumb":{"@id":"https:\/\/alustage.eu\/pl\/produkt\/aludeck-ultra\/#breadcrumb"},"inLanguage":"pl-PL","potentialAction":[{"@type":"ReadAction","target":["https:\/\/alustage.eu\/pl\/produkt\/aludeck-ultra\/"]}]},{"@type":"ImageObject","inLanguage":"pl-PL","@id":"https:\/\/alustage.eu\/pl\/produkt\/aludeck-ultra\/#primaryimage","url":"https:\/\/alustage.eu\/wp-content\/uploads\/2026\/02\/SCA20-1-scaled.jpg","contentUrl":"https:\/\/alustage.eu\/wp-content\/uploads\/2026\/02\/SCA20-1-scaled.jpg","width":2560,"height":2560},{"@type":"BreadcrumbList","@id":"https:\/\/alustage.eu\/pl\/produkt\/aludeck-ultra\/#breadcrumb","itemListElement":[{"@type":"ListItem","position":1,"name":"Strona g\u0142\u00f3wna","item":"https:\/\/alustage.eu\/pl\/strona-glowna\/"},{"@type":"ListItem","position":2,"name":"Produkty","item":"https:\/\/alustage.eu\/pl\/produkty\/"},{"@type":"ListItem","position":3,"name":"Podesty sceniczne","item":"https:\/\/alustage.eu\/pl\/kategoria-produktu\/scena\/"},{"@type":"ListItem","position":4,"name":"Aludeck Ultra","item":"https:\/\/alustage.eu\/pl\/kategoria-produktu\/scena\/aludeck-ultra\/"},{"@type":"ListItem","position":5,"name":"Aludeck Ultra"}]},{"@type":"WebSite","@id":"https:\/\/alustage.eu\/pl\/#website","url":"https:\/\/alustage.eu\/pl\/","name":"Alustage","description":"","publisher":{"@id":"https:\/\/alustage.eu\/pl\/#organization"},"potentialAction":[{"@type":"SearchAction","target":{"@type":"EntryPoint","urlTemplate":"https:\/\/alustage.eu\/pl\/?s={search_term_string}"},"query-input":{"@type":"PropertyValueSpecification","valueRequired":true,"valueName":"search_term_string"}}],"inLanguage":"pl-PL"},{"@type":"Organization","@id":"https:\/\/alustage.eu\/pl\/#organization","name":"Alustage","url":"https:\/\/alustage.eu\/pl\/","logo":{"@type":"ImageObject","inLanguage":"pl-PL","@id":"https:\/\/alustage.eu\/pl\/#\/schema\/logo\/image\/","url":"https:\/\/alustage.eu\/wp-content\/uploads\/2026\/01\/alustage_color.svg","contentUrl":"https:\/\/alustage.eu\/wp-content\/uploads\/2026\/01\/alustage_color.svg","caption":"Alustage"},"image":{"@id":"https:\/\/alustage.eu\/pl\/#\/schema\/logo\/image\/"}}]}},"taxonomy_info":{"product_cat":[{"value":1650,"label":"Aludeck Ultra"},{"value":1575,"label":"Podesty sceniczne"}],"pa_fulfillment":[{"value":1779,"label":"15 mm plywood black hexa (100% birch)"}],"pa_maximum-load":[{"value":1811,"label":"750kg\/m2"}]},"featured_image_src_large":["https:\/\/alustage.eu\/wp-content\/uploads\/2026\/02\/SCA20-1-1024x1024.jpg",1024,1024,true],"author_info":[],"comment_info":0,"_links":{"self":[{"href":"https:\/\/alustage.eu\/pl\/wp-json\/wp\/v2\/product\/16430","targetHints":{"allow":["GET"]}}],"collection":[{"href":"https:\/\/alustage.eu\/pl\/wp-json\/wp\/v2\/product"}],"about":[{"href":"https:\/\/alustage.eu\/pl\/wp-json\/wp\/v2\/types\/product"}],"replies":[{"embeddable":true,"href":"https:\/\/alustage.eu\/pl\/wp-json\/wp\/v2\/comments?post=16430"}],"wp:featuredmedia":[{"embeddable":true,"href":"https:\/\/alustage.eu\/pl\/wp-json\/wp\/v2\/media\/16829"}],"wp:attachment":[{"href":"https:\/\/alustage.eu\/pl\/wp-json\/wp\/v2\/media?parent=16430"}],"wp:term":[{"taxonomy":"product_brand","embeddable":true,"href":"https:\/\/alustage.eu\/pl\/wp-json\/wp\/v2\/product_brand?post=16430"},{"taxonomy":"product_cat","embeddable":true,"href":"https:\/\/alustage.eu\/pl\/wp-json\/wp\/v2\/product_cat?post=16430"},{"taxonomy":"product_tag","embeddable":true,"href":"https:\/\/alustage.eu\/pl\/wp-json\/wp\/v2\/product_tag?post=16430"}],"curies":[{"name":"wp","href":"https:\/\/api.w.org\/{rel}","templated":true}]}}