{"id":16423,"date":"2026-02-27T07:18:47","date_gmt":"2026-02-27T07:18:47","guid":{"rendered":"https:\/\/alustage.v-stage.pl\/product\/aludeck-spider\/"},"modified":"2026-04-17T21:12:13","modified_gmt":"2026-04-17T21:12:13","slug":"aludeck-spider","status":"publish","type":"product","link":"https:\/\/alustage.eu\/pl\/produkt\/aludeck-spider\/","title":{"rendered":"Aludeck Spider"},"content":{"rendered":"<p>Przedstawiamy Aludeck Spider \u2013 Twoje rozwi\u0105zanie na elastyczne potrzeby sceniczne. Zaprojektowane z my\u015bl\u0105 o szybkim, \u0142atwym monta\u017cu i maksymalnej trwa\u0142o\u015bci: Kompaktowe, sk\u0142adane nogi podestu u\u0142atwiaj\u0105ce przechowywanie. Lekkie aluminium i sklejka. Idealne do miejsc o ograniczonej przestrzeni. Sprawdzone w sektorze edukacyjnym i nie tylko! Najwa\u017cniejsze cechy: Dost\u0119pne rozmiary: 1 x 1 m i 2 x 1 m, Wysoko\u015b\u0107 n\u00f3g podestu: 20 cm, 40 cm i 60 cm, Kolory: czarny i naturalny aluminium. System Aludeck Spider zosta\u0142 zaprojektowany z my\u015bl\u0105 o przeno\u015bno\u015bci i wydajno\u015bci. Idealnie sprawdzi si\u0119 w: uniwersytetach i szko\u0142ach, instytucjach rz\u0105dowych, domach kultury i o\u015brodkach religijnych, hotelach i o\u015brodkach wypoczynkowych, organizacjach wojskowych i wielu innych miejscach! Niezale\u017cnie od tego, czy organizujesz wyk\u0142ad, wyst\u0119p czy wydarzenie, Aludeck Spider to prosty, niedrogi i niezwykle przeno\u015bny system sceniczny, kt\u00f3ry dostosuje si\u0119 do Twoich potrzeb.<\/p>\n","protected":false},"excerpt":{"rendered":"<p>Aludeck spider<\/p>\n","protected":false},"featured_media":16791,"comment_status":"closed","ping_status":"closed","template":"","meta":{"_acf_changed":false,"inline_featured_image":false,"_kad_blocks_custom_css":"","_kad_blocks_head_custom_js":"","_kad_blocks_body_custom_js":"","_kad_blocks_footer_custom_js":"","_kadence_starter_templates_imported_post":false,"_kad_post_transparent":"default","_kad_post_title":"","_kad_post_layout":"default","_kad_post_sidebar_id":"","_kad_post_content_style":"default","_kad_post_vertical_padding":"default","_kad_post_feature":"","_kad_post_feature_position":"","_kad_post_header":false,"_kad_post_footer":false,"_kad_post_classname":""},"product_brand":[],"product_cat":[1640,1575],"product_tag":[],"class_list":{"0":"post-16423","1":"product","2":"type-product","3":"status-publish","4":"has-post-thumbnail","6":"product_cat-aludeck-spider","7":"product_cat-scena","8":"pa_fulfillment-12-mm-plywood-black-hexa-100-birch","9":"pa_maksymalne-obciazenie-500kg-m2","10":"pa_maximum-load-500kg-m2","11":"pa_waga-1x1m-12kg-and-2x1m-22kg","12":"pa_wypelnienie-sklejka-12-mm-czarna-hexa-100-brzoza","14":"first","15":"instock","16":"product-type-simple","17":"entry","18":"content-bg","19":"loop-entry"},"acf":[],"yoast_head":"<!-- This site is optimized with the Yoast SEO plugin v27.3 - https:\/\/yoast.com\/product\/yoast-seo-wordpress\/ -->\n<title>Aludeck Spider - Alustage<\/title>\n<meta name=\"robots\" content=\"index, follow, max-snippet:-1, max-image-preview:large, max-video-preview:-1\" \/>\n<link rel=\"canonical\" href=\"https:\/\/alustage.eu\/pl\/produkt\/aludeck-spider\/\" \/>\n<meta property=\"og:locale\" content=\"pl_PL\" \/>\n<meta property=\"og:type\" content=\"article\" \/>\n<meta property=\"og:title\" content=\"Aludeck Spider - Alustage\" \/>\n<meta property=\"og:description\" content=\"Aludeck spider\" \/>\n<meta property=\"og:url\" content=\"https:\/\/alustage.eu\/pl\/produkt\/aludeck-spider\/\" \/>\n<meta property=\"og:site_name\" content=\"Alustage\" \/>\n<meta property=\"article:modified_time\" content=\"2026-04-17T21:12:13+00:00\" \/>\n<meta property=\"og:image\" content=\"https:\/\/alustage.eu\/wp-content\/uploads\/2026\/04\/sca-05-black-panther-2x1-2.jpg\" \/>\n\t<meta property=\"og:image:width\" content=\"458\" \/>\n\t<meta property=\"og:image:height\" content=\"458\" \/>\n\t<meta property=\"og:image:type\" content=\"image\/jpeg\" \/>\n<meta name=\"twitter:card\" content=\"summary_large_image\" \/>\n<meta name=\"twitter:label1\" content=\"Szacowany czas czytania\" \/>\n\t<meta name=\"twitter:data1\" content=\"1 minuta\" \/>\n<script type=\"application\/ld+json\" class=\"yoast-schema-graph\">{\"@context\":\"https:\\\/\\\/schema.org\",\"@graph\":[{\"@type\":\"WebPage\",\"@id\":\"https:\\\/\\\/alustage.eu\\\/pl\\\/produkt\\\/aludeck-spider\\\/\",\"url\":\"https:\\\/\\\/alustage.eu\\\/pl\\\/produkt\\\/aludeck-spider\\\/\",\"name\":\"Aludeck Spider - Alustage\",\"isPartOf\":{\"@id\":\"https:\\\/\\\/alustage.eu\\\/pl\\\/#website\"},\"primaryImageOfPage\":{\"@id\":\"https:\\\/\\\/alustage.eu\\\/pl\\\/produkt\\\/aludeck-spider\\\/#primaryimage\"},\"image\":{\"@id\":\"https:\\\/\\\/alustage.eu\\\/pl\\\/produkt\\\/aludeck-spider\\\/#primaryimage\"},\"thumbnailUrl\":\"https:\\\/\\\/alustage.eu\\\/wp-content\\\/uploads\\\/2026\\\/04\\\/sca-05-black-panther-2x1-2.jpg\",\"datePublished\":\"2026-02-27T07:18:47+00:00\",\"dateModified\":\"2026-04-17T21:12:13+00:00\",\"breadcrumb\":{\"@id\":\"https:\\\/\\\/alustage.eu\\\/pl\\\/produkt\\\/aludeck-spider\\\/#breadcrumb\"},\"inLanguage\":\"pl-PL\",\"potentialAction\":[{\"@type\":\"ReadAction\",\"target\":[\"https:\\\/\\\/alustage.eu\\\/pl\\\/produkt\\\/aludeck-spider\\\/\"]}]},{\"@type\":\"ImageObject\",\"inLanguage\":\"pl-PL\",\"@id\":\"https:\\\/\\\/alustage.eu\\\/pl\\\/produkt\\\/aludeck-spider\\\/#primaryimage\",\"url\":\"https:\\\/\\\/alustage.eu\\\/wp-content\\\/uploads\\\/2026\\\/04\\\/sca-05-black-panther-2x1-2.jpg\",\"contentUrl\":\"https:\\\/\\\/alustage.eu\\\/wp-content\\\/uploads\\\/2026\\\/04\\\/sca-05-black-panther-2x1-2.jpg\",\"width\":458,\"height\":458},{\"@type\":\"BreadcrumbList\",\"@id\":\"https:\\\/\\\/alustage.eu\\\/pl\\\/produkt\\\/aludeck-spider\\\/#breadcrumb\",\"itemListElement\":[{\"@type\":\"ListItem\",\"position\":1,\"name\":\"Strona g\u0142\u00f3wna\",\"item\":\"https:\\\/\\\/alustage.eu\\\/pl\\\/\"},{\"@type\":\"ListItem\",\"position\":2,\"name\":\"Produkty\",\"item\":\"https:\\\/\\\/alustage.eu\\\/pl\\\/produkty\\\/\"},{\"@type\":\"ListItem\",\"position\":3,\"name\":\"Scena\",\"item\":\"https:\\\/\\\/alustage.eu\\\/pl\\\/kategoria-produktu\\\/scena\\\/\"},{\"@type\":\"ListItem\",\"position\":4,\"name\":\"Aludeck Spider\"}]},{\"@type\":\"WebSite\",\"@id\":\"https:\\\/\\\/alustage.eu\\\/pl\\\/#website\",\"url\":\"https:\\\/\\\/alustage.eu\\\/pl\\\/\",\"name\":\"Alustage\",\"description\":\"\",\"publisher\":{\"@id\":\"https:\\\/\\\/alustage.eu\\\/pl\\\/#organization\"},\"potentialAction\":[{\"@type\":\"SearchAction\",\"target\":{\"@type\":\"EntryPoint\",\"urlTemplate\":\"https:\\\/\\\/alustage.eu\\\/pl\\\/?s={search_term_string}\"},\"query-input\":{\"@type\":\"PropertyValueSpecification\",\"valueRequired\":true,\"valueName\":\"search_term_string\"}}],\"inLanguage\":\"pl-PL\"},{\"@type\":\"Organization\",\"@id\":\"https:\\\/\\\/alustage.eu\\\/pl\\\/#organization\",\"name\":\"Alustage\",\"url\":\"https:\\\/\\\/alustage.eu\\\/pl\\\/\",\"logo\":{\"@type\":\"ImageObject\",\"inLanguage\":\"pl-PL\",\"@id\":\"https:\\\/\\\/alustage.eu\\\/pl\\\/#\\\/schema\\\/logo\\\/image\\\/\",\"url\":\"https:\\\/\\\/alustage.eu\\\/wp-content\\\/uploads\\\/2026\\\/01\\\/alustage_color.svg\",\"contentUrl\":\"https:\\\/\\\/alustage.eu\\\/wp-content\\\/uploads\\\/2026\\\/01\\\/alustage_color.svg\",\"caption\":\"Alustage\"},\"image\":{\"@id\":\"https:\\\/\\\/alustage.eu\\\/pl\\\/#\\\/schema\\\/logo\\\/image\\\/\"}}]}<\/script>\n<!-- \/ Yoast SEO plugin. -->","yoast_head_json":{"title":"Aludeck Spider - Alustage","robots":{"index":"index","follow":"follow","max-snippet":"max-snippet:-1","max-image-preview":"max-image-preview:large","max-video-preview":"max-video-preview:-1"},"canonical":"https:\/\/alustage.eu\/pl\/produkt\/aludeck-spider\/","og_locale":"pl_PL","og_type":"article","og_title":"Aludeck Spider - Alustage","og_description":"Aludeck spider","og_url":"https:\/\/alustage.eu\/pl\/produkt\/aludeck-spider\/","og_site_name":"Alustage","article_modified_time":"2026-04-17T21:12:13+00:00","og_image":[{"width":458,"height":458,"url":"https:\/\/alustage.eu\/wp-content\/uploads\/2026\/04\/sca-05-black-panther-2x1-2.jpg","type":"image\/jpeg"}],"twitter_card":"summary_large_image","twitter_misc":{"Szacowany czas czytania":"1 minuta"},"schema":{"@context":"https:\/\/schema.org","@graph":[{"@type":"WebPage","@id":"https:\/\/alustage.eu\/pl\/produkt\/aludeck-spider\/","url":"https:\/\/alustage.eu\/pl\/produkt\/aludeck-spider\/","name":"Aludeck Spider - Alustage","isPartOf":{"@id":"https:\/\/alustage.eu\/pl\/#website"},"primaryImageOfPage":{"@id":"https:\/\/alustage.eu\/pl\/produkt\/aludeck-spider\/#primaryimage"},"image":{"@id":"https:\/\/alustage.eu\/pl\/produkt\/aludeck-spider\/#primaryimage"},"thumbnailUrl":"https:\/\/alustage.eu\/wp-content\/uploads\/2026\/04\/sca-05-black-panther-2x1-2.jpg","datePublished":"2026-02-27T07:18:47+00:00","dateModified":"2026-04-17T21:12:13+00:00","breadcrumb":{"@id":"https:\/\/alustage.eu\/pl\/produkt\/aludeck-spider\/#breadcrumb"},"inLanguage":"pl-PL","potentialAction":[{"@type":"ReadAction","target":["https:\/\/alustage.eu\/pl\/produkt\/aludeck-spider\/"]}]},{"@type":"ImageObject","inLanguage":"pl-PL","@id":"https:\/\/alustage.eu\/pl\/produkt\/aludeck-spider\/#primaryimage","url":"https:\/\/alustage.eu\/wp-content\/uploads\/2026\/04\/sca-05-black-panther-2x1-2.jpg","contentUrl":"https:\/\/alustage.eu\/wp-content\/uploads\/2026\/04\/sca-05-black-panther-2x1-2.jpg","width":458,"height":458},{"@type":"BreadcrumbList","@id":"https:\/\/alustage.eu\/pl\/produkt\/aludeck-spider\/#breadcrumb","itemListElement":[{"@type":"ListItem","position":1,"name":"Strona g\u0142\u00f3wna","item":"https:\/\/alustage.eu\/pl\/"},{"@type":"ListItem","position":2,"name":"Produkty","item":"https:\/\/alustage.eu\/pl\/produkty\/"},{"@type":"ListItem","position":3,"name":"Scena","item":"https:\/\/alustage.eu\/pl\/kategoria-produktu\/scena\/"},{"@type":"ListItem","position":4,"name":"Aludeck Spider"}]},{"@type":"WebSite","@id":"https:\/\/alustage.eu\/pl\/#website","url":"https:\/\/alustage.eu\/pl\/","name":"Alustage","description":"","publisher":{"@id":"https:\/\/alustage.eu\/pl\/#organization"},"potentialAction":[{"@type":"SearchAction","target":{"@type":"EntryPoint","urlTemplate":"https:\/\/alustage.eu\/pl\/?s={search_term_string}"},"query-input":{"@type":"PropertyValueSpecification","valueRequired":true,"valueName":"search_term_string"}}],"inLanguage":"pl-PL"},{"@type":"Organization","@id":"https:\/\/alustage.eu\/pl\/#organization","name":"Alustage","url":"https:\/\/alustage.eu\/pl\/","logo":{"@type":"ImageObject","inLanguage":"pl-PL","@id":"https:\/\/alustage.eu\/pl\/#\/schema\/logo\/image\/","url":"https:\/\/alustage.eu\/wp-content\/uploads\/2026\/01\/alustage_color.svg","contentUrl":"https:\/\/alustage.eu\/wp-content\/uploads\/2026\/01\/alustage_color.svg","caption":"Alustage"},"image":{"@id":"https:\/\/alustage.eu\/pl\/#\/schema\/logo\/image\/"}}]}},"taxonomy_info":{"product_cat":[{"value":1640,"label":"Aludeck Spider"},{"value":1575,"label":"Scena"}],"pa_fulfillment":[{"value":859,"label":"12 mm plywood black hexa (100% birch)"}],"pa_maksymalne-obciazenie":[{"value":1360,"label":"500kg\/m2"}],"pa_maximum-load":[{"value":903,"label":"500kg\/m2"}],"pa_waga":[{"value":1367,"label":"1x1m 12kg and 2x1m 22kg"}],"pa_wypelnienie":[{"value":1359,"label":"Sklejka 12 mm czarna hexa (100% brzoza)"}]},"featured_image_src_large":["https:\/\/alustage.eu\/wp-content\/uploads\/2026\/04\/sca-05-black-panther-2x1-2.jpg",458,458,false],"author_info":[],"comment_info":0,"_links":{"self":[{"href":"https:\/\/alustage.eu\/pl\/wp-json\/wp\/v2\/product\/16423","targetHints":{"allow":["GET"]}}],"collection":[{"href":"https:\/\/alustage.eu\/pl\/wp-json\/wp\/v2\/product"}],"about":[{"href":"https:\/\/alustage.eu\/pl\/wp-json\/wp\/v2\/types\/product"}],"replies":[{"embeddable":true,"href":"https:\/\/alustage.eu\/pl\/wp-json\/wp\/v2\/comments?post=16423"}],"wp:featuredmedia":[{"embeddable":true,"href":"https:\/\/alustage.eu\/pl\/wp-json\/wp\/v2\/media\/16791"}],"wp:attachment":[{"href":"https:\/\/alustage.eu\/pl\/wp-json\/wp\/v2\/media?parent=16423"}],"wp:term":[{"taxonomy":"product_brand","embeddable":true,"href":"https:\/\/alustage.eu\/pl\/wp-json\/wp\/v2\/product_brand?post=16423"},{"taxonomy":"product_cat","embeddable":true,"href":"https:\/\/alustage.eu\/pl\/wp-json\/wp\/v2\/product_cat?post=16423"},{"taxonomy":"product_tag","embeddable":true,"href":"https:\/\/alustage.eu\/pl\/wp-json\/wp\/v2\/product_tag?post=16423"}],"curies":[{"name":"wp","href":"https:\/\/api.w.org\/{rel}","templated":true}]}}