{"id":16417,"date":"2026-02-27T07:18:47","date_gmt":"2026-02-27T07:18:47","guid":{"rendered":"https:\/\/alustage.v-stage.pl\/product\/aludeck-eco\/"},"modified":"2026-04-14T21:31:10","modified_gmt":"2026-04-14T21:31:10","slug":"aludeck-eco","status":"publish","type":"product","link":"https:\/\/alustage.eu\/pl\/produkt\/aludeck-eco\/","title":{"rendered":"Aludeck eco"},"content":{"rendered":"<p>Przedstawiamy Aludeck ECO \u2013 zaprojektowany, aby zapewni\u0107 t\u0119 sam\u0105 jako\u015b\u0107 Alustage w bardziej przyst\u0119pnej cenie. Aludeck ECO jest w pe\u0142ni kompatybilny z akcesoriami z popularnej serii Aludeck Light. Oznacza to, \u017ce istniej\u0105ce uchwyty, barierki i schody mo\u017cna bezproblemowo wykorzysta\u0107 \u2013 maksymalizuj\u0105c inwestycj\u0119 i minimalizuj\u0105c dodatkowe koszty. Wa\u017c\u0105c zaledwie 27 kg (platforma 2&#215;1 m), podest ECO jest l\u017cejszy, co u\u0142atwia obs\u0142ug\u0119 i transport, a jednocze\u015bnie zachowuje oczekiwan\u0105 wytrzyma\u0142o\u015b\u0107 i trwa\u0142o\u015b\u0107, dzi\u0119ki no\u015bno\u015bci 500 kg\/m\u00b2.n\u2714 Lekkin\u2714 Kompatybilnyn\u2714 Certyfikat T\u00dcVn\u2714 No\u015bno\u015b\u0107 500 kg\/m\u00b2<\/p>\n","protected":false},"excerpt":{"rendered":"<p>Aludeck eco<\/p>\n","protected":false},"featured_media":16790,"comment_status":"closed","ping_status":"closed","template":"","meta":{"_acf_changed":false,"inline_featured_image":false,"_kad_blocks_custom_css":"","_kad_blocks_head_custom_js":"","_kad_blocks_body_custom_js":"","_kad_blocks_footer_custom_js":"","_kadence_starter_templates_imported_post":false,"_kad_post_transparent":"default","_kad_post_title":"","_kad_post_layout":"default","_kad_post_sidebar_id":"","_kad_post_content_style":"default","_kad_post_vertical_padding":"default","_kad_post_feature":"","_kad_post_feature_position":"","_kad_post_header":false,"_kad_post_footer":false,"_kad_post_classname":""},"product_brand":[],"product_cat":[1591,1575],"product_tag":[],"class_list":{"0":"post-16417","1":"product","2":"type-product","3":"status-publish","4":"has-post-thumbnail","6":"product_cat-aludeck-eco","7":"product_cat-scena","8":"pa_fulfillment-12-mm-plywood-black-hexa-100-birch","9":"pa_maksymalne-obciazenie-500kg-m2","10":"pa_maximum-load-500kg-m2","11":"pa_waga-27-00-kg","12":"pa_wypelnienie-sklejka-12-mm-czarna-hexa-100-brzoza","14":"first","15":"instock","16":"product-type-simple","17":"entry","18":"content-bg","19":"loop-entry"},"acf":[],"yoast_head":"<!-- This site is optimized with the Yoast SEO plugin v27.3 - https:\/\/yoast.com\/product\/yoast-seo-wordpress\/ -->\n<title>Aludeck eco - Alustage<\/title>\n<meta name=\"robots\" content=\"index, follow, max-snippet:-1, max-image-preview:large, max-video-preview:-1\" \/>\n<link rel=\"canonical\" href=\"https:\/\/alustage.eu\/pl\/produkt\/aludeck-eco\/\" \/>\n<meta property=\"og:locale\" content=\"pl_PL\" \/>\n<meta property=\"og:type\" content=\"article\" \/>\n<meta property=\"og:title\" content=\"Aludeck eco - Alustage\" \/>\n<meta property=\"og:description\" content=\"Aludeck eco\" \/>\n<meta property=\"og:url\" content=\"https:\/\/alustage.eu\/pl\/produkt\/aludeck-eco\/\" \/>\n<meta property=\"og:site_name\" content=\"Alustage\" \/>\n<meta property=\"article:modified_time\" content=\"2026-04-14T21:31:10+00:00\" \/>\n<meta property=\"og:image\" content=\"https:\/\/alustage.eu\/wp-content\/uploads\/2026\/02\/SCA25-AludeckEC.jpeg\" \/>\n\t<meta property=\"og:image:width\" content=\"1500\" \/>\n\t<meta property=\"og:image:height\" content=\"1500\" \/>\n\t<meta property=\"og:image:type\" content=\"image\/jpeg\" \/>\n<meta name=\"twitter:card\" content=\"summary_large_image\" \/>\n<meta name=\"twitter:label1\" content=\"Szacowany czas czytania\" \/>\n\t<meta name=\"twitter:data1\" content=\"1 minuta\" \/>\n<script type=\"application\/ld+json\" class=\"yoast-schema-graph\">{\"@context\":\"https:\\\/\\\/schema.org\",\"@graph\":[{\"@type\":\"WebPage\",\"@id\":\"https:\\\/\\\/alustage.eu\\\/pl\\\/produkt\\\/aludeck-eco\\\/\",\"url\":\"https:\\\/\\\/alustage.eu\\\/pl\\\/produkt\\\/aludeck-eco\\\/\",\"name\":\"Aludeck eco - Alustage\",\"isPartOf\":{\"@id\":\"https:\\\/\\\/alustage.eu\\\/pl\\\/#website\"},\"primaryImageOfPage\":{\"@id\":\"https:\\\/\\\/alustage.eu\\\/pl\\\/produkt\\\/aludeck-eco\\\/#primaryimage\"},\"image\":{\"@id\":\"https:\\\/\\\/alustage.eu\\\/pl\\\/produkt\\\/aludeck-eco\\\/#primaryimage\"},\"thumbnailUrl\":\"https:\\\/\\\/alustage.eu\\\/wp-content\\\/uploads\\\/2026\\\/02\\\/SCA25-AludeckEC.jpeg\",\"datePublished\":\"2026-02-27T07:18:47+00:00\",\"dateModified\":\"2026-04-14T21:31:10+00:00\",\"breadcrumb\":{\"@id\":\"https:\\\/\\\/alustage.eu\\\/pl\\\/produkt\\\/aludeck-eco\\\/#breadcrumb\"},\"inLanguage\":\"pl-PL\",\"potentialAction\":[{\"@type\":\"ReadAction\",\"target\":[\"https:\\\/\\\/alustage.eu\\\/pl\\\/produkt\\\/aludeck-eco\\\/\"]}]},{\"@type\":\"ImageObject\",\"inLanguage\":\"pl-PL\",\"@id\":\"https:\\\/\\\/alustage.eu\\\/pl\\\/produkt\\\/aludeck-eco\\\/#primaryimage\",\"url\":\"https:\\\/\\\/alustage.eu\\\/wp-content\\\/uploads\\\/2026\\\/02\\\/SCA25-AludeckEC.jpeg\",\"contentUrl\":\"https:\\\/\\\/alustage.eu\\\/wp-content\\\/uploads\\\/2026\\\/02\\\/SCA25-AludeckEC.jpeg\",\"width\":1500,\"height\":1500},{\"@type\":\"BreadcrumbList\",\"@id\":\"https:\\\/\\\/alustage.eu\\\/pl\\\/produkt\\\/aludeck-eco\\\/#breadcrumb\",\"itemListElement\":[{\"@type\":\"ListItem\",\"position\":1,\"name\":\"Strona g\u0142\u00f3wna\",\"item\":\"https:\\\/\\\/alustage.eu\\\/pl\\\/\"},{\"@type\":\"ListItem\",\"position\":2,\"name\":\"Produkty\",\"item\":\"https:\\\/\\\/alustage.eu\\\/pl\\\/produkty\\\/\"},{\"@type\":\"ListItem\",\"position\":3,\"name\":\"Scena\",\"item\":\"https:\\\/\\\/alustage.eu\\\/pl\\\/kategoria-produktu\\\/scena\\\/\"},{\"@type\":\"ListItem\",\"position\":4,\"name\":\"Aludeck Eco\",\"item\":\"https:\\\/\\\/alustage.eu\\\/pl\\\/kategoria-produktu\\\/scena\\\/aludeck-eco\\\/\"},{\"@type\":\"ListItem\",\"position\":5,\"name\":\"Aludeck eco\"}]},{\"@type\":\"WebSite\",\"@id\":\"https:\\\/\\\/alustage.eu\\\/pl\\\/#website\",\"url\":\"https:\\\/\\\/alustage.eu\\\/pl\\\/\",\"name\":\"Alustage\",\"description\":\"\",\"publisher\":{\"@id\":\"https:\\\/\\\/alustage.eu\\\/pl\\\/#organization\"},\"potentialAction\":[{\"@type\":\"SearchAction\",\"target\":{\"@type\":\"EntryPoint\",\"urlTemplate\":\"https:\\\/\\\/alustage.eu\\\/pl\\\/?s={search_term_string}\"},\"query-input\":{\"@type\":\"PropertyValueSpecification\",\"valueRequired\":true,\"valueName\":\"search_term_string\"}}],\"inLanguage\":\"pl-PL\"},{\"@type\":\"Organization\",\"@id\":\"https:\\\/\\\/alustage.eu\\\/pl\\\/#organization\",\"name\":\"Alustage\",\"url\":\"https:\\\/\\\/alustage.eu\\\/pl\\\/\",\"logo\":{\"@type\":\"ImageObject\",\"inLanguage\":\"pl-PL\",\"@id\":\"https:\\\/\\\/alustage.eu\\\/pl\\\/#\\\/schema\\\/logo\\\/image\\\/\",\"url\":\"https:\\\/\\\/alustage.eu\\\/wp-content\\\/uploads\\\/2026\\\/01\\\/alustage_color.svg\",\"contentUrl\":\"https:\\\/\\\/alustage.eu\\\/wp-content\\\/uploads\\\/2026\\\/01\\\/alustage_color.svg\",\"caption\":\"Alustage\"},\"image\":{\"@id\":\"https:\\\/\\\/alustage.eu\\\/pl\\\/#\\\/schema\\\/logo\\\/image\\\/\"}}]}<\/script>\n<!-- \/ Yoast SEO plugin. -->","yoast_head_json":{"title":"Aludeck eco - Alustage","robots":{"index":"index","follow":"follow","max-snippet":"max-snippet:-1","max-image-preview":"max-image-preview:large","max-video-preview":"max-video-preview:-1"},"canonical":"https:\/\/alustage.eu\/pl\/produkt\/aludeck-eco\/","og_locale":"pl_PL","og_type":"article","og_title":"Aludeck eco - Alustage","og_description":"Aludeck eco","og_url":"https:\/\/alustage.eu\/pl\/produkt\/aludeck-eco\/","og_site_name":"Alustage","article_modified_time":"2026-04-14T21:31:10+00:00","og_image":[{"width":1500,"height":1500,"url":"https:\/\/alustage.eu\/wp-content\/uploads\/2026\/02\/SCA25-AludeckEC.jpeg","type":"image\/jpeg"}],"twitter_card":"summary_large_image","twitter_misc":{"Szacowany czas czytania":"1 minuta"},"schema":{"@context":"https:\/\/schema.org","@graph":[{"@type":"WebPage","@id":"https:\/\/alustage.eu\/pl\/produkt\/aludeck-eco\/","url":"https:\/\/alustage.eu\/pl\/produkt\/aludeck-eco\/","name":"Aludeck eco - Alustage","isPartOf":{"@id":"https:\/\/alustage.eu\/pl\/#website"},"primaryImageOfPage":{"@id":"https:\/\/alustage.eu\/pl\/produkt\/aludeck-eco\/#primaryimage"},"image":{"@id":"https:\/\/alustage.eu\/pl\/produkt\/aludeck-eco\/#primaryimage"},"thumbnailUrl":"https:\/\/alustage.eu\/wp-content\/uploads\/2026\/02\/SCA25-AludeckEC.jpeg","datePublished":"2026-02-27T07:18:47+00:00","dateModified":"2026-04-14T21:31:10+00:00","breadcrumb":{"@id":"https:\/\/alustage.eu\/pl\/produkt\/aludeck-eco\/#breadcrumb"},"inLanguage":"pl-PL","potentialAction":[{"@type":"ReadAction","target":["https:\/\/alustage.eu\/pl\/produkt\/aludeck-eco\/"]}]},{"@type":"ImageObject","inLanguage":"pl-PL","@id":"https:\/\/alustage.eu\/pl\/produkt\/aludeck-eco\/#primaryimage","url":"https:\/\/alustage.eu\/wp-content\/uploads\/2026\/02\/SCA25-AludeckEC.jpeg","contentUrl":"https:\/\/alustage.eu\/wp-content\/uploads\/2026\/02\/SCA25-AludeckEC.jpeg","width":1500,"height":1500},{"@type":"BreadcrumbList","@id":"https:\/\/alustage.eu\/pl\/produkt\/aludeck-eco\/#breadcrumb","itemListElement":[{"@type":"ListItem","position":1,"name":"Strona g\u0142\u00f3wna","item":"https:\/\/alustage.eu\/pl\/"},{"@type":"ListItem","position":2,"name":"Produkty","item":"https:\/\/alustage.eu\/pl\/produkty\/"},{"@type":"ListItem","position":3,"name":"Scena","item":"https:\/\/alustage.eu\/pl\/kategoria-produktu\/scena\/"},{"@type":"ListItem","position":4,"name":"Aludeck Eco","item":"https:\/\/alustage.eu\/pl\/kategoria-produktu\/scena\/aludeck-eco\/"},{"@type":"ListItem","position":5,"name":"Aludeck eco"}]},{"@type":"WebSite","@id":"https:\/\/alustage.eu\/pl\/#website","url":"https:\/\/alustage.eu\/pl\/","name":"Alustage","description":"","publisher":{"@id":"https:\/\/alustage.eu\/pl\/#organization"},"potentialAction":[{"@type":"SearchAction","target":{"@type":"EntryPoint","urlTemplate":"https:\/\/alustage.eu\/pl\/?s={search_term_string}"},"query-input":{"@type":"PropertyValueSpecification","valueRequired":true,"valueName":"search_term_string"}}],"inLanguage":"pl-PL"},{"@type":"Organization","@id":"https:\/\/alustage.eu\/pl\/#organization","name":"Alustage","url":"https:\/\/alustage.eu\/pl\/","logo":{"@type":"ImageObject","inLanguage":"pl-PL","@id":"https:\/\/alustage.eu\/pl\/#\/schema\/logo\/image\/","url":"https:\/\/alustage.eu\/wp-content\/uploads\/2026\/01\/alustage_color.svg","contentUrl":"https:\/\/alustage.eu\/wp-content\/uploads\/2026\/01\/alustage_color.svg","caption":"Alustage"},"image":{"@id":"https:\/\/alustage.eu\/pl\/#\/schema\/logo\/image\/"}}]}},"taxonomy_info":{"product_cat":[{"value":1591,"label":"Aludeck Eco"},{"value":1575,"label":"Scena"}],"pa_fulfillment":[{"value":859,"label":"12 mm plywood black hexa (100% birch)"}],"pa_maksymalne-obciazenie":[{"value":1360,"label":"500kg\/m2"}],"pa_maximum-load":[{"value":903,"label":"500kg\/m2"}],"pa_waga":[{"value":1358,"label":"27.00 kg"}],"pa_wypelnienie":[{"value":1359,"label":"Sklejka 12 mm czarna hexa (100% brzoza)"}]},"featured_image_src_large":["https:\/\/alustage.eu\/wp-content\/uploads\/2026\/02\/SCA25-AludeckEC-1024x1024.jpeg",1024,1024,true],"author_info":[],"comment_info":0,"_links":{"self":[{"href":"https:\/\/alustage.eu\/pl\/wp-json\/wp\/v2\/product\/16417","targetHints":{"allow":["GET"]}}],"collection":[{"href":"https:\/\/alustage.eu\/pl\/wp-json\/wp\/v2\/product"}],"about":[{"href":"https:\/\/alustage.eu\/pl\/wp-json\/wp\/v2\/types\/product"}],"replies":[{"embeddable":true,"href":"https:\/\/alustage.eu\/pl\/wp-json\/wp\/v2\/comments?post=16417"}],"wp:featuredmedia":[{"embeddable":true,"href":"https:\/\/alustage.eu\/pl\/wp-json\/wp\/v2\/media\/16790"}],"wp:attachment":[{"href":"https:\/\/alustage.eu\/pl\/wp-json\/wp\/v2\/media?parent=16417"}],"wp:term":[{"taxonomy":"product_brand","embeddable":true,"href":"https:\/\/alustage.eu\/pl\/wp-json\/wp\/v2\/product_brand?post=16417"},{"taxonomy":"product_cat","embeddable":true,"href":"https:\/\/alustage.eu\/pl\/wp-json\/wp\/v2\/product_cat?post=16417"},{"taxonomy":"product_tag","embeddable":true,"href":"https:\/\/alustage.eu\/pl\/wp-json\/wp\/v2\/product_tag?post=16417"}],"curies":[{"name":"wp","href":"https:\/\/api.w.org\/{rel}","templated":true}]}}