{"id":16410,"date":"2026-02-27T07:13:47","date_gmt":"2026-02-27T07:13:47","guid":{"rendered":"https:\/\/alustage.v-stage.pl\/product\/t35-wozek-transportowy-na-15-podestow\/"},"modified":"2026-03-11T11:50:50","modified_gmt":"2026-03-11T11:50:50","slug":"t35-wozek-transportowy-na-15-podestow","status":"publish","type":"product","link":"https:\/\/alustage.eu\/pl\/produkt\/t35-wozek-transportowy-na-15-podestow\/","title":{"rendered":"T35 w\u00f3zek transportowy na 15 podest\u00f3w"},"content":{"rendered":"<p>W\u00f3zek transportowy T 35 to solidne i trwa\u0142e rozwi\u0105zanie, idealne do transportu maksymalnie 15 platform scenicznych. Wa\u017cy 40 kg, a jego wymiary (wysoko\u015b\u0107 962 mm, szeroko\u015b\u0107 2296 mm i g\u0142\u0119boko\u015b\u0107 1020 mm) sprawiaj\u0105, \u017ce jest to wydajne i \u0142atwe w manewrowaniu akcesorium.<\/p>\n","protected":false},"excerpt":{"rendered":"<p>W\u00f3zek transportowy na 15 podest\u00f3w<\/p>\n","protected":false},"featured_media":15863,"comment_status":"closed","ping_status":"open","template":"","meta":{"_acf_changed":false,"inline_featured_image":false,"_kad_blocks_custom_css":"","_kad_blocks_head_custom_js":"","_kad_blocks_body_custom_js":"","_kad_blocks_footer_custom_js":"","_kadence_starter_templates_imported_post":false,"_kad_post_transparent":"","_kad_post_title":"","_kad_post_layout":"","_kad_post_sidebar_id":"","_kad_post_content_style":"","_kad_post_vertical_padding":"","_kad_post_feature":"","_kad_post_feature_position":"","_kad_post_header":false,"_kad_post_footer":false,"_kad_post_classname":""},"product_brand":[],"product_cat":[1576,1584,1592,1603,1651,1612,1641,1622,1583,1591,1602,1611,1621,1640,1650,1575],"product_tag":[],"class_list":{"0":"post-16410","1":"product","2":"type-product","3":"status-publish","4":"has-post-thumbnail","6":"product_cat-akcesoria","7":"product_cat-akcesoria-2","8":"product_cat-akcesoria-3","9":"product_cat-akcesoria-4","10":"product_cat-akcesoria-8","11":"product_cat-akcesoria-5","12":"product_cat-akcesoria-7","13":"product_cat-akcesoria-6","14":"product_cat-aludeck-compact","15":"product_cat-aludeck-eco","16":"product_cat-aludeck-event","17":"product_cat-aludeck-hd","18":"product_cat-aludeck-light","19":"product_cat-aludeck-spider","20":"product_cat-aludeck-ultra","21":"product_cat-scena","22":"pa_fulfillment-12-mm-plywood-black-hexa-100-birch","23":"pa_maximum-load-60-00-kg","24":"pa_waga-40-00-kg","26":"first","27":"instock","28":"product-type-simple","29":"entry","30":"content-bg","31":"loop-entry"},"acf":[],"yoast_head":"<!-- This site is optimized with the Yoast SEO plugin v27.3 - https:\/\/yoast.com\/product\/yoast-seo-wordpress\/ -->\n<title>T35 w\u00f3zek transportowy na 15 podest\u00f3w - Alustage<\/title>\n<meta name=\"robots\" content=\"index, follow, max-snippet:-1, max-image-preview:large, max-video-preview:-1\" \/>\n<link rel=\"canonical\" href=\"https:\/\/alustage.eu\/pl\/produkt\/t35-wozek-transportowy-na-15-podestow\/\" \/>\n<meta property=\"og:locale\" content=\"pl_PL\" \/>\n<meta property=\"og:type\" content=\"article\" \/>\n<meta property=\"og:title\" content=\"T35 w\u00f3zek transportowy na 15 podest\u00f3w - Alustage\" \/>\n<meta property=\"og:description\" content=\"W\u00f3zek transportowy na 15 podest\u00f3w\" \/>\n<meta property=\"og:url\" content=\"https:\/\/alustage.eu\/pl\/produkt\/t35-wozek-transportowy-na-15-podestow\/\" \/>\n<meta property=\"og:site_name\" content=\"Alustage\" \/>\n<meta property=\"article:modified_time\" content=\"2026-03-11T11:50:50+00:00\" \/>\n<meta property=\"og:image\" content=\"https:\/\/alustage.eu\/wp-content\/uploads\/2025\/11\/t-35-2.jpg\" \/>\n\t<meta property=\"og:image:width\" content=\"800\" \/>\n\t<meta property=\"og:image:height\" content=\"800\" \/>\n\t<meta property=\"og:image:type\" content=\"image\/jpeg\" \/>\n<meta name=\"twitter:card\" content=\"summary_large_image\" \/>\n<script type=\"application\/ld+json\" class=\"yoast-schema-graph\">{\"@context\":\"https:\\\/\\\/schema.org\",\"@graph\":[{\"@type\":\"WebPage\",\"@id\":\"https:\\\/\\\/alustage.eu\\\/pl\\\/produkt\\\/t35-wozek-transportowy-na-15-podestow\\\/\",\"url\":\"https:\\\/\\\/alustage.eu\\\/pl\\\/produkt\\\/t35-wozek-transportowy-na-15-podestow\\\/\",\"name\":\"T35 w\u00f3zek transportowy na 15 podest\u00f3w - Alustage\",\"isPartOf\":{\"@id\":\"https:\\\/\\\/alustage.eu\\\/pl\\\/#website\"},\"primaryImageOfPage\":{\"@id\":\"https:\\\/\\\/alustage.eu\\\/pl\\\/produkt\\\/t35-wozek-transportowy-na-15-podestow\\\/#primaryimage\"},\"image\":{\"@id\":\"https:\\\/\\\/alustage.eu\\\/pl\\\/produkt\\\/t35-wozek-transportowy-na-15-podestow\\\/#primaryimage\"},\"thumbnailUrl\":\"https:\\\/\\\/alustage.eu\\\/wp-content\\\/uploads\\\/2025\\\/11\\\/t-35-2.jpg\",\"datePublished\":\"2026-02-27T07:13:47+00:00\",\"dateModified\":\"2026-03-11T11:50:50+00:00\",\"breadcrumb\":{\"@id\":\"https:\\\/\\\/alustage.eu\\\/pl\\\/produkt\\\/t35-wozek-transportowy-na-15-podestow\\\/#breadcrumb\"},\"inLanguage\":\"pl-PL\",\"potentialAction\":[{\"@type\":\"ReadAction\",\"target\":[\"https:\\\/\\\/alustage.eu\\\/pl\\\/produkt\\\/t35-wozek-transportowy-na-15-podestow\\\/\"]}]},{\"@type\":\"ImageObject\",\"inLanguage\":\"pl-PL\",\"@id\":\"https:\\\/\\\/alustage.eu\\\/pl\\\/produkt\\\/t35-wozek-transportowy-na-15-podestow\\\/#primaryimage\",\"url\":\"https:\\\/\\\/alustage.eu\\\/wp-content\\\/uploads\\\/2025\\\/11\\\/t-35-2.jpg\",\"contentUrl\":\"https:\\\/\\\/alustage.eu\\\/wp-content\\\/uploads\\\/2025\\\/11\\\/t-35-2.jpg\",\"width\":800,\"height\":800},{\"@type\":\"BreadcrumbList\",\"@id\":\"https:\\\/\\\/alustage.eu\\\/pl\\\/produkt\\\/t35-wozek-transportowy-na-15-podestow\\\/#breadcrumb\",\"itemListElement\":[{\"@type\":\"ListItem\",\"position\":1,\"name\":\"Strona g\u0142\u00f3wna\",\"item\":\"https:\\\/\\\/alustage.eu\\\/pl\\\/strona-glowna\\\/\"},{\"@type\":\"ListItem\",\"position\":2,\"name\":\"Produkty\",\"item\":\"https:\\\/\\\/alustage.eu\\\/pl\\\/produkty\\\/\"},{\"@type\":\"ListItem\",\"position\":3,\"name\":\"Podesty sceniczne\",\"item\":\"https:\\\/\\\/alustage.eu\\\/pl\\\/kategoria-produktu\\\/scena\\\/\"},{\"@type\":\"ListItem\",\"position\":4,\"name\":\"Aludeck Event\",\"item\":\"https:\\\/\\\/alustage.eu\\\/pl\\\/kategoria-produktu\\\/scena\\\/aludeck-event\\\/\"},{\"@type\":\"ListItem\",\"position\":5,\"name\":\"Akcesoria\",\"item\":\"https:\\\/\\\/alustage.eu\\\/pl\\\/kategoria-produktu\\\/scena\\\/aludeck-event\\\/akcesoria-4\\\/\"},{\"@type\":\"ListItem\",\"position\":6,\"name\":\"T35 w\u00f3zek transportowy na 15 podest\u00f3w\"}]},{\"@type\":\"WebSite\",\"@id\":\"https:\\\/\\\/alustage.eu\\\/pl\\\/#website\",\"url\":\"https:\\\/\\\/alustage.eu\\\/pl\\\/\",\"name\":\"Alustage\",\"description\":\"\",\"publisher\":{\"@id\":\"https:\\\/\\\/alustage.eu\\\/pl\\\/#organization\"},\"potentialAction\":[{\"@type\":\"SearchAction\",\"target\":{\"@type\":\"EntryPoint\",\"urlTemplate\":\"https:\\\/\\\/alustage.eu\\\/pl\\\/?s={search_term_string}\"},\"query-input\":{\"@type\":\"PropertyValueSpecification\",\"valueRequired\":true,\"valueName\":\"search_term_string\"}}],\"inLanguage\":\"pl-PL\"},{\"@type\":\"Organization\",\"@id\":\"https:\\\/\\\/alustage.eu\\\/pl\\\/#organization\",\"name\":\"Alustage\",\"url\":\"https:\\\/\\\/alustage.eu\\\/pl\\\/\",\"logo\":{\"@type\":\"ImageObject\",\"inLanguage\":\"pl-PL\",\"@id\":\"https:\\\/\\\/alustage.eu\\\/pl\\\/#\\\/schema\\\/logo\\\/image\\\/\",\"url\":\"https:\\\/\\\/alustage.eu\\\/wp-content\\\/uploads\\\/2026\\\/01\\\/alustage_color.svg\",\"contentUrl\":\"https:\\\/\\\/alustage.eu\\\/wp-content\\\/uploads\\\/2026\\\/01\\\/alustage_color.svg\",\"caption\":\"Alustage\"},\"image\":{\"@id\":\"https:\\\/\\\/alustage.eu\\\/pl\\\/#\\\/schema\\\/logo\\\/image\\\/\"}}]}<\/script>\n<!-- \/ Yoast SEO plugin. -->","yoast_head_json":{"title":"T35 w\u00f3zek transportowy na 15 podest\u00f3w - Alustage","robots":{"index":"index","follow":"follow","max-snippet":"max-snippet:-1","max-image-preview":"max-image-preview:large","max-video-preview":"max-video-preview:-1"},"canonical":"https:\/\/alustage.eu\/pl\/produkt\/t35-wozek-transportowy-na-15-podestow\/","og_locale":"pl_PL","og_type":"article","og_title":"T35 w\u00f3zek transportowy na 15 podest\u00f3w - Alustage","og_description":"W\u00f3zek transportowy na 15 podest\u00f3w","og_url":"https:\/\/alustage.eu\/pl\/produkt\/t35-wozek-transportowy-na-15-podestow\/","og_site_name":"Alustage","article_modified_time":"2026-03-11T11:50:50+00:00","og_image":[{"width":800,"height":800,"url":"https:\/\/alustage.eu\/wp-content\/uploads\/2025\/11\/t-35-2.jpg","type":"image\/jpeg"}],"twitter_card":"summary_large_image","schema":{"@context":"https:\/\/schema.org","@graph":[{"@type":"WebPage","@id":"https:\/\/alustage.eu\/pl\/produkt\/t35-wozek-transportowy-na-15-podestow\/","url":"https:\/\/alustage.eu\/pl\/produkt\/t35-wozek-transportowy-na-15-podestow\/","name":"T35 w\u00f3zek transportowy na 15 podest\u00f3w - Alustage","isPartOf":{"@id":"https:\/\/alustage.eu\/pl\/#website"},"primaryImageOfPage":{"@id":"https:\/\/alustage.eu\/pl\/produkt\/t35-wozek-transportowy-na-15-podestow\/#primaryimage"},"image":{"@id":"https:\/\/alustage.eu\/pl\/produkt\/t35-wozek-transportowy-na-15-podestow\/#primaryimage"},"thumbnailUrl":"https:\/\/alustage.eu\/wp-content\/uploads\/2025\/11\/t-35-2.jpg","datePublished":"2026-02-27T07:13:47+00:00","dateModified":"2026-03-11T11:50:50+00:00","breadcrumb":{"@id":"https:\/\/alustage.eu\/pl\/produkt\/t35-wozek-transportowy-na-15-podestow\/#breadcrumb"},"inLanguage":"pl-PL","potentialAction":[{"@type":"ReadAction","target":["https:\/\/alustage.eu\/pl\/produkt\/t35-wozek-transportowy-na-15-podestow\/"]}]},{"@type":"ImageObject","inLanguage":"pl-PL","@id":"https:\/\/alustage.eu\/pl\/produkt\/t35-wozek-transportowy-na-15-podestow\/#primaryimage","url":"https:\/\/alustage.eu\/wp-content\/uploads\/2025\/11\/t-35-2.jpg","contentUrl":"https:\/\/alustage.eu\/wp-content\/uploads\/2025\/11\/t-35-2.jpg","width":800,"height":800},{"@type":"BreadcrumbList","@id":"https:\/\/alustage.eu\/pl\/produkt\/t35-wozek-transportowy-na-15-podestow\/#breadcrumb","itemListElement":[{"@type":"ListItem","position":1,"name":"Strona g\u0142\u00f3wna","item":"https:\/\/alustage.eu\/pl\/strona-glowna\/"},{"@type":"ListItem","position":2,"name":"Produkty","item":"https:\/\/alustage.eu\/pl\/produkty\/"},{"@type":"ListItem","position":3,"name":"Podesty sceniczne","item":"https:\/\/alustage.eu\/pl\/kategoria-produktu\/scena\/"},{"@type":"ListItem","position":4,"name":"Aludeck Event","item":"https:\/\/alustage.eu\/pl\/kategoria-produktu\/scena\/aludeck-event\/"},{"@type":"ListItem","position":5,"name":"Akcesoria","item":"https:\/\/alustage.eu\/pl\/kategoria-produktu\/scena\/aludeck-event\/akcesoria-4\/"},{"@type":"ListItem","position":6,"name":"T35 w\u00f3zek transportowy na 15 podest\u00f3w"}]},{"@type":"WebSite","@id":"https:\/\/alustage.eu\/pl\/#website","url":"https:\/\/alustage.eu\/pl\/","name":"Alustage","description":"","publisher":{"@id":"https:\/\/alustage.eu\/pl\/#organization"},"potentialAction":[{"@type":"SearchAction","target":{"@type":"EntryPoint","urlTemplate":"https:\/\/alustage.eu\/pl\/?s={search_term_string}"},"query-input":{"@type":"PropertyValueSpecification","valueRequired":true,"valueName":"search_term_string"}}],"inLanguage":"pl-PL"},{"@type":"Organization","@id":"https:\/\/alustage.eu\/pl\/#organization","name":"Alustage","url":"https:\/\/alustage.eu\/pl\/","logo":{"@type":"ImageObject","inLanguage":"pl-PL","@id":"https:\/\/alustage.eu\/pl\/#\/schema\/logo\/image\/","url":"https:\/\/alustage.eu\/wp-content\/uploads\/2026\/01\/alustage_color.svg","contentUrl":"https:\/\/alustage.eu\/wp-content\/uploads\/2026\/01\/alustage_color.svg","caption":"Alustage"},"image":{"@id":"https:\/\/alustage.eu\/pl\/#\/schema\/logo\/image\/"}}]}},"taxonomy_info":{"product_cat":[{"value":1576,"label":"Akcesoria"},{"value":1584,"label":"Akcesoria"},{"value":1592,"label":"Akcesoria"},{"value":1603,"label":"Akcesoria"},{"value":1651,"label":"Akcesoria"},{"value":1612,"label":"Akcesoria"},{"value":1641,"label":"Akcesoria"},{"value":1622,"label":"Akcesoria"},{"value":1583,"label":"Aludeck Compact"},{"value":1591,"label":"Aludeck Eco"},{"value":1602,"label":"Aludeck Event"},{"value":1611,"label":"Aludeck HD"},{"value":1621,"label":"Aludeck Light"},{"value":1640,"label":"Aludeck Spider"},{"value":1650,"label":"Aludeck Ultra"},{"value":1575,"label":"Podesty sceniczne"}],"pa_fulfillment":[{"value":1778,"label":"12 mm plywood black hexa (100% birch)"}],"pa_maximum-load":[{"value":1810,"label":"60.00 kg"}],"pa_waga":[{"value":1353,"label":"40.00 kg"}]},"featured_image_src_large":["https:\/\/alustage.eu\/wp-content\/uploads\/2025\/11\/t-35-2.jpg",800,800,false],"author_info":[],"comment_info":0,"_links":{"self":[{"href":"https:\/\/alustage.eu\/pl\/wp-json\/wp\/v2\/product\/16410","targetHints":{"allow":["GET"]}}],"collection":[{"href":"https:\/\/alustage.eu\/pl\/wp-json\/wp\/v2\/product"}],"about":[{"href":"https:\/\/alustage.eu\/pl\/wp-json\/wp\/v2\/types\/product"}],"replies":[{"embeddable":true,"href":"https:\/\/alustage.eu\/pl\/wp-json\/wp\/v2\/comments?post=16410"}],"wp:featuredmedia":[{"embeddable":true,"href":"https:\/\/alustage.eu\/pl\/wp-json\/wp\/v2\/media\/15863"}],"wp:attachment":[{"href":"https:\/\/alustage.eu\/pl\/wp-json\/wp\/v2\/media?parent=16410"}],"wp:term":[{"taxonomy":"product_brand","embeddable":true,"href":"https:\/\/alustage.eu\/pl\/wp-json\/wp\/v2\/product_brand?post=16410"},{"taxonomy":"product_cat","embeddable":true,"href":"https:\/\/alustage.eu\/pl\/wp-json\/wp\/v2\/product_cat?post=16410"},{"taxonomy":"product_tag","embeddable":true,"href":"https:\/\/alustage.eu\/pl\/wp-json\/wp\/v2\/product_tag?post=16410"}],"curies":[{"name":"wp","href":"https:\/\/api.w.org\/{rel}","templated":true}]}}