{"id":16393,"date":"2026-02-27T07:13:31","date_gmt":"2026-02-27T07:13:31","guid":{"rendered":"https:\/\/alustage.v-stage.pl\/product\/sba-10-barierka-schodow-modulowych\/"},"modified":"2026-03-11T11:50:06","modified_gmt":"2026-03-11T11:50:06","slug":"sba-10-barierka-schodow-modulowych","status":"publish","type":"product","link":"https:\/\/alustage.eu\/pl\/produkt\/sba-10-barierka-schodow-modulowych\/","title":{"rendered":"SBA 10 barierka schod\u00f3w modu\u0142owych"},"content":{"rendered":"<p>Aluminiowa barierka SBA 10 to profesjonalne rozwi\u0105zanie przeznaczone do schod\u00f3w modu\u0142owych o rozstawie 0,80 cm. Zapewnia bezpiecze\u0144stwo u\u017cytkownikom schod\u00f3w.<\/p>\n","protected":false},"excerpt":{"rendered":"<p>Barierka schod\u00f3w modu\u0142owych<\/p>\n","protected":false},"featured_media":0,"comment_status":"closed","ping_status":"open","template":"","meta":{"_acf_changed":false,"inline_featured_image":false,"_kad_blocks_custom_css":"","_kad_blocks_head_custom_js":"","_kad_blocks_body_custom_js":"","_kad_blocks_footer_custom_js":"","_kadence_starter_templates_imported_post":false,"_kad_post_transparent":"","_kad_post_title":"","_kad_post_layout":"","_kad_post_sidebar_id":"","_kad_post_content_style":"","_kad_post_vertical_padding":"","_kad_post_feature":"","_kad_post_feature_position":"","_kad_post_header":false,"_kad_post_footer":false,"_kad_post_classname":""},"product_brand":[],"product_cat":[1583,1591,1602,1611,1621,1640,1650,1575,1658,1647,1631,1618,1608,1599,1588],"product_tag":[],"class_list":{"0":"post-16393","1":"product","2":"type-product","3":"status-publish","5":"product_cat-aludeck-compact","6":"product_cat-aludeck-eco","7":"product_cat-aludeck-event","8":"product_cat-aludeck-hd","9":"product_cat-aludeck-light","10":"product_cat-aludeck-spider","11":"product_cat-aludeck-ultra","12":"product_cat-scena","13":"product_cat-schody-8","14":"product_cat-schody-7","15":"product_cat-schody-5","16":"product_cat-schody-4","17":"product_cat-schody-3","18":"product_cat-schody-2","19":"product_cat-schody","20":"pa_waga-4-42-kg","22":"first","23":"instock","24":"product-type-simple","25":"entry","26":"content-bg","27":"loop-entry"},"acf":[],"yoast_head":"<!-- This site is optimized with the Yoast SEO plugin v27.3 - https:\/\/yoast.com\/product\/yoast-seo-wordpress\/ -->\n<title>SBA 10 barierka schod\u00f3w modu\u0142owych - Alustage<\/title>\n<meta name=\"robots\" content=\"index, follow, max-snippet:-1, max-image-preview:large, max-video-preview:-1\" \/>\n<link rel=\"canonical\" href=\"https:\/\/alustage.eu\/pl\/produkt\/sba-10-barierka-schodow-modulowych\/\" \/>\n<meta property=\"og:locale\" content=\"pl_PL\" \/>\n<meta property=\"og:type\" content=\"article\" \/>\n<meta property=\"og:title\" content=\"SBA 10 barierka schod\u00f3w modu\u0142owych - Alustage\" \/>\n<meta property=\"og:description\" content=\"Barierka schod\u00f3w modu\u0142owych\" \/>\n<meta property=\"og:url\" content=\"https:\/\/alustage.eu\/pl\/produkt\/sba-10-barierka-schodow-modulowych\/\" \/>\n<meta property=\"og:site_name\" content=\"Alustage\" \/>\n<meta property=\"article:modified_time\" content=\"2026-03-11T11:50:06+00:00\" \/>\n<meta name=\"twitter:card\" content=\"summary_large_image\" \/>\n<script type=\"application\/ld+json\" class=\"yoast-schema-graph\">{\"@context\":\"https:\\\/\\\/schema.org\",\"@graph\":[{\"@type\":\"WebPage\",\"@id\":\"https:\\\/\\\/alustage.eu\\\/pl\\\/produkt\\\/sba-10-barierka-schodow-modulowych\\\/\",\"url\":\"https:\\\/\\\/alustage.eu\\\/pl\\\/produkt\\\/sba-10-barierka-schodow-modulowych\\\/\",\"name\":\"SBA 10 barierka schod\u00f3w modu\u0142owych - Alustage\",\"isPartOf\":{\"@id\":\"https:\\\/\\\/alustage.eu\\\/pl\\\/#website\"},\"datePublished\":\"2026-02-27T07:13:31+00:00\",\"dateModified\":\"2026-03-11T11:50:06+00:00\",\"breadcrumb\":{\"@id\":\"https:\\\/\\\/alustage.eu\\\/pl\\\/produkt\\\/sba-10-barierka-schodow-modulowych\\\/#breadcrumb\"},\"inLanguage\":\"pl-PL\",\"potentialAction\":[{\"@type\":\"ReadAction\",\"target\":[\"https:\\\/\\\/alustage.eu\\\/pl\\\/produkt\\\/sba-10-barierka-schodow-modulowych\\\/\"]}]},{\"@type\":\"BreadcrumbList\",\"@id\":\"https:\\\/\\\/alustage.eu\\\/pl\\\/produkt\\\/sba-10-barierka-schodow-modulowych\\\/#breadcrumb\",\"itemListElement\":[{\"@type\":\"ListItem\",\"position\":1,\"name\":\"Strona g\u0142\u00f3wna\",\"item\":\"https:\\\/\\\/alustage.eu\\\/pl\\\/\"},{\"@type\":\"ListItem\",\"position\":2,\"name\":\"Produkty\",\"item\":\"https:\\\/\\\/alustage.eu\\\/pl\\\/produkty\\\/\"},{\"@type\":\"ListItem\",\"position\":3,\"name\":\"SBA 10 barierka schod\u00f3w modu\u0142owych\"}]},{\"@type\":\"WebSite\",\"@id\":\"https:\\\/\\\/alustage.eu\\\/pl\\\/#website\",\"url\":\"https:\\\/\\\/alustage.eu\\\/pl\\\/\",\"name\":\"Alustage\",\"description\":\"\",\"publisher\":{\"@id\":\"https:\\\/\\\/alustage.eu\\\/pl\\\/#organization\"},\"potentialAction\":[{\"@type\":\"SearchAction\",\"target\":{\"@type\":\"EntryPoint\",\"urlTemplate\":\"https:\\\/\\\/alustage.eu\\\/pl\\\/?s={search_term_string}\"},\"query-input\":{\"@type\":\"PropertyValueSpecification\",\"valueRequired\":true,\"valueName\":\"search_term_string\"}}],\"inLanguage\":\"pl-PL\"},{\"@type\":\"Organization\",\"@id\":\"https:\\\/\\\/alustage.eu\\\/pl\\\/#organization\",\"name\":\"Alustage\",\"url\":\"https:\\\/\\\/alustage.eu\\\/pl\\\/\",\"logo\":{\"@type\":\"ImageObject\",\"inLanguage\":\"pl-PL\",\"@id\":\"https:\\\/\\\/alustage.eu\\\/pl\\\/#\\\/schema\\\/logo\\\/image\\\/\",\"url\":\"https:\\\/\\\/alustage.eu\\\/wp-content\\\/uploads\\\/2026\\\/01\\\/alustage_color.svg\",\"contentUrl\":\"https:\\\/\\\/alustage.eu\\\/wp-content\\\/uploads\\\/2026\\\/01\\\/alustage_color.svg\",\"caption\":\"Alustage\"},\"image\":{\"@id\":\"https:\\\/\\\/alustage.eu\\\/pl\\\/#\\\/schema\\\/logo\\\/image\\\/\"}}]}<\/script>\n<!-- \/ Yoast SEO plugin. -->","yoast_head_json":{"title":"SBA 10 barierka schod\u00f3w modu\u0142owych - Alustage","robots":{"index":"index","follow":"follow","max-snippet":"max-snippet:-1","max-image-preview":"max-image-preview:large","max-video-preview":"max-video-preview:-1"},"canonical":"https:\/\/alustage.eu\/pl\/produkt\/sba-10-barierka-schodow-modulowych\/","og_locale":"pl_PL","og_type":"article","og_title":"SBA 10 barierka schod\u00f3w modu\u0142owych - Alustage","og_description":"Barierka schod\u00f3w modu\u0142owych","og_url":"https:\/\/alustage.eu\/pl\/produkt\/sba-10-barierka-schodow-modulowych\/","og_site_name":"Alustage","article_modified_time":"2026-03-11T11:50:06+00:00","twitter_card":"summary_large_image","schema":{"@context":"https:\/\/schema.org","@graph":[{"@type":"WebPage","@id":"https:\/\/alustage.eu\/pl\/produkt\/sba-10-barierka-schodow-modulowych\/","url":"https:\/\/alustage.eu\/pl\/produkt\/sba-10-barierka-schodow-modulowych\/","name":"SBA 10 barierka schod\u00f3w modu\u0142owych - Alustage","isPartOf":{"@id":"https:\/\/alustage.eu\/pl\/#website"},"datePublished":"2026-02-27T07:13:31+00:00","dateModified":"2026-03-11T11:50:06+00:00","breadcrumb":{"@id":"https:\/\/alustage.eu\/pl\/produkt\/sba-10-barierka-schodow-modulowych\/#breadcrumb"},"inLanguage":"pl-PL","potentialAction":[{"@type":"ReadAction","target":["https:\/\/alustage.eu\/pl\/produkt\/sba-10-barierka-schodow-modulowych\/"]}]},{"@type":"BreadcrumbList","@id":"https:\/\/alustage.eu\/pl\/produkt\/sba-10-barierka-schodow-modulowych\/#breadcrumb","itemListElement":[{"@type":"ListItem","position":1,"name":"Strona g\u0142\u00f3wna","item":"https:\/\/alustage.eu\/pl\/"},{"@type":"ListItem","position":2,"name":"Produkty","item":"https:\/\/alustage.eu\/pl\/produkty\/"},{"@type":"ListItem","position":3,"name":"SBA 10 barierka schod\u00f3w modu\u0142owych"}]},{"@type":"WebSite","@id":"https:\/\/alustage.eu\/pl\/#website","url":"https:\/\/alustage.eu\/pl\/","name":"Alustage","description":"","publisher":{"@id":"https:\/\/alustage.eu\/pl\/#organization"},"potentialAction":[{"@type":"SearchAction","target":{"@type":"EntryPoint","urlTemplate":"https:\/\/alustage.eu\/pl\/?s={search_term_string}"},"query-input":{"@type":"PropertyValueSpecification","valueRequired":true,"valueName":"search_term_string"}}],"inLanguage":"pl-PL"},{"@type":"Organization","@id":"https:\/\/alustage.eu\/pl\/#organization","name":"Alustage","url":"https:\/\/alustage.eu\/pl\/","logo":{"@type":"ImageObject","inLanguage":"pl-PL","@id":"https:\/\/alustage.eu\/pl\/#\/schema\/logo\/image\/","url":"https:\/\/alustage.eu\/wp-content\/uploads\/2026\/01\/alustage_color.svg","contentUrl":"https:\/\/alustage.eu\/wp-content\/uploads\/2026\/01\/alustage_color.svg","caption":"Alustage"},"image":{"@id":"https:\/\/alustage.eu\/pl\/#\/schema\/logo\/image\/"}}]}},"taxonomy_info":{"product_cat":[{"value":1583,"label":"Aludeck Compact"},{"value":1591,"label":"Aludeck Eco"},{"value":1602,"label":"Aludeck Event"},{"value":1611,"label":"Aludeck HD"},{"value":1621,"label":"Aludeck Light"},{"value":1640,"label":"Aludeck Spider"},{"value":1650,"label":"Aludeck Ultra"},{"value":1575,"label":"Scena"},{"value":1658,"label":"Schody"},{"value":1647,"label":"Schody"},{"value":1631,"label":"Schody"},{"value":1618,"label":"Schody"},{"value":1608,"label":"Schody"},{"value":1599,"label":"Schody"},{"value":1588,"label":"Schody"}],"pa_waga":[{"value":1339,"label":"4.42 kg"}]},"featured_image_src_large":false,"author_info":[],"comment_info":0,"_links":{"self":[{"href":"https:\/\/alustage.eu\/pl\/wp-json\/wp\/v2\/product\/16393","targetHints":{"allow":["GET"]}}],"collection":[{"href":"https:\/\/alustage.eu\/pl\/wp-json\/wp\/v2\/product"}],"about":[{"href":"https:\/\/alustage.eu\/pl\/wp-json\/wp\/v2\/types\/product"}],"replies":[{"embeddable":true,"href":"https:\/\/alustage.eu\/pl\/wp-json\/wp\/v2\/comments?post=16393"}],"wp:attachment":[{"href":"https:\/\/alustage.eu\/pl\/wp-json\/wp\/v2\/media?parent=16393"}],"wp:term":[{"taxonomy":"product_brand","embeddable":true,"href":"https:\/\/alustage.eu\/pl\/wp-json\/wp\/v2\/product_brand?post=16393"},{"taxonomy":"product_cat","embeddable":true,"href":"https:\/\/alustage.eu\/pl\/wp-json\/wp\/v2\/product_cat?post=16393"},{"taxonomy":"product_tag","embeddable":true,"href":"https:\/\/alustage.eu\/pl\/wp-json\/wp\/v2\/product_tag?post=16393"}],"curies":[{"name":"wp","href":"https:\/\/api.w.org\/{rel}","templated":true}]}}