{"id":16392,"date":"2026-02-27T07:13:31","date_gmt":"2026-02-27T07:13:31","guid":{"rendered":"https:\/\/alustage.v-stage.pl\/product\/sba-09-barierka-schodow-przegubowych\/"},"modified":"2026-03-11T11:50:04","modified_gmt":"2026-03-11T11:50:04","slug":"sba-09-barierka-schodow-przegubowych","status":"publish","type":"product","link":"https:\/\/alustage.eu\/pl\/produkt\/sba-09-barierka-schodow-przegubowych\/","title":{"rendered":"SBA 09 barierka schod\u00f3w przegubowych"},"content":{"rendered":"<p>Aluminiowa barierka SBA 09 to profesjonalne rozwi\u0105zanie przeznaczone do schod\u00f3w regulowanych. Wa\u017c\u0105ca 3784 kg, o wymiarach 750 mm wysoko\u015bci, 2285 mm szeroko\u015bci i 74 mm g\u0142\u0119boko\u015bci, zapewnia bezpieczne i stabilne podparcie.<\/p>\n","protected":false},"excerpt":{"rendered":"<p>Barierka schod\u00f3w przegubowych<\/p>\n","protected":false},"featured_media":15829,"comment_status":"closed","ping_status":"open","template":"","meta":{"_acf_changed":false,"inline_featured_image":false,"_kad_blocks_custom_css":"","_kad_blocks_head_custom_js":"","_kad_blocks_body_custom_js":"","_kad_blocks_footer_custom_js":"","_kadence_starter_templates_imported_post":false,"_kad_post_transparent":"","_kad_post_title":"","_kad_post_layout":"","_kad_post_sidebar_id":"","_kad_post_content_style":"","_kad_post_vertical_padding":"","_kad_post_feature":"","_kad_post_feature_position":"","_kad_post_header":false,"_kad_post_footer":false,"_kad_post_classname":""},"product_brand":[],"product_cat":[1591,1602,1611,1621,1634,1650,1575,1608,1618,1599,1631,1638,1658,1665],"product_tag":[],"class_list":{"0":"post-16392","1":"product","2":"type-product","3":"status-publish","4":"has-post-thumbnail","6":"product_cat-aludeck-eco","7":"product_cat-aludeck-event","8":"product_cat-aludeck-hd","9":"product_cat-aludeck-light","10":"product_cat-aludeck-live","11":"product_cat-aludeck-ultra","12":"product_cat-scena","13":"product_cat-schody-3","14":"product_cat-schody-4","15":"product_cat-schody-2","16":"product_cat-schody-5","17":"product_cat-schody-6","18":"product_cat-schody-8","19":"product_cat-schody-9","20":"pa_waga-3-78-kg","22":"first","23":"instock","24":"product-type-simple","25":"entry","26":"content-bg","27":"loop-entry"},"acf":[],"yoast_head":"<!-- This site is optimized with the Yoast SEO plugin v27.3 - https:\/\/yoast.com\/product\/yoast-seo-wordpress\/ -->\n<title>SBA 09 barierka schod\u00f3w przegubowych - Alustage<\/title>\n<meta name=\"robots\" content=\"index, follow, max-snippet:-1, max-image-preview:large, max-video-preview:-1\" \/>\n<link rel=\"canonical\" href=\"https:\/\/alustage.eu\/pl\/produkt\/sba-09-barierka-schodow-przegubowych\/\" \/>\n<meta property=\"og:locale\" content=\"pl_PL\" \/>\n<meta property=\"og:type\" content=\"article\" \/>\n<meta property=\"og:title\" content=\"SBA 09 barierka schod\u00f3w przegubowych - Alustage\" \/>\n<meta property=\"og:description\" content=\"Barierka schod\u00f3w przegubowych\" \/>\n<meta property=\"og:url\" content=\"https:\/\/alustage.eu\/pl\/produkt\/sba-09-barierka-schodow-przegubowych\/\" \/>\n<meta property=\"og:site_name\" content=\"Alustage\" \/>\n<meta property=\"article:modified_time\" content=\"2026-03-11T11:50:04+00:00\" \/>\n<meta property=\"og:image\" content=\"https:\/\/alustage.eu\/wp-content\/uploads\/2025\/11\/sba-09-aluminiowa-barierka.jpg\" \/>\n\t<meta property=\"og:image:width\" content=\"458\" \/>\n\t<meta property=\"og:image:height\" content=\"458\" \/>\n\t<meta property=\"og:image:type\" content=\"image\/jpeg\" \/>\n<meta name=\"twitter:card\" content=\"summary_large_image\" \/>\n<script type=\"application\/ld+json\" class=\"yoast-schema-graph\">{\"@context\":\"https:\\\/\\\/schema.org\",\"@graph\":[{\"@type\":\"WebPage\",\"@id\":\"https:\\\/\\\/alustage.eu\\\/pl\\\/produkt\\\/sba-09-barierka-schodow-przegubowych\\\/\",\"url\":\"https:\\\/\\\/alustage.eu\\\/pl\\\/produkt\\\/sba-09-barierka-schodow-przegubowych\\\/\",\"name\":\"SBA 09 barierka schod\u00f3w przegubowych - Alustage\",\"isPartOf\":{\"@id\":\"https:\\\/\\\/alustage.eu\\\/pl\\\/#website\"},\"primaryImageOfPage\":{\"@id\":\"https:\\\/\\\/alustage.eu\\\/pl\\\/produkt\\\/sba-09-barierka-schodow-przegubowych\\\/#primaryimage\"},\"image\":{\"@id\":\"https:\\\/\\\/alustage.eu\\\/pl\\\/produkt\\\/sba-09-barierka-schodow-przegubowych\\\/#primaryimage\"},\"thumbnailUrl\":\"https:\\\/\\\/alustage.eu\\\/wp-content\\\/uploads\\\/2025\\\/11\\\/sba-09-aluminiowa-barierka.jpg\",\"datePublished\":\"2026-02-27T07:13:31+00:00\",\"dateModified\":\"2026-03-11T11:50:04+00:00\",\"breadcrumb\":{\"@id\":\"https:\\\/\\\/alustage.eu\\\/pl\\\/produkt\\\/sba-09-barierka-schodow-przegubowych\\\/#breadcrumb\"},\"inLanguage\":\"pl-PL\",\"potentialAction\":[{\"@type\":\"ReadAction\",\"target\":[\"https:\\\/\\\/alustage.eu\\\/pl\\\/produkt\\\/sba-09-barierka-schodow-przegubowych\\\/\"]}]},{\"@type\":\"ImageObject\",\"inLanguage\":\"pl-PL\",\"@id\":\"https:\\\/\\\/alustage.eu\\\/pl\\\/produkt\\\/sba-09-barierka-schodow-przegubowych\\\/#primaryimage\",\"url\":\"https:\\\/\\\/alustage.eu\\\/wp-content\\\/uploads\\\/2025\\\/11\\\/sba-09-aluminiowa-barierka.jpg\",\"contentUrl\":\"https:\\\/\\\/alustage.eu\\\/wp-content\\\/uploads\\\/2025\\\/11\\\/sba-09-aluminiowa-barierka.jpg\",\"width\":458,\"height\":458},{\"@type\":\"BreadcrumbList\",\"@id\":\"https:\\\/\\\/alustage.eu\\\/pl\\\/produkt\\\/sba-09-barierka-schodow-przegubowych\\\/#breadcrumb\",\"itemListElement\":[{\"@type\":\"ListItem\",\"position\":1,\"name\":\"Strona g\u0142\u00f3wna\",\"item\":\"https:\\\/\\\/alustage.eu\\\/pl\\\/\"},{\"@type\":\"ListItem\",\"position\":2,\"name\":\"Produkty\",\"item\":\"https:\\\/\\\/alustage.eu\\\/pl\\\/produkty\\\/\"},{\"@type\":\"ListItem\",\"position\":3,\"name\":\"Scena\",\"item\":\"https:\\\/\\\/alustage.eu\\\/pl\\\/kategoria-produktu\\\/scena\\\/\"},{\"@type\":\"ListItem\",\"position\":4,\"name\":\"Aludeck Live\",\"item\":\"https:\\\/\\\/alustage.eu\\\/pl\\\/kategoria-produktu\\\/scena\\\/aludeck-live\\\/\"},{\"@type\":\"ListItem\",\"position\":5,\"name\":\"Schody\",\"item\":\"https:\\\/\\\/alustage.eu\\\/pl\\\/kategoria-produktu\\\/scena\\\/aludeck-live\\\/schody-6\\\/\"},{\"@type\":\"ListItem\",\"position\":6,\"name\":\"SBA 09 barierka schod\u00f3w przegubowych\"}]},{\"@type\":\"WebSite\",\"@id\":\"https:\\\/\\\/alustage.eu\\\/pl\\\/#website\",\"url\":\"https:\\\/\\\/alustage.eu\\\/pl\\\/\",\"name\":\"Alustage\",\"description\":\"\",\"publisher\":{\"@id\":\"https:\\\/\\\/alustage.eu\\\/pl\\\/#organization\"},\"potentialAction\":[{\"@type\":\"SearchAction\",\"target\":{\"@type\":\"EntryPoint\",\"urlTemplate\":\"https:\\\/\\\/alustage.eu\\\/pl\\\/?s={search_term_string}\"},\"query-input\":{\"@type\":\"PropertyValueSpecification\",\"valueRequired\":true,\"valueName\":\"search_term_string\"}}],\"inLanguage\":\"pl-PL\"},{\"@type\":\"Organization\",\"@id\":\"https:\\\/\\\/alustage.eu\\\/pl\\\/#organization\",\"name\":\"Alustage\",\"url\":\"https:\\\/\\\/alustage.eu\\\/pl\\\/\",\"logo\":{\"@type\":\"ImageObject\",\"inLanguage\":\"pl-PL\",\"@id\":\"https:\\\/\\\/alustage.eu\\\/pl\\\/#\\\/schema\\\/logo\\\/image\\\/\",\"url\":\"https:\\\/\\\/alustage.eu\\\/wp-content\\\/uploads\\\/2026\\\/01\\\/alustage_color.svg\",\"contentUrl\":\"https:\\\/\\\/alustage.eu\\\/wp-content\\\/uploads\\\/2026\\\/01\\\/alustage_color.svg\",\"caption\":\"Alustage\"},\"image\":{\"@id\":\"https:\\\/\\\/alustage.eu\\\/pl\\\/#\\\/schema\\\/logo\\\/image\\\/\"}}]}<\/script>\n<!-- \/ Yoast SEO plugin. -->","yoast_head_json":{"title":"SBA 09 barierka schod\u00f3w przegubowych - Alustage","robots":{"index":"index","follow":"follow","max-snippet":"max-snippet:-1","max-image-preview":"max-image-preview:large","max-video-preview":"max-video-preview:-1"},"canonical":"https:\/\/alustage.eu\/pl\/produkt\/sba-09-barierka-schodow-przegubowych\/","og_locale":"pl_PL","og_type":"article","og_title":"SBA 09 barierka schod\u00f3w przegubowych - Alustage","og_description":"Barierka schod\u00f3w przegubowych","og_url":"https:\/\/alustage.eu\/pl\/produkt\/sba-09-barierka-schodow-przegubowych\/","og_site_name":"Alustage","article_modified_time":"2026-03-11T11:50:04+00:00","og_image":[{"width":458,"height":458,"url":"https:\/\/alustage.eu\/wp-content\/uploads\/2025\/11\/sba-09-aluminiowa-barierka.jpg","type":"image\/jpeg"}],"twitter_card":"summary_large_image","schema":{"@context":"https:\/\/schema.org","@graph":[{"@type":"WebPage","@id":"https:\/\/alustage.eu\/pl\/produkt\/sba-09-barierka-schodow-przegubowych\/","url":"https:\/\/alustage.eu\/pl\/produkt\/sba-09-barierka-schodow-przegubowych\/","name":"SBA 09 barierka schod\u00f3w przegubowych - Alustage","isPartOf":{"@id":"https:\/\/alustage.eu\/pl\/#website"},"primaryImageOfPage":{"@id":"https:\/\/alustage.eu\/pl\/produkt\/sba-09-barierka-schodow-przegubowych\/#primaryimage"},"image":{"@id":"https:\/\/alustage.eu\/pl\/produkt\/sba-09-barierka-schodow-przegubowych\/#primaryimage"},"thumbnailUrl":"https:\/\/alustage.eu\/wp-content\/uploads\/2025\/11\/sba-09-aluminiowa-barierka.jpg","datePublished":"2026-02-27T07:13:31+00:00","dateModified":"2026-03-11T11:50:04+00:00","breadcrumb":{"@id":"https:\/\/alustage.eu\/pl\/produkt\/sba-09-barierka-schodow-przegubowych\/#breadcrumb"},"inLanguage":"pl-PL","potentialAction":[{"@type":"ReadAction","target":["https:\/\/alustage.eu\/pl\/produkt\/sba-09-barierka-schodow-przegubowych\/"]}]},{"@type":"ImageObject","inLanguage":"pl-PL","@id":"https:\/\/alustage.eu\/pl\/produkt\/sba-09-barierka-schodow-przegubowych\/#primaryimage","url":"https:\/\/alustage.eu\/wp-content\/uploads\/2025\/11\/sba-09-aluminiowa-barierka.jpg","contentUrl":"https:\/\/alustage.eu\/wp-content\/uploads\/2025\/11\/sba-09-aluminiowa-barierka.jpg","width":458,"height":458},{"@type":"BreadcrumbList","@id":"https:\/\/alustage.eu\/pl\/produkt\/sba-09-barierka-schodow-przegubowych\/#breadcrumb","itemListElement":[{"@type":"ListItem","position":1,"name":"Strona g\u0142\u00f3wna","item":"https:\/\/alustage.eu\/pl\/"},{"@type":"ListItem","position":2,"name":"Produkty","item":"https:\/\/alustage.eu\/pl\/produkty\/"},{"@type":"ListItem","position":3,"name":"Scena","item":"https:\/\/alustage.eu\/pl\/kategoria-produktu\/scena\/"},{"@type":"ListItem","position":4,"name":"Aludeck Live","item":"https:\/\/alustage.eu\/pl\/kategoria-produktu\/scena\/aludeck-live\/"},{"@type":"ListItem","position":5,"name":"Schody","item":"https:\/\/alustage.eu\/pl\/kategoria-produktu\/scena\/aludeck-live\/schody-6\/"},{"@type":"ListItem","position":6,"name":"SBA 09 barierka schod\u00f3w przegubowych"}]},{"@type":"WebSite","@id":"https:\/\/alustage.eu\/pl\/#website","url":"https:\/\/alustage.eu\/pl\/","name":"Alustage","description":"","publisher":{"@id":"https:\/\/alustage.eu\/pl\/#organization"},"potentialAction":[{"@type":"SearchAction","target":{"@type":"EntryPoint","urlTemplate":"https:\/\/alustage.eu\/pl\/?s={search_term_string}"},"query-input":{"@type":"PropertyValueSpecification","valueRequired":true,"valueName":"search_term_string"}}],"inLanguage":"pl-PL"},{"@type":"Organization","@id":"https:\/\/alustage.eu\/pl\/#organization","name":"Alustage","url":"https:\/\/alustage.eu\/pl\/","logo":{"@type":"ImageObject","inLanguage":"pl-PL","@id":"https:\/\/alustage.eu\/pl\/#\/schema\/logo\/image\/","url":"https:\/\/alustage.eu\/wp-content\/uploads\/2026\/01\/alustage_color.svg","contentUrl":"https:\/\/alustage.eu\/wp-content\/uploads\/2026\/01\/alustage_color.svg","caption":"Alustage"},"image":{"@id":"https:\/\/alustage.eu\/pl\/#\/schema\/logo\/image\/"}}]}},"taxonomy_info":{"product_cat":[{"value":1591,"label":"Aludeck Eco"},{"value":1602,"label":"Aludeck Event"},{"value":1611,"label":"Aludeck HD"},{"value":1621,"label":"Aludeck Light"},{"value":1634,"label":"Aludeck Live"},{"value":1650,"label":"Aludeck Ultra"},{"value":1575,"label":"Scena"},{"value":1608,"label":"Schody"},{"value":1618,"label":"Schody"},{"value":1599,"label":"Schody"},{"value":1631,"label":"Schody"},{"value":1638,"label":"Schody"},{"value":1658,"label":"Schody"},{"value":1665,"label":"Schody"}],"pa_waga":[{"value":1338,"label":"3.78 kg"}]},"featured_image_src_large":["https:\/\/alustage.eu\/wp-content\/uploads\/2025\/11\/sba-09-aluminiowa-barierka.jpg",458,458,false],"author_info":[],"comment_info":0,"_links":{"self":[{"href":"https:\/\/alustage.eu\/pl\/wp-json\/wp\/v2\/product\/16392","targetHints":{"allow":["GET"]}}],"collection":[{"href":"https:\/\/alustage.eu\/pl\/wp-json\/wp\/v2\/product"}],"about":[{"href":"https:\/\/alustage.eu\/pl\/wp-json\/wp\/v2\/types\/product"}],"replies":[{"embeddable":true,"href":"https:\/\/alustage.eu\/pl\/wp-json\/wp\/v2\/comments?post=16392"}],"wp:featuredmedia":[{"embeddable":true,"href":"https:\/\/alustage.eu\/pl\/wp-json\/wp\/v2\/media\/15829"}],"wp:attachment":[{"href":"https:\/\/alustage.eu\/pl\/wp-json\/wp\/v2\/media?parent=16392"}],"wp:term":[{"taxonomy":"product_brand","embeddable":true,"href":"https:\/\/alustage.eu\/pl\/wp-json\/wp\/v2\/product_brand?post=16392"},{"taxonomy":"product_cat","embeddable":true,"href":"https:\/\/alustage.eu\/pl\/wp-json\/wp\/v2\/product_cat?post=16392"},{"taxonomy":"product_tag","embeddable":true,"href":"https:\/\/alustage.eu\/pl\/wp-json\/wp\/v2\/product_tag?post=16392"}],"curies":[{"name":"wp","href":"https:\/\/api.w.org\/{rel}","templated":true}]}}