{"id":16391,"date":"2026-02-27T07:13:31","date_gmt":"2026-02-27T07:13:31","guid":{"rendered":"https:\/\/alustage.v-stage.pl\/product\/sma-aluminiowe-schody-modulowe\/"},"modified":"2026-03-11T11:50:01","modified_gmt":"2026-03-11T11:50:01","slug":"sma-aluminiowe-schody-modulowe","status":"publish","type":"product","link":"https:\/\/alustage.eu\/pl\/produkt\/sma-aluminiowe-schody-modulowe\/","title":{"rendered":"SMA aluminiowe schody modu\u0142owe"},"content":{"rendered":"<p>Uniwersalne schody modu\u0142owe SMA to profesjonalne rozwi\u0105zanie, kt\u00f3re dzi\u0119ki regulowanym stopkom mo\u017cna \u0142atwo wypoziomowa\u0107 nawet na bardzo nier\u00f3wnym pod\u0142o\u017cu. Wykonane z aluminium i sklejki, dost\u0119pne s\u0105 w 8 r\u00f3\u017cnych wysoko\u015bciach, co zapewnia elastyczno\u015b\u0107 w budowie sceny.<\/p>\n","protected":false},"excerpt":{"rendered":"<p>Aluminiowe schody modu\u0142owe<\/p>\n","protected":false},"featured_media":15823,"comment_status":"closed","ping_status":"open","template":"","meta":{"_acf_changed":false,"inline_featured_image":false,"_kad_blocks_custom_css":"","_kad_blocks_head_custom_js":"","_kad_blocks_body_custom_js":"","_kad_blocks_footer_custom_js":"","_kadence_starter_templates_imported_post":false,"_kad_post_transparent":"","_kad_post_title":"","_kad_post_layout":"","_kad_post_sidebar_id":"","_kad_post_content_style":"","_kad_post_vertical_padding":"","_kad_post_feature":"","_kad_post_feature_position":"","_kad_post_header":false,"_kad_post_footer":false,"_kad_post_classname":""},"product_brand":[],"product_cat":[1602,1611,1621,1650,1575,1608,1618,1631,1658,1665],"product_tag":[],"class_list":{"0":"post-16391","1":"product","2":"type-product","3":"status-publish","4":"has-post-thumbnail","6":"product_cat-aludeck-event","7":"product_cat-aludeck-hd","8":"product_cat-aludeck-light","9":"product_cat-aludeck-ultra","10":"product_cat-scena","11":"product_cat-schody-3","12":"product_cat-schody-4","13":"product_cat-schody-5","14":"product_cat-schody-8","15":"product_cat-schody-9","16":"pa_waga-88-15-kg","18":"first","19":"instock","20":"product-type-simple","21":"entry","22":"content-bg","23":"loop-entry"},"acf":[],"yoast_head":"<!-- This site is optimized with the Yoast SEO plugin v27.3 - https:\/\/yoast.com\/product\/yoast-seo-wordpress\/ -->\n<title>SMA aluminiowe schody modu\u0142owe - Alustage<\/title>\n<meta name=\"robots\" content=\"index, follow, max-snippet:-1, max-image-preview:large, max-video-preview:-1\" \/>\n<link rel=\"canonical\" href=\"https:\/\/alustage.eu\/pl\/produkt\/sma-aluminiowe-schody-modulowe\/\" \/>\n<meta property=\"og:locale\" content=\"pl_PL\" \/>\n<meta property=\"og:type\" content=\"article\" \/>\n<meta property=\"og:title\" content=\"SMA aluminiowe schody modu\u0142owe - Alustage\" \/>\n<meta property=\"og:description\" content=\"Aluminiowe schody modu\u0142owe\" \/>\n<meta property=\"og:url\" content=\"https:\/\/alustage.eu\/pl\/produkt\/sma-aluminiowe-schody-modulowe\/\" \/>\n<meta property=\"og:site_name\" content=\"Alustage\" \/>\n<meta property=\"article:modified_time\" content=\"2026-03-11T11:50:01+00:00\" \/>\n<meta property=\"og:image\" content=\"https:\/\/alustage.eu\/wp-content\/uploads\/2025\/11\/universal-modular-stairs-10-3.jpg\" \/>\n\t<meta property=\"og:image:width\" content=\"800\" \/>\n\t<meta property=\"og:image:height\" content=\"800\" \/>\n\t<meta property=\"og:image:type\" content=\"image\/jpeg\" \/>\n<meta name=\"twitter:card\" content=\"summary_large_image\" \/>\n<script type=\"application\/ld+json\" class=\"yoast-schema-graph\">{\"@context\":\"https:\\\/\\\/schema.org\",\"@graph\":[{\"@type\":\"WebPage\",\"@id\":\"https:\\\/\\\/alustage.eu\\\/pl\\\/produkt\\\/sma-aluminiowe-schody-modulowe\\\/\",\"url\":\"https:\\\/\\\/alustage.eu\\\/pl\\\/produkt\\\/sma-aluminiowe-schody-modulowe\\\/\",\"name\":\"SMA aluminiowe schody modu\u0142owe - Alustage\",\"isPartOf\":{\"@id\":\"https:\\\/\\\/alustage.eu\\\/pl\\\/#website\"},\"primaryImageOfPage\":{\"@id\":\"https:\\\/\\\/alustage.eu\\\/pl\\\/produkt\\\/sma-aluminiowe-schody-modulowe\\\/#primaryimage\"},\"image\":{\"@id\":\"https:\\\/\\\/alustage.eu\\\/pl\\\/produkt\\\/sma-aluminiowe-schody-modulowe\\\/#primaryimage\"},\"thumbnailUrl\":\"https:\\\/\\\/alustage.eu\\\/wp-content\\\/uploads\\\/2025\\\/11\\\/universal-modular-stairs-10-3.jpg\",\"datePublished\":\"2026-02-27T07:13:31+00:00\",\"dateModified\":\"2026-03-11T11:50:01+00:00\",\"breadcrumb\":{\"@id\":\"https:\\\/\\\/alustage.eu\\\/pl\\\/produkt\\\/sma-aluminiowe-schody-modulowe\\\/#breadcrumb\"},\"inLanguage\":\"pl-PL\",\"potentialAction\":[{\"@type\":\"ReadAction\",\"target\":[\"https:\\\/\\\/alustage.eu\\\/pl\\\/produkt\\\/sma-aluminiowe-schody-modulowe\\\/\"]}]},{\"@type\":\"ImageObject\",\"inLanguage\":\"pl-PL\",\"@id\":\"https:\\\/\\\/alustage.eu\\\/pl\\\/produkt\\\/sma-aluminiowe-schody-modulowe\\\/#primaryimage\",\"url\":\"https:\\\/\\\/alustage.eu\\\/wp-content\\\/uploads\\\/2025\\\/11\\\/universal-modular-stairs-10-3.jpg\",\"contentUrl\":\"https:\\\/\\\/alustage.eu\\\/wp-content\\\/uploads\\\/2025\\\/11\\\/universal-modular-stairs-10-3.jpg\",\"width\":800,\"height\":800},{\"@type\":\"BreadcrumbList\",\"@id\":\"https:\\\/\\\/alustage.eu\\\/pl\\\/produkt\\\/sma-aluminiowe-schody-modulowe\\\/#breadcrumb\",\"itemListElement\":[{\"@type\":\"ListItem\",\"position\":1,\"name\":\"Strona g\u0142\u00f3wna\",\"item\":\"https:\\\/\\\/alustage.eu\\\/pl\\\/\"},{\"@type\":\"ListItem\",\"position\":2,\"name\":\"Produkty\",\"item\":\"https:\\\/\\\/alustage.eu\\\/pl\\\/produkty\\\/\"},{\"@type\":\"ListItem\",\"position\":3,\"name\":\"Scena\",\"item\":\"https:\\\/\\\/alustage.eu\\\/pl\\\/kategoria-produktu\\\/scena\\\/\"},{\"@type\":\"ListItem\",\"position\":4,\"name\":\"Aludeck Light\",\"item\":\"https:\\\/\\\/alustage.eu\\\/pl\\\/kategoria-produktu\\\/scena\\\/aludeck-light\\\/\"},{\"@type\":\"ListItem\",\"position\":5,\"name\":\"Schody\",\"item\":\"https:\\\/\\\/alustage.eu\\\/pl\\\/kategoria-produktu\\\/scena\\\/aludeck-light\\\/schody-5\\\/\"},{\"@type\":\"ListItem\",\"position\":6,\"name\":\"SMA aluminiowe schody modu\u0142owe\"}]},{\"@type\":\"WebSite\",\"@id\":\"https:\\\/\\\/alustage.eu\\\/pl\\\/#website\",\"url\":\"https:\\\/\\\/alustage.eu\\\/pl\\\/\",\"name\":\"Alustage\",\"description\":\"\",\"publisher\":{\"@id\":\"https:\\\/\\\/alustage.eu\\\/pl\\\/#organization\"},\"potentialAction\":[{\"@type\":\"SearchAction\",\"target\":{\"@type\":\"EntryPoint\",\"urlTemplate\":\"https:\\\/\\\/alustage.eu\\\/pl\\\/?s={search_term_string}\"},\"query-input\":{\"@type\":\"PropertyValueSpecification\",\"valueRequired\":true,\"valueName\":\"search_term_string\"}}],\"inLanguage\":\"pl-PL\"},{\"@type\":\"Organization\",\"@id\":\"https:\\\/\\\/alustage.eu\\\/pl\\\/#organization\",\"name\":\"Alustage\",\"url\":\"https:\\\/\\\/alustage.eu\\\/pl\\\/\",\"logo\":{\"@type\":\"ImageObject\",\"inLanguage\":\"pl-PL\",\"@id\":\"https:\\\/\\\/alustage.eu\\\/pl\\\/#\\\/schema\\\/logo\\\/image\\\/\",\"url\":\"https:\\\/\\\/alustage.eu\\\/wp-content\\\/uploads\\\/2026\\\/01\\\/alustage_color.svg\",\"contentUrl\":\"https:\\\/\\\/alustage.eu\\\/wp-content\\\/uploads\\\/2026\\\/01\\\/alustage_color.svg\",\"caption\":\"Alustage\"},\"image\":{\"@id\":\"https:\\\/\\\/alustage.eu\\\/pl\\\/#\\\/schema\\\/logo\\\/image\\\/\"}}]}<\/script>\n<!-- \/ Yoast SEO plugin. -->","yoast_head_json":{"title":"SMA aluminiowe schody modu\u0142owe - Alustage","robots":{"index":"index","follow":"follow","max-snippet":"max-snippet:-1","max-image-preview":"max-image-preview:large","max-video-preview":"max-video-preview:-1"},"canonical":"https:\/\/alustage.eu\/pl\/produkt\/sma-aluminiowe-schody-modulowe\/","og_locale":"pl_PL","og_type":"article","og_title":"SMA aluminiowe schody modu\u0142owe - Alustage","og_description":"Aluminiowe schody modu\u0142owe","og_url":"https:\/\/alustage.eu\/pl\/produkt\/sma-aluminiowe-schody-modulowe\/","og_site_name":"Alustage","article_modified_time":"2026-03-11T11:50:01+00:00","og_image":[{"width":800,"height":800,"url":"https:\/\/alustage.eu\/wp-content\/uploads\/2025\/11\/universal-modular-stairs-10-3.jpg","type":"image\/jpeg"}],"twitter_card":"summary_large_image","schema":{"@context":"https:\/\/schema.org","@graph":[{"@type":"WebPage","@id":"https:\/\/alustage.eu\/pl\/produkt\/sma-aluminiowe-schody-modulowe\/","url":"https:\/\/alustage.eu\/pl\/produkt\/sma-aluminiowe-schody-modulowe\/","name":"SMA aluminiowe schody modu\u0142owe - Alustage","isPartOf":{"@id":"https:\/\/alustage.eu\/pl\/#website"},"primaryImageOfPage":{"@id":"https:\/\/alustage.eu\/pl\/produkt\/sma-aluminiowe-schody-modulowe\/#primaryimage"},"image":{"@id":"https:\/\/alustage.eu\/pl\/produkt\/sma-aluminiowe-schody-modulowe\/#primaryimage"},"thumbnailUrl":"https:\/\/alustage.eu\/wp-content\/uploads\/2025\/11\/universal-modular-stairs-10-3.jpg","datePublished":"2026-02-27T07:13:31+00:00","dateModified":"2026-03-11T11:50:01+00:00","breadcrumb":{"@id":"https:\/\/alustage.eu\/pl\/produkt\/sma-aluminiowe-schody-modulowe\/#breadcrumb"},"inLanguage":"pl-PL","potentialAction":[{"@type":"ReadAction","target":["https:\/\/alustage.eu\/pl\/produkt\/sma-aluminiowe-schody-modulowe\/"]}]},{"@type":"ImageObject","inLanguage":"pl-PL","@id":"https:\/\/alustage.eu\/pl\/produkt\/sma-aluminiowe-schody-modulowe\/#primaryimage","url":"https:\/\/alustage.eu\/wp-content\/uploads\/2025\/11\/universal-modular-stairs-10-3.jpg","contentUrl":"https:\/\/alustage.eu\/wp-content\/uploads\/2025\/11\/universal-modular-stairs-10-3.jpg","width":800,"height":800},{"@type":"BreadcrumbList","@id":"https:\/\/alustage.eu\/pl\/produkt\/sma-aluminiowe-schody-modulowe\/#breadcrumb","itemListElement":[{"@type":"ListItem","position":1,"name":"Strona g\u0142\u00f3wna","item":"https:\/\/alustage.eu\/pl\/"},{"@type":"ListItem","position":2,"name":"Produkty","item":"https:\/\/alustage.eu\/pl\/produkty\/"},{"@type":"ListItem","position":3,"name":"Scena","item":"https:\/\/alustage.eu\/pl\/kategoria-produktu\/scena\/"},{"@type":"ListItem","position":4,"name":"Aludeck Light","item":"https:\/\/alustage.eu\/pl\/kategoria-produktu\/scena\/aludeck-light\/"},{"@type":"ListItem","position":5,"name":"Schody","item":"https:\/\/alustage.eu\/pl\/kategoria-produktu\/scena\/aludeck-light\/schody-5\/"},{"@type":"ListItem","position":6,"name":"SMA aluminiowe schody modu\u0142owe"}]},{"@type":"WebSite","@id":"https:\/\/alustage.eu\/pl\/#website","url":"https:\/\/alustage.eu\/pl\/","name":"Alustage","description":"","publisher":{"@id":"https:\/\/alustage.eu\/pl\/#organization"},"potentialAction":[{"@type":"SearchAction","target":{"@type":"EntryPoint","urlTemplate":"https:\/\/alustage.eu\/pl\/?s={search_term_string}"},"query-input":{"@type":"PropertyValueSpecification","valueRequired":true,"valueName":"search_term_string"}}],"inLanguage":"pl-PL"},{"@type":"Organization","@id":"https:\/\/alustage.eu\/pl\/#organization","name":"Alustage","url":"https:\/\/alustage.eu\/pl\/","logo":{"@type":"ImageObject","inLanguage":"pl-PL","@id":"https:\/\/alustage.eu\/pl\/#\/schema\/logo\/image\/","url":"https:\/\/alustage.eu\/wp-content\/uploads\/2026\/01\/alustage_color.svg","contentUrl":"https:\/\/alustage.eu\/wp-content\/uploads\/2026\/01\/alustage_color.svg","caption":"Alustage"},"image":{"@id":"https:\/\/alustage.eu\/pl\/#\/schema\/logo\/image\/"}}]}},"taxonomy_info":{"product_cat":[{"value":1602,"label":"Aludeck Event"},{"value":1611,"label":"Aludeck HD"},{"value":1621,"label":"Aludeck Light"},{"value":1650,"label":"Aludeck Ultra"},{"value":1575,"label":"Scena"},{"value":1608,"label":"Schody"},{"value":1618,"label":"Schody"},{"value":1631,"label":"Schody"},{"value":1658,"label":"Schody"},{"value":1665,"label":"Schody"}],"pa_waga":[{"value":1336,"label":"88.15 kg"}]},"featured_image_src_large":["https:\/\/alustage.eu\/wp-content\/uploads\/2025\/11\/universal-modular-stairs-10-3.jpg",800,800,false],"author_info":[],"comment_info":0,"_links":{"self":[{"href":"https:\/\/alustage.eu\/pl\/wp-json\/wp\/v2\/product\/16391","targetHints":{"allow":["GET"]}}],"collection":[{"href":"https:\/\/alustage.eu\/pl\/wp-json\/wp\/v2\/product"}],"about":[{"href":"https:\/\/alustage.eu\/pl\/wp-json\/wp\/v2\/types\/product"}],"replies":[{"embeddable":true,"href":"https:\/\/alustage.eu\/pl\/wp-json\/wp\/v2\/comments?post=16391"}],"wp:featuredmedia":[{"embeddable":true,"href":"https:\/\/alustage.eu\/pl\/wp-json\/wp\/v2\/media\/15823"}],"wp:attachment":[{"href":"https:\/\/alustage.eu\/pl\/wp-json\/wp\/v2\/media?parent=16391"}],"wp:term":[{"taxonomy":"product_brand","embeddable":true,"href":"https:\/\/alustage.eu\/pl\/wp-json\/wp\/v2\/product_brand?post=16391"},{"taxonomy":"product_cat","embeddable":true,"href":"https:\/\/alustage.eu\/pl\/wp-json\/wp\/v2\/product_cat?post=16391"},{"taxonomy":"product_tag","embeddable":true,"href":"https:\/\/alustage.eu\/pl\/wp-json\/wp\/v2\/product_tag?post=16391"}],"curies":[{"name":"wp","href":"https:\/\/api.w.org\/{rel}","templated":true}]}}