{"id":16386,"date":"2026-02-27T07:13:31","date_gmt":"2026-02-27T07:13:31","guid":{"rendered":"https:\/\/alustage.v-stage.pl\/product\/sm-10-schody-modulowe\/"},"modified":"2026-03-24T13:57:03","modified_gmt":"2026-03-24T13:57:03","slug":"sm-10-schody-modulowe","status":"publish","type":"product","link":"https:\/\/alustage.eu\/pl\/produkt\/sm-10-schody-modulowe\/","title":{"rendered":"SM-10 schody modu\u0142owe"},"content":{"rendered":"<p>Schody modu\u0142owe SM-10 o wysoko\u015bci 100 cm to uniwersalne rozwi\u0105zanie na podesty sceniczne, zapewniaj\u0105ce bezpieczny i stabilny dost\u0119p. Wykonane z profilu stalowego, wa\u017c\u0105 8,47 kg i wyposa\u017cone s\u0105 w regulowane stopki, co umo\u017cliwia \u0142atwe poziomowanie nawet na nier\u00f3wnym pod\u0142o\u017cu.<\/p>\n","protected":false},"excerpt":{"rendered":"<p>Schody modu\u0142owe<\/p>\n","protected":false},"featured_media":0,"comment_status":"closed","ping_status":"open","template":"","meta":{"_acf_changed":false,"inline_featured_image":false,"_kad_blocks_custom_css":"","_kad_blocks_head_custom_js":"","_kad_blocks_body_custom_js":"","_kad_blocks_footer_custom_js":"","_kadence_starter_templates_imported_post":false,"_kad_post_transparent":"default","_kad_post_title":"","_kad_post_layout":"default","_kad_post_sidebar_id":"","_kad_post_content_style":"default","_kad_post_vertical_padding":"default","_kad_post_feature":"","_kad_post_feature_position":"","_kad_post_header":false,"_kad_post_footer":false,"_kad_post_classname":""},"product_brand":[],"product_cat":[1591,1602,1611,1621,1575,1599,1665,1608,1618,1631,1667,1633,1620,1610,1601],"product_tag":[],"class_list":{"0":"post-16386","1":"product","2":"type-product","3":"status-publish","5":"product_cat-aludeck-eco","6":"product_cat-aludeck-event","7":"product_cat-aludeck-hd","8":"product_cat-aludeck-light","9":"product_cat-scena","10":"product_cat-schody-2","11":"product_cat-schody-9","12":"product_cat-schody-3","13":"product_cat-schody-4","14":"product_cat-schody-5","15":"product_cat-schody-modulowe-8","16":"product_cat-schody-modulowe-5","17":"product_cat-schody-modulowe-4","18":"product_cat-schody-modulowe-3","19":"product_cat-schody-modulowe-2","21":"first","22":"instock","23":"product-type-simple","24":"entry","25":"content-bg","26":"loop-entry"},"acf":[],"yoast_head":"<!-- This site is optimized with the Yoast SEO plugin v27.3 - https:\/\/yoast.com\/product\/yoast-seo-wordpress\/ -->\n<title>SM-10 schody modu\u0142owe - Alustage<\/title>\n<meta name=\"robots\" content=\"index, follow, max-snippet:-1, max-image-preview:large, max-video-preview:-1\" \/>\n<link rel=\"canonical\" href=\"https:\/\/alustage.eu\/pl\/produkt\/sm-10-schody-modulowe\/\" \/>\n<meta property=\"og:locale\" content=\"pl_PL\" \/>\n<meta property=\"og:type\" content=\"article\" \/>\n<meta property=\"og:title\" content=\"SM-10 schody modu\u0142owe - Alustage\" \/>\n<meta property=\"og:description\" content=\"Schody modu\u0142owe\" \/>\n<meta property=\"og:url\" content=\"https:\/\/alustage.eu\/pl\/produkt\/sm-10-schody-modulowe\/\" \/>\n<meta property=\"og:site_name\" content=\"Alustage\" \/>\n<meta property=\"article:modified_time\" content=\"2026-03-24T13:57:03+00:00\" \/>\n<meta name=\"twitter:card\" content=\"summary_large_image\" \/>\n<meta name=\"twitter:label1\" content=\"Szacowany czas czytania\" \/>\n\t<meta name=\"twitter:data1\" content=\"1 minuta\" \/>\n<script type=\"application\/ld+json\" class=\"yoast-schema-graph\">{\"@context\":\"https:\\\/\\\/schema.org\",\"@graph\":[{\"@type\":\"WebPage\",\"@id\":\"https:\\\/\\\/alustage.eu\\\/pl\\\/produkt\\\/sm-10-schody-modulowe\\\/\",\"url\":\"https:\\\/\\\/alustage.eu\\\/pl\\\/produkt\\\/sm-10-schody-modulowe\\\/\",\"name\":\"SM-10 schody modu\u0142owe - Alustage\",\"isPartOf\":{\"@id\":\"https:\\\/\\\/alustage.eu\\\/pl\\\/#website\"},\"datePublished\":\"2026-02-27T07:13:31+00:00\",\"dateModified\":\"2026-03-24T13:57:03+00:00\",\"breadcrumb\":{\"@id\":\"https:\\\/\\\/alustage.eu\\\/pl\\\/produkt\\\/sm-10-schody-modulowe\\\/#breadcrumb\"},\"inLanguage\":\"pl-PL\",\"potentialAction\":[{\"@type\":\"ReadAction\",\"target\":[\"https:\\\/\\\/alustage.eu\\\/pl\\\/produkt\\\/sm-10-schody-modulowe\\\/\"]}]},{\"@type\":\"BreadcrumbList\",\"@id\":\"https:\\\/\\\/alustage.eu\\\/pl\\\/produkt\\\/sm-10-schody-modulowe\\\/#breadcrumb\",\"itemListElement\":[{\"@type\":\"ListItem\",\"position\":1,\"name\":\"Strona g\u0142\u00f3wna\",\"item\":\"https:\\\/\\\/alustage.eu\\\/pl\\\/\"},{\"@type\":\"ListItem\",\"position\":2,\"name\":\"Produkty\",\"item\":\"https:\\\/\\\/alustage.eu\\\/pl\\\/produkty\\\/\"},{\"@type\":\"ListItem\",\"position\":3,\"name\":\"Scena\",\"item\":\"https:\\\/\\\/alustage.eu\\\/pl\\\/kategoria-produktu\\\/scena\\\/\"},{\"@type\":\"ListItem\",\"position\":4,\"name\":\"Aludeck Event\",\"item\":\"https:\\\/\\\/alustage.eu\\\/pl\\\/kategoria-produktu\\\/scena\\\/aludeck-event\\\/\"},{\"@type\":\"ListItem\",\"position\":5,\"name\":\"Schody\",\"item\":\"https:\\\/\\\/alustage.eu\\\/pl\\\/kategoria-produktu\\\/scena\\\/aludeck-event\\\/schody-3\\\/\"},{\"@type\":\"ListItem\",\"position\":6,\"name\":\"Schody Modu\u0142owe\",\"item\":\"https:\\\/\\\/alustage.eu\\\/pl\\\/kategoria-produktu\\\/scena\\\/aludeck-event\\\/schody-3\\\/schody-modulowe-3\\\/\"},{\"@type\":\"ListItem\",\"position\":7,\"name\":\"SM-10 schody modu\u0142owe\"}]},{\"@type\":\"WebSite\",\"@id\":\"https:\\\/\\\/alustage.eu\\\/pl\\\/#website\",\"url\":\"https:\\\/\\\/alustage.eu\\\/pl\\\/\",\"name\":\"Alustage\",\"description\":\"\",\"publisher\":{\"@id\":\"https:\\\/\\\/alustage.eu\\\/pl\\\/#organization\"},\"potentialAction\":[{\"@type\":\"SearchAction\",\"target\":{\"@type\":\"EntryPoint\",\"urlTemplate\":\"https:\\\/\\\/alustage.eu\\\/pl\\\/?s={search_term_string}\"},\"query-input\":{\"@type\":\"PropertyValueSpecification\",\"valueRequired\":true,\"valueName\":\"search_term_string\"}}],\"inLanguage\":\"pl-PL\"},{\"@type\":\"Organization\",\"@id\":\"https:\\\/\\\/alustage.eu\\\/pl\\\/#organization\",\"name\":\"Alustage\",\"url\":\"https:\\\/\\\/alustage.eu\\\/pl\\\/\",\"logo\":{\"@type\":\"ImageObject\",\"inLanguage\":\"pl-PL\",\"@id\":\"https:\\\/\\\/alustage.eu\\\/pl\\\/#\\\/schema\\\/logo\\\/image\\\/\",\"url\":\"https:\\\/\\\/alustage.eu\\\/wp-content\\\/uploads\\\/2026\\\/01\\\/alustage_color.svg\",\"contentUrl\":\"https:\\\/\\\/alustage.eu\\\/wp-content\\\/uploads\\\/2026\\\/01\\\/alustage_color.svg\",\"caption\":\"Alustage\"},\"image\":{\"@id\":\"https:\\\/\\\/alustage.eu\\\/pl\\\/#\\\/schema\\\/logo\\\/image\\\/\"}}]}<\/script>\n<!-- \/ Yoast SEO plugin. -->","yoast_head_json":{"title":"SM-10 schody modu\u0142owe - Alustage","robots":{"index":"index","follow":"follow","max-snippet":"max-snippet:-1","max-image-preview":"max-image-preview:large","max-video-preview":"max-video-preview:-1"},"canonical":"https:\/\/alustage.eu\/pl\/produkt\/sm-10-schody-modulowe\/","og_locale":"pl_PL","og_type":"article","og_title":"SM-10 schody modu\u0142owe - Alustage","og_description":"Schody modu\u0142owe","og_url":"https:\/\/alustage.eu\/pl\/produkt\/sm-10-schody-modulowe\/","og_site_name":"Alustage","article_modified_time":"2026-03-24T13:57:03+00:00","twitter_card":"summary_large_image","twitter_misc":{"Szacowany czas czytania":"1 minuta"},"schema":{"@context":"https:\/\/schema.org","@graph":[{"@type":"WebPage","@id":"https:\/\/alustage.eu\/pl\/produkt\/sm-10-schody-modulowe\/","url":"https:\/\/alustage.eu\/pl\/produkt\/sm-10-schody-modulowe\/","name":"SM-10 schody modu\u0142owe - Alustage","isPartOf":{"@id":"https:\/\/alustage.eu\/pl\/#website"},"datePublished":"2026-02-27T07:13:31+00:00","dateModified":"2026-03-24T13:57:03+00:00","breadcrumb":{"@id":"https:\/\/alustage.eu\/pl\/produkt\/sm-10-schody-modulowe\/#breadcrumb"},"inLanguage":"pl-PL","potentialAction":[{"@type":"ReadAction","target":["https:\/\/alustage.eu\/pl\/produkt\/sm-10-schody-modulowe\/"]}]},{"@type":"BreadcrumbList","@id":"https:\/\/alustage.eu\/pl\/produkt\/sm-10-schody-modulowe\/#breadcrumb","itemListElement":[{"@type":"ListItem","position":1,"name":"Strona g\u0142\u00f3wna","item":"https:\/\/alustage.eu\/pl\/"},{"@type":"ListItem","position":2,"name":"Produkty","item":"https:\/\/alustage.eu\/pl\/produkty\/"},{"@type":"ListItem","position":3,"name":"Scena","item":"https:\/\/alustage.eu\/pl\/kategoria-produktu\/scena\/"},{"@type":"ListItem","position":4,"name":"Aludeck Event","item":"https:\/\/alustage.eu\/pl\/kategoria-produktu\/scena\/aludeck-event\/"},{"@type":"ListItem","position":5,"name":"Schody","item":"https:\/\/alustage.eu\/pl\/kategoria-produktu\/scena\/aludeck-event\/schody-3\/"},{"@type":"ListItem","position":6,"name":"Schody Modu\u0142owe","item":"https:\/\/alustage.eu\/pl\/kategoria-produktu\/scena\/aludeck-event\/schody-3\/schody-modulowe-3\/"},{"@type":"ListItem","position":7,"name":"SM-10 schody modu\u0142owe"}]},{"@type":"WebSite","@id":"https:\/\/alustage.eu\/pl\/#website","url":"https:\/\/alustage.eu\/pl\/","name":"Alustage","description":"","publisher":{"@id":"https:\/\/alustage.eu\/pl\/#organization"},"potentialAction":[{"@type":"SearchAction","target":{"@type":"EntryPoint","urlTemplate":"https:\/\/alustage.eu\/pl\/?s={search_term_string}"},"query-input":{"@type":"PropertyValueSpecification","valueRequired":true,"valueName":"search_term_string"}}],"inLanguage":"pl-PL"},{"@type":"Organization","@id":"https:\/\/alustage.eu\/pl\/#organization","name":"Alustage","url":"https:\/\/alustage.eu\/pl\/","logo":{"@type":"ImageObject","inLanguage":"pl-PL","@id":"https:\/\/alustage.eu\/pl\/#\/schema\/logo\/image\/","url":"https:\/\/alustage.eu\/wp-content\/uploads\/2026\/01\/alustage_color.svg","contentUrl":"https:\/\/alustage.eu\/wp-content\/uploads\/2026\/01\/alustage_color.svg","caption":"Alustage"},"image":{"@id":"https:\/\/alustage.eu\/pl\/#\/schema\/logo\/image\/"}}]}},"taxonomy_info":{"product_cat":[{"value":1591,"label":"Aludeck Eco"},{"value":1602,"label":"Aludeck Event"},{"value":1611,"label":"Aludeck HD"},{"value":1621,"label":"Aludeck Light"},{"value":1575,"label":"Scena"},{"value":1599,"label":"Schody"},{"value":1665,"label":"Schody"},{"value":1608,"label":"Schody"},{"value":1618,"label":"Schody"},{"value":1631,"label":"Schody"},{"value":1667,"label":"Schody Modu\u0142owe"},{"value":1633,"label":"Schody Modu\u0142owe"},{"value":1620,"label":"Schody Modu\u0142owe"},{"value":1610,"label":"Schody Modu\u0142owe"},{"value":1601,"label":"Schody Modu\u0142owe"}]},"featured_image_src_large":false,"author_info":[],"comment_info":0,"_links":{"self":[{"href":"https:\/\/alustage.eu\/pl\/wp-json\/wp\/v2\/product\/16386","targetHints":{"allow":["GET"]}}],"collection":[{"href":"https:\/\/alustage.eu\/pl\/wp-json\/wp\/v2\/product"}],"about":[{"href":"https:\/\/alustage.eu\/pl\/wp-json\/wp\/v2\/types\/product"}],"replies":[{"embeddable":true,"href":"https:\/\/alustage.eu\/pl\/wp-json\/wp\/v2\/comments?post=16386"}],"wp:attachment":[{"href":"https:\/\/alustage.eu\/pl\/wp-json\/wp\/v2\/media?parent=16386"}],"wp:term":[{"taxonomy":"product_brand","embeddable":true,"href":"https:\/\/alustage.eu\/pl\/wp-json\/wp\/v2\/product_brand?post=16386"},{"taxonomy":"product_cat","embeddable":true,"href":"https:\/\/alustage.eu\/pl\/wp-json\/wp\/v2\/product_cat?post=16386"},{"taxonomy":"product_tag","embeddable":true,"href":"https:\/\/alustage.eu\/pl\/wp-json\/wp\/v2\/product_tag?post=16386"}],"curies":[{"name":"wp","href":"https:\/\/api.w.org\/{rel}","templated":true}]}}