{"id":16380,"date":"2026-02-27T07:13:15","date_gmt":"2026-02-27T07:13:15","guid":{"rendered":"https:\/\/alustage.v-stage.pl\/product\/scd-07-kwadratowe-stezenie-nog-z-klamrami\/"},"modified":"2026-03-11T11:49:33","modified_gmt":"2026-03-11T11:49:33","slug":"scd-07-kwadratowe-stezenie-nog-z-klamrami","status":"publish","type":"product","link":"https:\/\/alustage.eu\/pl\/produkt\/scd-07-kwadratowe-stezenie-nog-z-klamrami\/","title":{"rendered":"SCD 07 kwadratowe st\u0119\u017cenie n\u00f3g z klamrami"},"content":{"rendered":"<p>St\u0119\u017cenie n\u00f3g SCD 07 1 m\/2 m to niezb\u0119dny dodatek, kt\u00f3ry znacz\u0105co zwi\u0119ksza stabilno\u015b\u0107 i bezpiecze\u0144stwo podest\u00f3w scenicznych. S\u0142u\u017c\u0105 do \u0142\u0105czenia n\u00f3g, tworz\u0105c sztywn\u0105 konstrukcj\u0119, co jest kluczowe w przypadku scen o wysoko\u015bci powy\u017cej 140 cm i na nier\u00f3wnym pod\u0142o\u017cu. Eliminuj\u0105 one drgania i chybotanie, zapewniaj\u0105c solidn\u0105 i bezpieczn\u0105 platform\u0119 dla wykonawc\u00f3w i publiczno\u015bci. Dost\u0119pne w dw\u00f3ch rozmiarach: 1 m lub 2 m.<\/p>\n","protected":false},"excerpt":{"rendered":"<p>Kwadratowe st\u0119\u017cenie n\u00f3g z klamrami<\/p>\n","protected":false},"featured_media":0,"comment_status":"closed","ping_status":"open","template":"","meta":{"_acf_changed":false,"inline_featured_image":false,"_kad_blocks_custom_css":"","_kad_blocks_head_custom_js":"","_kad_blocks_body_custom_js":"","_kad_blocks_footer_custom_js":"","_kadence_starter_templates_imported_post":false,"_kad_post_transparent":"","_kad_post_title":"","_kad_post_layout":"","_kad_post_sidebar_id":"","_kad_post_content_style":"","_kad_post_vertical_padding":"","_kad_post_feature":"","_kad_post_feature_position":"","_kad_post_header":false,"_kad_post_footer":false,"_kad_post_classname":""},"product_brand":[],"product_cat":[1576,1621,1627,1575,1582,1630],"product_tag":[],"class_list":{"0":"post-16380","1":"product","2":"type-product","3":"status-publish","5":"product_cat-akcesoria","6":"product_cat-aludeck-light","7":"product_cat-nogi-4","8":"product_cat-scena","9":"product_cat-stezenie-nog","10":"product_cat-stezenie-nog-2","11":"pa_fulfillment-12-mm-plywood-black-hexa-100-birch","12":"pa_maximum-load-60-00-kg","13":"pa_waga-2-97-kg-4-01-kg","15":"first","16":"instock","17":"product-type-simple","18":"entry","19":"content-bg","20":"loop-entry"},"acf":[],"yoast_head":"<!-- This site is optimized with the Yoast SEO plugin v27.3 - https:\/\/yoast.com\/product\/yoast-seo-wordpress\/ -->\n<title>SCD 07 kwadratowe st\u0119\u017cenie n\u00f3g z klamrami - Alustage<\/title>\n<meta name=\"robots\" content=\"index, follow, max-snippet:-1, max-image-preview:large, max-video-preview:-1\" \/>\n<link rel=\"canonical\" href=\"https:\/\/alustage.eu\/pl\/produkt\/scd-07-kwadratowe-stezenie-nog-z-klamrami\/\" \/>\n<meta property=\"og:locale\" content=\"pl_PL\" \/>\n<meta property=\"og:type\" content=\"article\" \/>\n<meta property=\"og:title\" content=\"SCD 07 kwadratowe st\u0119\u017cenie n\u00f3g z klamrami - Alustage\" \/>\n<meta property=\"og:description\" content=\"Kwadratowe st\u0119\u017cenie n\u00f3g z klamrami\" \/>\n<meta property=\"og:url\" content=\"https:\/\/alustage.eu\/pl\/produkt\/scd-07-kwadratowe-stezenie-nog-z-klamrami\/\" \/>\n<meta property=\"og:site_name\" content=\"Alustage\" \/>\n<meta property=\"article:modified_time\" content=\"2026-03-11T11:49:33+00:00\" \/>\n<meta name=\"twitter:card\" content=\"summary_large_image\" \/>\n<script type=\"application\/ld+json\" class=\"yoast-schema-graph\">{\"@context\":\"https:\\\/\\\/schema.org\",\"@graph\":[{\"@type\":\"WebPage\",\"@id\":\"https:\\\/\\\/alustage.eu\\\/pl\\\/produkt\\\/scd-07-kwadratowe-stezenie-nog-z-klamrami\\\/\",\"url\":\"https:\\\/\\\/alustage.eu\\\/pl\\\/produkt\\\/scd-07-kwadratowe-stezenie-nog-z-klamrami\\\/\",\"name\":\"SCD 07 kwadratowe st\u0119\u017cenie n\u00f3g z klamrami - Alustage\",\"isPartOf\":{\"@id\":\"https:\\\/\\\/alustage.eu\\\/pl\\\/#website\"},\"datePublished\":\"2026-02-27T07:13:15+00:00\",\"dateModified\":\"2026-03-11T11:49:33+00:00\",\"breadcrumb\":{\"@id\":\"https:\\\/\\\/alustage.eu\\\/pl\\\/produkt\\\/scd-07-kwadratowe-stezenie-nog-z-klamrami\\\/#breadcrumb\"},\"inLanguage\":\"pl-PL\",\"potentialAction\":[{\"@type\":\"ReadAction\",\"target\":[\"https:\\\/\\\/alustage.eu\\\/pl\\\/produkt\\\/scd-07-kwadratowe-stezenie-nog-z-klamrami\\\/\"]}]},{\"@type\":\"BreadcrumbList\",\"@id\":\"https:\\\/\\\/alustage.eu\\\/pl\\\/produkt\\\/scd-07-kwadratowe-stezenie-nog-z-klamrami\\\/#breadcrumb\",\"itemListElement\":[{\"@type\":\"ListItem\",\"position\":1,\"name\":\"Strona g\u0142\u00f3wna\",\"item\":\"https:\\\/\\\/alustage.eu\\\/pl\\\/strona-glowna\\\/\"},{\"@type\":\"ListItem\",\"position\":2,\"name\":\"Produkty\",\"item\":\"https:\\\/\\\/alustage.eu\\\/pl\\\/produkty\\\/\"},{\"@type\":\"ListItem\",\"position\":3,\"name\":\"Podesty sceniczne\",\"item\":\"https:\\\/\\\/alustage.eu\\\/pl\\\/kategoria-produktu\\\/scena\\\/\"},{\"@type\":\"ListItem\",\"position\":4,\"name\":\"Aludeck Light\",\"item\":\"https:\\\/\\\/alustage.eu\\\/pl\\\/kategoria-produktu\\\/scena\\\/aludeck-light\\\/\"},{\"@type\":\"ListItem\",\"position\":5,\"name\":\"Nogi\",\"item\":\"https:\\\/\\\/alustage.eu\\\/pl\\\/kategoria-produktu\\\/scena\\\/aludeck-light\\\/nogi-4\\\/\"},{\"@type\":\"ListItem\",\"position\":6,\"name\":\"St\u0119\u017cenie N\u00f3g\",\"item\":\"https:\\\/\\\/alustage.eu\\\/pl\\\/kategoria-produktu\\\/scena\\\/aludeck-light\\\/nogi-4\\\/stezenie-nog-2\\\/\"},{\"@type\":\"ListItem\",\"position\":7,\"name\":\"SCD 07 kwadratowe st\u0119\u017cenie n\u00f3g z klamrami\"}]},{\"@type\":\"WebSite\",\"@id\":\"https:\\\/\\\/alustage.eu\\\/pl\\\/#website\",\"url\":\"https:\\\/\\\/alustage.eu\\\/pl\\\/\",\"name\":\"Alustage\",\"description\":\"\",\"publisher\":{\"@id\":\"https:\\\/\\\/alustage.eu\\\/pl\\\/#organization\"},\"potentialAction\":[{\"@type\":\"SearchAction\",\"target\":{\"@type\":\"EntryPoint\",\"urlTemplate\":\"https:\\\/\\\/alustage.eu\\\/pl\\\/?s={search_term_string}\"},\"query-input\":{\"@type\":\"PropertyValueSpecification\",\"valueRequired\":true,\"valueName\":\"search_term_string\"}}],\"inLanguage\":\"pl-PL\"},{\"@type\":\"Organization\",\"@id\":\"https:\\\/\\\/alustage.eu\\\/pl\\\/#organization\",\"name\":\"Alustage\",\"url\":\"https:\\\/\\\/alustage.eu\\\/pl\\\/\",\"logo\":{\"@type\":\"ImageObject\",\"inLanguage\":\"pl-PL\",\"@id\":\"https:\\\/\\\/alustage.eu\\\/pl\\\/#\\\/schema\\\/logo\\\/image\\\/\",\"url\":\"https:\\\/\\\/alustage.eu\\\/wp-content\\\/uploads\\\/2026\\\/01\\\/alustage_color.svg\",\"contentUrl\":\"https:\\\/\\\/alustage.eu\\\/wp-content\\\/uploads\\\/2026\\\/01\\\/alustage_color.svg\",\"caption\":\"Alustage\"},\"image\":{\"@id\":\"https:\\\/\\\/alustage.eu\\\/pl\\\/#\\\/schema\\\/logo\\\/image\\\/\"}}]}<\/script>\n<!-- \/ Yoast SEO plugin. -->","yoast_head_json":{"title":"SCD 07 kwadratowe st\u0119\u017cenie n\u00f3g z klamrami - Alustage","robots":{"index":"index","follow":"follow","max-snippet":"max-snippet:-1","max-image-preview":"max-image-preview:large","max-video-preview":"max-video-preview:-1"},"canonical":"https:\/\/alustage.eu\/pl\/produkt\/scd-07-kwadratowe-stezenie-nog-z-klamrami\/","og_locale":"pl_PL","og_type":"article","og_title":"SCD 07 kwadratowe st\u0119\u017cenie n\u00f3g z klamrami - Alustage","og_description":"Kwadratowe st\u0119\u017cenie n\u00f3g z klamrami","og_url":"https:\/\/alustage.eu\/pl\/produkt\/scd-07-kwadratowe-stezenie-nog-z-klamrami\/","og_site_name":"Alustage","article_modified_time":"2026-03-11T11:49:33+00:00","twitter_card":"summary_large_image","schema":{"@context":"https:\/\/schema.org","@graph":[{"@type":"WebPage","@id":"https:\/\/alustage.eu\/pl\/produkt\/scd-07-kwadratowe-stezenie-nog-z-klamrami\/","url":"https:\/\/alustage.eu\/pl\/produkt\/scd-07-kwadratowe-stezenie-nog-z-klamrami\/","name":"SCD 07 kwadratowe st\u0119\u017cenie n\u00f3g z klamrami - Alustage","isPartOf":{"@id":"https:\/\/alustage.eu\/pl\/#website"},"datePublished":"2026-02-27T07:13:15+00:00","dateModified":"2026-03-11T11:49:33+00:00","breadcrumb":{"@id":"https:\/\/alustage.eu\/pl\/produkt\/scd-07-kwadratowe-stezenie-nog-z-klamrami\/#breadcrumb"},"inLanguage":"pl-PL","potentialAction":[{"@type":"ReadAction","target":["https:\/\/alustage.eu\/pl\/produkt\/scd-07-kwadratowe-stezenie-nog-z-klamrami\/"]}]},{"@type":"BreadcrumbList","@id":"https:\/\/alustage.eu\/pl\/produkt\/scd-07-kwadratowe-stezenie-nog-z-klamrami\/#breadcrumb","itemListElement":[{"@type":"ListItem","position":1,"name":"Strona g\u0142\u00f3wna","item":"https:\/\/alustage.eu\/pl\/strona-glowna\/"},{"@type":"ListItem","position":2,"name":"Produkty","item":"https:\/\/alustage.eu\/pl\/produkty\/"},{"@type":"ListItem","position":3,"name":"Podesty sceniczne","item":"https:\/\/alustage.eu\/pl\/kategoria-produktu\/scena\/"},{"@type":"ListItem","position":4,"name":"Aludeck Light","item":"https:\/\/alustage.eu\/pl\/kategoria-produktu\/scena\/aludeck-light\/"},{"@type":"ListItem","position":5,"name":"Nogi","item":"https:\/\/alustage.eu\/pl\/kategoria-produktu\/scena\/aludeck-light\/nogi-4\/"},{"@type":"ListItem","position":6,"name":"St\u0119\u017cenie N\u00f3g","item":"https:\/\/alustage.eu\/pl\/kategoria-produktu\/scena\/aludeck-light\/nogi-4\/stezenie-nog-2\/"},{"@type":"ListItem","position":7,"name":"SCD 07 kwadratowe st\u0119\u017cenie n\u00f3g z klamrami"}]},{"@type":"WebSite","@id":"https:\/\/alustage.eu\/pl\/#website","url":"https:\/\/alustage.eu\/pl\/","name":"Alustage","description":"","publisher":{"@id":"https:\/\/alustage.eu\/pl\/#organization"},"potentialAction":[{"@type":"SearchAction","target":{"@type":"EntryPoint","urlTemplate":"https:\/\/alustage.eu\/pl\/?s={search_term_string}"},"query-input":{"@type":"PropertyValueSpecification","valueRequired":true,"valueName":"search_term_string"}}],"inLanguage":"pl-PL"},{"@type":"Organization","@id":"https:\/\/alustage.eu\/pl\/#organization","name":"Alustage","url":"https:\/\/alustage.eu\/pl\/","logo":{"@type":"ImageObject","inLanguage":"pl-PL","@id":"https:\/\/alustage.eu\/pl\/#\/schema\/logo\/image\/","url":"https:\/\/alustage.eu\/wp-content\/uploads\/2026\/01\/alustage_color.svg","contentUrl":"https:\/\/alustage.eu\/wp-content\/uploads\/2026\/01\/alustage_color.svg","caption":"Alustage"},"image":{"@id":"https:\/\/alustage.eu\/pl\/#\/schema\/logo\/image\/"}}]}},"taxonomy_info":{"product_cat":[{"value":1576,"label":"Akcesoria"},{"value":1621,"label":"Aludeck Light"},{"value":1627,"label":"Nogi"},{"value":1575,"label":"Podesty sceniczne"},{"value":1582,"label":"St\u0119\u017cenie N\u00f3g"},{"value":1630,"label":"St\u0119\u017cenie N\u00f3g"}],"pa_fulfillment":[{"value":1778,"label":"12 mm plywood black hexa (100% birch)"}],"pa_maximum-load":[{"value":1810,"label":"60.00 kg"}],"pa_waga":[{"value":1324,"label":"2.97 kg - 4.01 kg"}]},"featured_image_src_large":false,"author_info":[],"comment_info":0,"_links":{"self":[{"href":"https:\/\/alustage.eu\/pl\/wp-json\/wp\/v2\/product\/16380","targetHints":{"allow":["GET"]}}],"collection":[{"href":"https:\/\/alustage.eu\/pl\/wp-json\/wp\/v2\/product"}],"about":[{"href":"https:\/\/alustage.eu\/pl\/wp-json\/wp\/v2\/types\/product"}],"replies":[{"embeddable":true,"href":"https:\/\/alustage.eu\/pl\/wp-json\/wp\/v2\/comments?post=16380"}],"wp:attachment":[{"href":"https:\/\/alustage.eu\/pl\/wp-json\/wp\/v2\/media?parent=16380"}],"wp:term":[{"taxonomy":"product_brand","embeddable":true,"href":"https:\/\/alustage.eu\/pl\/wp-json\/wp\/v2\/product_brand?post=16380"},{"taxonomy":"product_cat","embeddable":true,"href":"https:\/\/alustage.eu\/pl\/wp-json\/wp\/v2\/product_cat?post=16380"},{"taxonomy":"product_tag","embeddable":true,"href":"https:\/\/alustage.eu\/pl\/wp-json\/wp\/v2\/product_tag?post=16380"}],"curies":[{"name":"wp","href":"https:\/\/api.w.org\/{rel}","templated":true}]}}