{"id":16374,"date":"2026-02-27T07:13:15","date_gmt":"2026-02-27T07:13:15","guid":{"rendered":"https:\/\/alustage.v-stage.pl\/product\/slw-nogi-stale-na-kolach\/"},"modified":"2026-03-11T11:49:16","modified_gmt":"2026-03-11T11:49:16","slug":"slw-nogi-stale-na-kolach","status":"publish","type":"product","link":"https:\/\/alustage.eu\/pl\/produkt\/slw-nogi-stale-na-kolach\/","title":{"rendered":"SLW nogi sta\u0142e na ko\u0142ach"},"content":{"rendered":"<p>Nogi sta\u0142e SLW z k\u00f3\u0142kami to innowacyjne rozwi\u0105zanie \u0142\u0105cz\u0105ce mobilno\u015b\u0107 ze stabilno\u015bci\u0105. Ich d\u0142ugo\u015b\u0107, zale\u017cna od zam\u00f3wienia, decyduje o wysoko\u015bci platformy. Nogi maj\u0105 g\u0142\u0119boko\u015b\u0107 80 mm.<\/p>\n","protected":false},"excerpt":{"rendered":"<p>Nogi sta\u0142e na ko\u0142ach<\/p>\n","protected":false},"featured_media":15780,"comment_status":"closed","ping_status":"open","template":"","meta":{"_acf_changed":false,"inline_featured_image":false,"_kad_blocks_custom_css":"","_kad_blocks_head_custom_js":"","_kad_blocks_body_custom_js":"","_kad_blocks_footer_custom_js":"","_kadence_starter_templates_imported_post":false,"_kad_post_transparent":"","_kad_post_title":"","_kad_post_layout":"","_kad_post_sidebar_id":"","_kad_post_content_style":"","_kad_post_vertical_padding":"","_kad_post_feature":"","_kad_post_feature_position":"","_kad_post_header":false,"_kad_post_footer":false,"_kad_post_classname":""},"product_brand":[],"product_cat":[1591,1611,1621,1596,1616,1627,1663,1575],"product_tag":[],"class_list":{"0":"post-16374","1":"product","2":"type-product","3":"status-publish","4":"has-post-thumbnail","6":"product_cat-aludeck-eco","7":"product_cat-aludeck-hd","8":"product_cat-aludeck-light","9":"product_cat-nogi","10":"product_cat-nogi-3","11":"product_cat-nogi-4","12":"product_cat-nogi-7","13":"product_cat-scena","14":"pa_waga-zalezy-od-wysokosci","16":"first","17":"instock","18":"product-type-simple","19":"entry","20":"content-bg","21":"loop-entry"},"acf":[],"yoast_head":"<!-- This site is optimized with the Yoast SEO plugin v27.3 - https:\/\/yoast.com\/product\/yoast-seo-wordpress\/ -->\n<title>SLW nogi sta\u0142e na ko\u0142ach - Alustage<\/title>\n<meta name=\"robots\" content=\"index, follow, max-snippet:-1, max-image-preview:large, max-video-preview:-1\" \/>\n<link rel=\"canonical\" href=\"https:\/\/alustage.eu\/pl\/produkt\/slw-nogi-stale-na-kolach\/\" \/>\n<meta property=\"og:locale\" content=\"pl_PL\" \/>\n<meta property=\"og:type\" content=\"article\" \/>\n<meta property=\"og:title\" content=\"SLW nogi sta\u0142e na ko\u0142ach - Alustage\" \/>\n<meta property=\"og:description\" content=\"Nogi sta\u0142e na ko\u0142ach\" \/>\n<meta property=\"og:url\" content=\"https:\/\/alustage.eu\/pl\/produkt\/slw-nogi-stale-na-kolach\/\" \/>\n<meta property=\"og:site_name\" content=\"Alustage\" \/>\n<meta property=\"article:modified_time\" content=\"2026-03-11T11:49:16+00:00\" \/>\n<meta property=\"og:image\" content=\"https:\/\/alustage.eu\/wp-content\/uploads\/2025\/11\/nogi-stale-na-kolach-slw.jpg\" \/>\n\t<meta property=\"og:image:width\" content=\"458\" \/>\n\t<meta property=\"og:image:height\" content=\"458\" \/>\n\t<meta property=\"og:image:type\" content=\"image\/jpeg\" \/>\n<meta name=\"twitter:card\" content=\"summary_large_image\" \/>\n<script type=\"application\/ld+json\" class=\"yoast-schema-graph\">{\"@context\":\"https:\\\/\\\/schema.org\",\"@graph\":[{\"@type\":\"WebPage\",\"@id\":\"https:\\\/\\\/alustage.eu\\\/pl\\\/produkt\\\/slw-nogi-stale-na-kolach\\\/\",\"url\":\"https:\\\/\\\/alustage.eu\\\/pl\\\/produkt\\\/slw-nogi-stale-na-kolach\\\/\",\"name\":\"SLW nogi sta\u0142e na ko\u0142ach - Alustage\",\"isPartOf\":{\"@id\":\"https:\\\/\\\/alustage.eu\\\/pl\\\/#website\"},\"primaryImageOfPage\":{\"@id\":\"https:\\\/\\\/alustage.eu\\\/pl\\\/produkt\\\/slw-nogi-stale-na-kolach\\\/#primaryimage\"},\"image\":{\"@id\":\"https:\\\/\\\/alustage.eu\\\/pl\\\/produkt\\\/slw-nogi-stale-na-kolach\\\/#primaryimage\"},\"thumbnailUrl\":\"https:\\\/\\\/alustage.eu\\\/wp-content\\\/uploads\\\/2025\\\/11\\\/nogi-stale-na-kolach-slw.jpg\",\"datePublished\":\"2026-02-27T07:13:15+00:00\",\"dateModified\":\"2026-03-11T11:49:16+00:00\",\"breadcrumb\":{\"@id\":\"https:\\\/\\\/alustage.eu\\\/pl\\\/produkt\\\/slw-nogi-stale-na-kolach\\\/#breadcrumb\"},\"inLanguage\":\"pl-PL\",\"potentialAction\":[{\"@type\":\"ReadAction\",\"target\":[\"https:\\\/\\\/alustage.eu\\\/pl\\\/produkt\\\/slw-nogi-stale-na-kolach\\\/\"]}]},{\"@type\":\"ImageObject\",\"inLanguage\":\"pl-PL\",\"@id\":\"https:\\\/\\\/alustage.eu\\\/pl\\\/produkt\\\/slw-nogi-stale-na-kolach\\\/#primaryimage\",\"url\":\"https:\\\/\\\/alustage.eu\\\/wp-content\\\/uploads\\\/2025\\\/11\\\/nogi-stale-na-kolach-slw.jpg\",\"contentUrl\":\"https:\\\/\\\/alustage.eu\\\/wp-content\\\/uploads\\\/2025\\\/11\\\/nogi-stale-na-kolach-slw.jpg\",\"width\":458,\"height\":458},{\"@type\":\"BreadcrumbList\",\"@id\":\"https:\\\/\\\/alustage.eu\\\/pl\\\/produkt\\\/slw-nogi-stale-na-kolach\\\/#breadcrumb\",\"itemListElement\":[{\"@type\":\"ListItem\",\"position\":1,\"name\":\"Strona g\u0142\u00f3wna\",\"item\":\"https:\\\/\\\/alustage.eu\\\/pl\\\/\"},{\"@type\":\"ListItem\",\"position\":2,\"name\":\"Produkty\",\"item\":\"https:\\\/\\\/alustage.eu\\\/pl\\\/produkty\\\/\"},{\"@type\":\"ListItem\",\"position\":3,\"name\":\"Scena\",\"item\":\"https:\\\/\\\/alustage.eu\\\/pl\\\/kategoria-produktu\\\/scena\\\/\"},{\"@type\":\"ListItem\",\"position\":4,\"name\":\"Aludeck Light\",\"item\":\"https:\\\/\\\/alustage.eu\\\/pl\\\/kategoria-produktu\\\/scena\\\/aludeck-light\\\/\"},{\"@type\":\"ListItem\",\"position\":5,\"name\":\"Nogi\",\"item\":\"https:\\\/\\\/alustage.eu\\\/pl\\\/kategoria-produktu\\\/scena\\\/aludeck-light\\\/nogi-4\\\/\"},{\"@type\":\"ListItem\",\"position\":6,\"name\":\"SLW nogi sta\u0142e na ko\u0142ach\"}]},{\"@type\":\"WebSite\",\"@id\":\"https:\\\/\\\/alustage.eu\\\/pl\\\/#website\",\"url\":\"https:\\\/\\\/alustage.eu\\\/pl\\\/\",\"name\":\"Alustage\",\"description\":\"\",\"publisher\":{\"@id\":\"https:\\\/\\\/alustage.eu\\\/pl\\\/#organization\"},\"potentialAction\":[{\"@type\":\"SearchAction\",\"target\":{\"@type\":\"EntryPoint\",\"urlTemplate\":\"https:\\\/\\\/alustage.eu\\\/pl\\\/?s={search_term_string}\"},\"query-input\":{\"@type\":\"PropertyValueSpecification\",\"valueRequired\":true,\"valueName\":\"search_term_string\"}}],\"inLanguage\":\"pl-PL\"},{\"@type\":\"Organization\",\"@id\":\"https:\\\/\\\/alustage.eu\\\/pl\\\/#organization\",\"name\":\"Alustage\",\"url\":\"https:\\\/\\\/alustage.eu\\\/pl\\\/\",\"logo\":{\"@type\":\"ImageObject\",\"inLanguage\":\"pl-PL\",\"@id\":\"https:\\\/\\\/alustage.eu\\\/pl\\\/#\\\/schema\\\/logo\\\/image\\\/\",\"url\":\"https:\\\/\\\/alustage.eu\\\/wp-content\\\/uploads\\\/2026\\\/01\\\/alustage_color.svg\",\"contentUrl\":\"https:\\\/\\\/alustage.eu\\\/wp-content\\\/uploads\\\/2026\\\/01\\\/alustage_color.svg\",\"caption\":\"Alustage\"},\"image\":{\"@id\":\"https:\\\/\\\/alustage.eu\\\/pl\\\/#\\\/schema\\\/logo\\\/image\\\/\"}}]}<\/script>\n<!-- \/ Yoast SEO plugin. -->","yoast_head_json":{"title":"SLW nogi sta\u0142e na ko\u0142ach - Alustage","robots":{"index":"index","follow":"follow","max-snippet":"max-snippet:-1","max-image-preview":"max-image-preview:large","max-video-preview":"max-video-preview:-1"},"canonical":"https:\/\/alustage.eu\/pl\/produkt\/slw-nogi-stale-na-kolach\/","og_locale":"pl_PL","og_type":"article","og_title":"SLW nogi sta\u0142e na ko\u0142ach - Alustage","og_description":"Nogi sta\u0142e na ko\u0142ach","og_url":"https:\/\/alustage.eu\/pl\/produkt\/slw-nogi-stale-na-kolach\/","og_site_name":"Alustage","article_modified_time":"2026-03-11T11:49:16+00:00","og_image":[{"width":458,"height":458,"url":"https:\/\/alustage.eu\/wp-content\/uploads\/2025\/11\/nogi-stale-na-kolach-slw.jpg","type":"image\/jpeg"}],"twitter_card":"summary_large_image","schema":{"@context":"https:\/\/schema.org","@graph":[{"@type":"WebPage","@id":"https:\/\/alustage.eu\/pl\/produkt\/slw-nogi-stale-na-kolach\/","url":"https:\/\/alustage.eu\/pl\/produkt\/slw-nogi-stale-na-kolach\/","name":"SLW nogi sta\u0142e na ko\u0142ach - Alustage","isPartOf":{"@id":"https:\/\/alustage.eu\/pl\/#website"},"primaryImageOfPage":{"@id":"https:\/\/alustage.eu\/pl\/produkt\/slw-nogi-stale-na-kolach\/#primaryimage"},"image":{"@id":"https:\/\/alustage.eu\/pl\/produkt\/slw-nogi-stale-na-kolach\/#primaryimage"},"thumbnailUrl":"https:\/\/alustage.eu\/wp-content\/uploads\/2025\/11\/nogi-stale-na-kolach-slw.jpg","datePublished":"2026-02-27T07:13:15+00:00","dateModified":"2026-03-11T11:49:16+00:00","breadcrumb":{"@id":"https:\/\/alustage.eu\/pl\/produkt\/slw-nogi-stale-na-kolach\/#breadcrumb"},"inLanguage":"pl-PL","potentialAction":[{"@type":"ReadAction","target":["https:\/\/alustage.eu\/pl\/produkt\/slw-nogi-stale-na-kolach\/"]}]},{"@type":"ImageObject","inLanguage":"pl-PL","@id":"https:\/\/alustage.eu\/pl\/produkt\/slw-nogi-stale-na-kolach\/#primaryimage","url":"https:\/\/alustage.eu\/wp-content\/uploads\/2025\/11\/nogi-stale-na-kolach-slw.jpg","contentUrl":"https:\/\/alustage.eu\/wp-content\/uploads\/2025\/11\/nogi-stale-na-kolach-slw.jpg","width":458,"height":458},{"@type":"BreadcrumbList","@id":"https:\/\/alustage.eu\/pl\/produkt\/slw-nogi-stale-na-kolach\/#breadcrumb","itemListElement":[{"@type":"ListItem","position":1,"name":"Strona g\u0142\u00f3wna","item":"https:\/\/alustage.eu\/pl\/"},{"@type":"ListItem","position":2,"name":"Produkty","item":"https:\/\/alustage.eu\/pl\/produkty\/"},{"@type":"ListItem","position":3,"name":"Scena","item":"https:\/\/alustage.eu\/pl\/kategoria-produktu\/scena\/"},{"@type":"ListItem","position":4,"name":"Aludeck Light","item":"https:\/\/alustage.eu\/pl\/kategoria-produktu\/scena\/aludeck-light\/"},{"@type":"ListItem","position":5,"name":"Nogi","item":"https:\/\/alustage.eu\/pl\/kategoria-produktu\/scena\/aludeck-light\/nogi-4\/"},{"@type":"ListItem","position":6,"name":"SLW nogi sta\u0142e na ko\u0142ach"}]},{"@type":"WebSite","@id":"https:\/\/alustage.eu\/pl\/#website","url":"https:\/\/alustage.eu\/pl\/","name":"Alustage","description":"","publisher":{"@id":"https:\/\/alustage.eu\/pl\/#organization"},"potentialAction":[{"@type":"SearchAction","target":{"@type":"EntryPoint","urlTemplate":"https:\/\/alustage.eu\/pl\/?s={search_term_string}"},"query-input":{"@type":"PropertyValueSpecification","valueRequired":true,"valueName":"search_term_string"}}],"inLanguage":"pl-PL"},{"@type":"Organization","@id":"https:\/\/alustage.eu\/pl\/#organization","name":"Alustage","url":"https:\/\/alustage.eu\/pl\/","logo":{"@type":"ImageObject","inLanguage":"pl-PL","@id":"https:\/\/alustage.eu\/pl\/#\/schema\/logo\/image\/","url":"https:\/\/alustage.eu\/wp-content\/uploads\/2026\/01\/alustage_color.svg","contentUrl":"https:\/\/alustage.eu\/wp-content\/uploads\/2026\/01\/alustage_color.svg","caption":"Alustage"},"image":{"@id":"https:\/\/alustage.eu\/pl\/#\/schema\/logo\/image\/"}}]}},"taxonomy_info":{"product_cat":[{"value":1591,"label":"Aludeck Eco"},{"value":1611,"label":"Aludeck HD"},{"value":1621,"label":"Aludeck Light"},{"value":1596,"label":"Nogi"},{"value":1616,"label":"Nogi"},{"value":1627,"label":"Nogi"},{"value":1663,"label":"Nogi"},{"value":1575,"label":"Scena"}],"pa_waga":[{"value":1320,"label":"Zale\u017cy od wysoko\u015bci"}]},"featured_image_src_large":["https:\/\/alustage.eu\/wp-content\/uploads\/2025\/11\/nogi-stale-na-kolach-slw.jpg",458,458,false],"author_info":[],"comment_info":0,"_links":{"self":[{"href":"https:\/\/alustage.eu\/pl\/wp-json\/wp\/v2\/product\/16374","targetHints":{"allow":["GET"]}}],"collection":[{"href":"https:\/\/alustage.eu\/pl\/wp-json\/wp\/v2\/product"}],"about":[{"href":"https:\/\/alustage.eu\/pl\/wp-json\/wp\/v2\/types\/product"}],"replies":[{"embeddable":true,"href":"https:\/\/alustage.eu\/pl\/wp-json\/wp\/v2\/comments?post=16374"}],"wp:featuredmedia":[{"embeddable":true,"href":"https:\/\/alustage.eu\/pl\/wp-json\/wp\/v2\/media\/15780"}],"wp:attachment":[{"href":"https:\/\/alustage.eu\/pl\/wp-json\/wp\/v2\/media?parent=16374"}],"wp:term":[{"taxonomy":"product_brand","embeddable":true,"href":"https:\/\/alustage.eu\/pl\/wp-json\/wp\/v2\/product_brand?post=16374"},{"taxonomy":"product_cat","embeddable":true,"href":"https:\/\/alustage.eu\/pl\/wp-json\/wp\/v2\/product_cat?post=16374"},{"taxonomy":"product_tag","embeddable":true,"href":"https:\/\/alustage.eu\/pl\/wp-json\/wp\/v2\/product_tag?post=16374"}],"curies":[{"name":"wp","href":"https:\/\/api.w.org\/{rel}","templated":true}]}}