{"id":16372,"date":"2026-02-27T07:13:15","date_gmt":"2026-02-27T07:13:15","guid":{"rendered":"https:\/\/alustage.v-stage.pl\/product\/rl-nogi-okragle\/"},"modified":"2026-03-11T11:49:10","modified_gmt":"2026-03-11T11:49:10","slug":"rl-nogi-okragle","status":"publish","type":"product","link":"https:\/\/alustage.eu\/pl\/produkt\/rl-nogi-okragle\/","title":{"rendered":"RL nogi okr\u0105g\u0142e"},"content":{"rendered":"<p>Nogi okr\u0105g\u0142e RL to solidne, sta\u0142e nogi do podest\u00f3w scenicznych o \u015brednicy 48&#215;3 mm. Zapewniaj\u0105 stabilne i bezpieczne podparcie, a ich wysoko\u015b\u0107 zale\u017cy od zam\u00f3wionej d\u0142ugo\u015bci, co pozwala na precyzyjne dopasowanie do projektu. Powy\u017cej wysoko\u015bci 1,40 m wymagane jest usztywnienie n\u00f3g ze wzgl\u0119d\u00f3w bezpiecze\u0144stwa.<\/p>\n","protected":false},"excerpt":{"rendered":"<p>Nogi okr\u0105g\u0142e<\/p>\n","protected":false},"featured_media":15772,"comment_status":"closed","ping_status":"open","template":"","meta":{"_acf_changed":false,"inline_featured_image":false,"_kad_blocks_custom_css":"","_kad_blocks_head_custom_js":"","_kad_blocks_body_custom_js":"","_kad_blocks_footer_custom_js":"","_kadence_starter_templates_imported_post":false,"_kad_post_transparent":"","_kad_post_title":"","_kad_post_layout":"","_kad_post_sidebar_id":"","_kad_post_content_style":"","_kad_post_vertical_padding":"","_kad_post_feature":"","_kad_post_feature_position":"","_kad_post_header":false,"_kad_post_footer":false,"_kad_post_classname":""},"product_brand":[],"product_cat":[1591,1602,1621,1634,1650,1596,1606,1627,1637,1655,1663,1575],"product_tag":[],"class_list":{"0":"post-16372","1":"product","2":"type-product","3":"status-publish","4":"has-post-thumbnail","6":"product_cat-aludeck-eco","7":"product_cat-aludeck-event","8":"product_cat-aludeck-light","9":"product_cat-aludeck-live","10":"product_cat-aludeck-ultra","11":"product_cat-nogi","12":"product_cat-nogi-2","13":"product_cat-nogi-4","14":"product_cat-nogi-5","15":"product_cat-nogi-6","16":"product_cat-nogi-7","17":"product_cat-scena","18":"pa_waga-zalezy-od-wysokosci","20":"first","21":"instock","22":"product-type-simple","23":"entry","24":"content-bg","25":"loop-entry"},"acf":[],"yoast_head":"<!-- This site is optimized with the Yoast SEO plugin v27.3 - https:\/\/yoast.com\/product\/yoast-seo-wordpress\/ -->\n<title>RL nogi okr\u0105g\u0142e - Alustage<\/title>\n<meta name=\"robots\" content=\"index, follow, max-snippet:-1, max-image-preview:large, max-video-preview:-1\" \/>\n<link rel=\"canonical\" href=\"https:\/\/alustage.eu\/pl\/produkt\/rl-nogi-okragle\/\" \/>\n<meta property=\"og:locale\" content=\"pl_PL\" \/>\n<meta property=\"og:type\" content=\"article\" \/>\n<meta property=\"og:title\" content=\"RL nogi okr\u0105g\u0142e - Alustage\" \/>\n<meta property=\"og:description\" content=\"Nogi okr\u0105g\u0142e\" \/>\n<meta property=\"og:url\" content=\"https:\/\/alustage.eu\/pl\/produkt\/rl-nogi-okragle\/\" \/>\n<meta property=\"og:site_name\" content=\"Alustage\" \/>\n<meta property=\"article:modified_time\" content=\"2026-03-11T11:49:10+00:00\" \/>\n<meta property=\"og:image\" content=\"https:\/\/alustage.eu\/wp-content\/uploads\/2025\/11\/nogi-okragle-rl-02.jpg\" \/>\n\t<meta property=\"og:image:width\" content=\"458\" \/>\n\t<meta property=\"og:image:height\" content=\"458\" \/>\n\t<meta property=\"og:image:type\" content=\"image\/jpeg\" \/>\n<meta name=\"twitter:card\" content=\"summary_large_image\" \/>\n<script type=\"application\/ld+json\" class=\"yoast-schema-graph\">{\"@context\":\"https:\\\/\\\/schema.org\",\"@graph\":[{\"@type\":\"WebPage\",\"@id\":\"https:\\\/\\\/alustage.eu\\\/pl\\\/produkt\\\/rl-nogi-okragle\\\/\",\"url\":\"https:\\\/\\\/alustage.eu\\\/pl\\\/produkt\\\/rl-nogi-okragle\\\/\",\"name\":\"RL nogi okr\u0105g\u0142e - Alustage\",\"isPartOf\":{\"@id\":\"https:\\\/\\\/alustage.eu\\\/pl\\\/#website\"},\"primaryImageOfPage\":{\"@id\":\"https:\\\/\\\/alustage.eu\\\/pl\\\/produkt\\\/rl-nogi-okragle\\\/#primaryimage\"},\"image\":{\"@id\":\"https:\\\/\\\/alustage.eu\\\/pl\\\/produkt\\\/rl-nogi-okragle\\\/#primaryimage\"},\"thumbnailUrl\":\"https:\\\/\\\/alustage.eu\\\/wp-content\\\/uploads\\\/2025\\\/11\\\/nogi-okragle-rl-02.jpg\",\"datePublished\":\"2026-02-27T07:13:15+00:00\",\"dateModified\":\"2026-03-11T11:49:10+00:00\",\"breadcrumb\":{\"@id\":\"https:\\\/\\\/alustage.eu\\\/pl\\\/produkt\\\/rl-nogi-okragle\\\/#breadcrumb\"},\"inLanguage\":\"pl-PL\",\"potentialAction\":[{\"@type\":\"ReadAction\",\"target\":[\"https:\\\/\\\/alustage.eu\\\/pl\\\/produkt\\\/rl-nogi-okragle\\\/\"]}]},{\"@type\":\"ImageObject\",\"inLanguage\":\"pl-PL\",\"@id\":\"https:\\\/\\\/alustage.eu\\\/pl\\\/produkt\\\/rl-nogi-okragle\\\/#primaryimage\",\"url\":\"https:\\\/\\\/alustage.eu\\\/wp-content\\\/uploads\\\/2025\\\/11\\\/nogi-okragle-rl-02.jpg\",\"contentUrl\":\"https:\\\/\\\/alustage.eu\\\/wp-content\\\/uploads\\\/2025\\\/11\\\/nogi-okragle-rl-02.jpg\",\"width\":458,\"height\":458},{\"@type\":\"BreadcrumbList\",\"@id\":\"https:\\\/\\\/alustage.eu\\\/pl\\\/produkt\\\/rl-nogi-okragle\\\/#breadcrumb\",\"itemListElement\":[{\"@type\":\"ListItem\",\"position\":1,\"name\":\"Strona g\u0142\u00f3wna\",\"item\":\"https:\\\/\\\/alustage.eu\\\/pl\\\/\"},{\"@type\":\"ListItem\",\"position\":2,\"name\":\"Produkty\",\"item\":\"https:\\\/\\\/alustage.eu\\\/pl\\\/produkty\\\/\"},{\"@type\":\"ListItem\",\"position\":3,\"name\":\"Scena\",\"item\":\"https:\\\/\\\/alustage.eu\\\/pl\\\/kategoria-produktu\\\/scena\\\/\"},{\"@type\":\"ListItem\",\"position\":4,\"name\":\"Aludeck Ultra\",\"item\":\"https:\\\/\\\/alustage.eu\\\/pl\\\/kategoria-produktu\\\/scena\\\/aludeck-ultra\\\/\"},{\"@type\":\"ListItem\",\"position\":5,\"name\":\"Nogi\",\"item\":\"https:\\\/\\\/alustage.eu\\\/pl\\\/kategoria-produktu\\\/scena\\\/aludeck-ultra\\\/nogi-6\\\/\"},{\"@type\":\"ListItem\",\"position\":6,\"name\":\"RL nogi okr\u0105g\u0142e\"}]},{\"@type\":\"WebSite\",\"@id\":\"https:\\\/\\\/alustage.eu\\\/pl\\\/#website\",\"url\":\"https:\\\/\\\/alustage.eu\\\/pl\\\/\",\"name\":\"Alustage\",\"description\":\"\",\"publisher\":{\"@id\":\"https:\\\/\\\/alustage.eu\\\/pl\\\/#organization\"},\"potentialAction\":[{\"@type\":\"SearchAction\",\"target\":{\"@type\":\"EntryPoint\",\"urlTemplate\":\"https:\\\/\\\/alustage.eu\\\/pl\\\/?s={search_term_string}\"},\"query-input\":{\"@type\":\"PropertyValueSpecification\",\"valueRequired\":true,\"valueName\":\"search_term_string\"}}],\"inLanguage\":\"pl-PL\"},{\"@type\":\"Organization\",\"@id\":\"https:\\\/\\\/alustage.eu\\\/pl\\\/#organization\",\"name\":\"Alustage\",\"url\":\"https:\\\/\\\/alustage.eu\\\/pl\\\/\",\"logo\":{\"@type\":\"ImageObject\",\"inLanguage\":\"pl-PL\",\"@id\":\"https:\\\/\\\/alustage.eu\\\/pl\\\/#\\\/schema\\\/logo\\\/image\\\/\",\"url\":\"https:\\\/\\\/alustage.eu\\\/wp-content\\\/uploads\\\/2026\\\/01\\\/alustage_color.svg\",\"contentUrl\":\"https:\\\/\\\/alustage.eu\\\/wp-content\\\/uploads\\\/2026\\\/01\\\/alustage_color.svg\",\"caption\":\"Alustage\"},\"image\":{\"@id\":\"https:\\\/\\\/alustage.eu\\\/pl\\\/#\\\/schema\\\/logo\\\/image\\\/\"}}]}<\/script>\n<!-- \/ Yoast SEO plugin. -->","yoast_head_json":{"title":"RL nogi okr\u0105g\u0142e - Alustage","robots":{"index":"index","follow":"follow","max-snippet":"max-snippet:-1","max-image-preview":"max-image-preview:large","max-video-preview":"max-video-preview:-1"},"canonical":"https:\/\/alustage.eu\/pl\/produkt\/rl-nogi-okragle\/","og_locale":"pl_PL","og_type":"article","og_title":"RL nogi okr\u0105g\u0142e - Alustage","og_description":"Nogi okr\u0105g\u0142e","og_url":"https:\/\/alustage.eu\/pl\/produkt\/rl-nogi-okragle\/","og_site_name":"Alustage","article_modified_time":"2026-03-11T11:49:10+00:00","og_image":[{"width":458,"height":458,"url":"https:\/\/alustage.eu\/wp-content\/uploads\/2025\/11\/nogi-okragle-rl-02.jpg","type":"image\/jpeg"}],"twitter_card":"summary_large_image","schema":{"@context":"https:\/\/schema.org","@graph":[{"@type":"WebPage","@id":"https:\/\/alustage.eu\/pl\/produkt\/rl-nogi-okragle\/","url":"https:\/\/alustage.eu\/pl\/produkt\/rl-nogi-okragle\/","name":"RL nogi okr\u0105g\u0142e - Alustage","isPartOf":{"@id":"https:\/\/alustage.eu\/pl\/#website"},"primaryImageOfPage":{"@id":"https:\/\/alustage.eu\/pl\/produkt\/rl-nogi-okragle\/#primaryimage"},"image":{"@id":"https:\/\/alustage.eu\/pl\/produkt\/rl-nogi-okragle\/#primaryimage"},"thumbnailUrl":"https:\/\/alustage.eu\/wp-content\/uploads\/2025\/11\/nogi-okragle-rl-02.jpg","datePublished":"2026-02-27T07:13:15+00:00","dateModified":"2026-03-11T11:49:10+00:00","breadcrumb":{"@id":"https:\/\/alustage.eu\/pl\/produkt\/rl-nogi-okragle\/#breadcrumb"},"inLanguage":"pl-PL","potentialAction":[{"@type":"ReadAction","target":["https:\/\/alustage.eu\/pl\/produkt\/rl-nogi-okragle\/"]}]},{"@type":"ImageObject","inLanguage":"pl-PL","@id":"https:\/\/alustage.eu\/pl\/produkt\/rl-nogi-okragle\/#primaryimage","url":"https:\/\/alustage.eu\/wp-content\/uploads\/2025\/11\/nogi-okragle-rl-02.jpg","contentUrl":"https:\/\/alustage.eu\/wp-content\/uploads\/2025\/11\/nogi-okragle-rl-02.jpg","width":458,"height":458},{"@type":"BreadcrumbList","@id":"https:\/\/alustage.eu\/pl\/produkt\/rl-nogi-okragle\/#breadcrumb","itemListElement":[{"@type":"ListItem","position":1,"name":"Strona g\u0142\u00f3wna","item":"https:\/\/alustage.eu\/pl\/"},{"@type":"ListItem","position":2,"name":"Produkty","item":"https:\/\/alustage.eu\/pl\/produkty\/"},{"@type":"ListItem","position":3,"name":"Scena","item":"https:\/\/alustage.eu\/pl\/kategoria-produktu\/scena\/"},{"@type":"ListItem","position":4,"name":"Aludeck Ultra","item":"https:\/\/alustage.eu\/pl\/kategoria-produktu\/scena\/aludeck-ultra\/"},{"@type":"ListItem","position":5,"name":"Nogi","item":"https:\/\/alustage.eu\/pl\/kategoria-produktu\/scena\/aludeck-ultra\/nogi-6\/"},{"@type":"ListItem","position":6,"name":"RL nogi okr\u0105g\u0142e"}]},{"@type":"WebSite","@id":"https:\/\/alustage.eu\/pl\/#website","url":"https:\/\/alustage.eu\/pl\/","name":"Alustage","description":"","publisher":{"@id":"https:\/\/alustage.eu\/pl\/#organization"},"potentialAction":[{"@type":"SearchAction","target":{"@type":"EntryPoint","urlTemplate":"https:\/\/alustage.eu\/pl\/?s={search_term_string}"},"query-input":{"@type":"PropertyValueSpecification","valueRequired":true,"valueName":"search_term_string"}}],"inLanguage":"pl-PL"},{"@type":"Organization","@id":"https:\/\/alustage.eu\/pl\/#organization","name":"Alustage","url":"https:\/\/alustage.eu\/pl\/","logo":{"@type":"ImageObject","inLanguage":"pl-PL","@id":"https:\/\/alustage.eu\/pl\/#\/schema\/logo\/image\/","url":"https:\/\/alustage.eu\/wp-content\/uploads\/2026\/01\/alustage_color.svg","contentUrl":"https:\/\/alustage.eu\/wp-content\/uploads\/2026\/01\/alustage_color.svg","caption":"Alustage"},"image":{"@id":"https:\/\/alustage.eu\/pl\/#\/schema\/logo\/image\/"}}]}},"taxonomy_info":{"product_cat":[{"value":1591,"label":"Aludeck Eco"},{"value":1602,"label":"Aludeck Event"},{"value":1621,"label":"Aludeck Light"},{"value":1634,"label":"Aludeck Live"},{"value":1650,"label":"Aludeck Ultra"},{"value":1596,"label":"Nogi"},{"value":1606,"label":"Nogi"},{"value":1627,"label":"Nogi"},{"value":1637,"label":"Nogi"},{"value":1655,"label":"Nogi"},{"value":1663,"label":"Nogi"},{"value":1575,"label":"Scena"}],"pa_waga":[{"value":1320,"label":"Zale\u017cy od wysoko\u015bci"}]},"featured_image_src_large":["https:\/\/alustage.eu\/wp-content\/uploads\/2025\/11\/nogi-okragle-rl-02.jpg",458,458,false],"author_info":[],"comment_info":0,"_links":{"self":[{"href":"https:\/\/alustage.eu\/pl\/wp-json\/wp\/v2\/product\/16372","targetHints":{"allow":["GET"]}}],"collection":[{"href":"https:\/\/alustage.eu\/pl\/wp-json\/wp\/v2\/product"}],"about":[{"href":"https:\/\/alustage.eu\/pl\/wp-json\/wp\/v2\/types\/product"}],"replies":[{"embeddable":true,"href":"https:\/\/alustage.eu\/pl\/wp-json\/wp\/v2\/comments?post=16372"}],"wp:featuredmedia":[{"embeddable":true,"href":"https:\/\/alustage.eu\/pl\/wp-json\/wp\/v2\/media\/15772"}],"wp:attachment":[{"href":"https:\/\/alustage.eu\/pl\/wp-json\/wp\/v2\/media?parent=16372"}],"wp:term":[{"taxonomy":"product_brand","embeddable":true,"href":"https:\/\/alustage.eu\/pl\/wp-json\/wp\/v2\/product_brand?post=16372"},{"taxonomy":"product_cat","embeddable":true,"href":"https:\/\/alustage.eu\/pl\/wp-json\/wp\/v2\/product_cat?post=16372"},{"taxonomy":"product_tag","embeddable":true,"href":"https:\/\/alustage.eu\/pl\/wp-json\/wp\/v2\/product_tag?post=16372"}],"curies":[{"name":"wp","href":"https:\/\/api.w.org\/{rel}","templated":true}]}}