{"id":16324,"date":"2026-02-27T07:12:29","date_gmt":"2026-02-27T07:12:29","guid":{"rendered":"https:\/\/alustage.v-stage.pl\/product\/odcinek-prosty-al100\/"},"modified":"2026-03-11T11:47:05","modified_gmt":"2026-03-11T11:47:05","slug":"odcinek-prosty-al100","status":"publish","type":"product","link":"https:\/\/alustage.eu\/pl\/produkt\/odcinek-prosty-al100\/","title":{"rendered":"Odcinek prosty AL100"},"content":{"rendered":"<p>AL100 to najwi\u0119ksza i najbardziej zaawansowana kratownica w ofercie Alustage. Zaprojektowana z my\u015bl\u0105 o najbardziej wymagaj\u0105cych wyzwaniach, ta masywna, prostok\u0105tna konstrukcja stanowi idealne rozwi\u0105zanie dla profesjonalnych zastosowa\u0144 w trasach koncertowych i na imprezach na \u017cywo. Zbudowana z certyfikowanych rur g\u0142\u00f3wnych o wymiarach 60&#215;6 mm oraz st\u0119\u017ce\u0144 48,3&#215;3 mm i 30&#215;3 mm, kratownica AL100 gwarantuje niezr\u00f3wnan\u0105 wytrzyma\u0142o\u015b\u0107 i no\u015bno\u015b\u0107. Jej wymiary 1010&#215;580 mm pozwalaj\u0105 na tworzenie imponuj\u0105cych konstrukcji scenicznych, zar\u00f3wno wewn\u0105trz, jak i na zewn\u0105trz. Dzi\u0119ki systemowi szybkiego \u0142\u0105czenia, idealnie nadaje si\u0119 do budowy solidnych dach\u00f3w, zestaw\u00f3w o\u015bwietleniowych i ekran\u00f3w na stadionach, w halach koncertowych i na festiwalach. Dodatkowo, kratownica mo\u017ce by\u0107 wyposa\u017cona w zintegrowane k\u00f3\u0142ka jezdne, kt\u00f3re u\u0142atwiaj\u0105 transport i monta\u017c, czyni\u0105c j\u0105 niezast\u0105pionym narz\u0119dziem dla ekip technicznych. Z AL100 zyskujesz wydajno\u015b\u0107, bezpiecze\u0144stwo i niezawodno\u015b\u0107, kt\u00f3re s\u0105 kluczowe w przypadku najbardziej wymagaj\u0105cych projekt\u00f3w.<\/p>\n","protected":false},"excerpt":{"rendered":"<p>Odcinek prosty<\/p>\n","protected":false},"featured_media":0,"comment_status":"closed","ping_status":"open","template":"","meta":{"_acf_changed":false,"inline_featured_image":false,"_kad_blocks_custom_css":"","_kad_blocks_head_custom_js":"","_kad_blocks_body_custom_js":"","_kad_blocks_footer_custom_js":"","_kadence_starter_templates_imported_post":false,"_kad_post_transparent":"","_kad_post_title":"","_kad_post_layout":"","_kad_post_sidebar_id":"","_kad_post_content_style":"","_kad_post_vertical_padding":"","_kad_post_feature":"","_kad_post_feature_position":"","_kad_post_header":false,"_kad_post_footer":false,"_kad_post_classname":""},"product_brand":[],"product_cat":[1705],"product_tag":[],"class_list":{"0":"post-16324","1":"product","2":"type-product","3":"status-publish","5":"product_cat-kratownice","6":"pa_nazwa-systemu-qua-1000a","7":"pa_rozstaw-1010x580-mm","8":"pa_rura-glowna-60-x-6-mm","9":"pa_stezenia-48-3-x-3-mm30-x-3-mm","10":"pa_stop-en-aw-6082-t6","11":"pa_waga-zalezne-od-dlugosci","12":"pa_wymiary-from-1-0-m-to-4-0-m","14":"first","15":"instock","16":"product-type-simple","17":"entry","18":"content-bg","19":"loop-entry"},"acf":[],"yoast_head":"<!-- This site is optimized with the Yoast SEO plugin v27.3 - https:\/\/yoast.com\/product\/yoast-seo-wordpress\/ -->\n<title>Odcinek prosty AL100 - Alustage<\/title>\n<meta name=\"robots\" content=\"index, follow, max-snippet:-1, max-image-preview:large, max-video-preview:-1\" \/>\n<link rel=\"canonical\" href=\"https:\/\/alustage.eu\/pl\/produkt\/odcinek-prosty-al100\/\" \/>\n<meta property=\"og:locale\" content=\"pl_PL\" \/>\n<meta property=\"og:type\" content=\"article\" \/>\n<meta property=\"og:title\" content=\"Odcinek prosty AL100 - Alustage\" \/>\n<meta property=\"og:description\" content=\"Odcinek prosty\" \/>\n<meta property=\"og:url\" content=\"https:\/\/alustage.eu\/pl\/produkt\/odcinek-prosty-al100\/\" \/>\n<meta property=\"og:site_name\" content=\"Alustage\" \/>\n<meta property=\"article:modified_time\" content=\"2026-03-11T11:47:05+00:00\" \/>\n<meta name=\"twitter:card\" content=\"summary_large_image\" \/>\n<meta name=\"twitter:label1\" content=\"Szacowany czas czytania\" \/>\n\t<meta name=\"twitter:data1\" content=\"1 minuta\" \/>\n<script type=\"application\/ld+json\" class=\"yoast-schema-graph\">{\"@context\":\"https:\\\/\\\/schema.org\",\"@graph\":[{\"@type\":\"WebPage\",\"@id\":\"https:\\\/\\\/alustage.eu\\\/pl\\\/produkt\\\/odcinek-prosty-al100\\\/\",\"url\":\"https:\\\/\\\/alustage.eu\\\/pl\\\/produkt\\\/odcinek-prosty-al100\\\/\",\"name\":\"Odcinek prosty AL100 - Alustage\",\"isPartOf\":{\"@id\":\"https:\\\/\\\/alustage.eu\\\/pl\\\/#website\"},\"datePublished\":\"2026-02-27T07:12:29+00:00\",\"dateModified\":\"2026-03-11T11:47:05+00:00\",\"breadcrumb\":{\"@id\":\"https:\\\/\\\/alustage.eu\\\/pl\\\/produkt\\\/odcinek-prosty-al100\\\/#breadcrumb\"},\"inLanguage\":\"pl-PL\",\"potentialAction\":[{\"@type\":\"ReadAction\",\"target\":[\"https:\\\/\\\/alustage.eu\\\/pl\\\/produkt\\\/odcinek-prosty-al100\\\/\"]}]},{\"@type\":\"BreadcrumbList\",\"@id\":\"https:\\\/\\\/alustage.eu\\\/pl\\\/produkt\\\/odcinek-prosty-al100\\\/#breadcrumb\",\"itemListElement\":[{\"@type\":\"ListItem\",\"position\":1,\"name\":\"Strona g\u0142\u00f3wna\",\"item\":\"https:\\\/\\\/alustage.eu\\\/pl\\\/strona-glowna\\\/\"},{\"@type\":\"ListItem\",\"position\":2,\"name\":\"Produkty\",\"item\":\"https:\\\/\\\/alustage.eu\\\/pl\\\/produkty\\\/\"},{\"@type\":\"ListItem\",\"position\":3,\"name\":\"Odcinek prosty AL100\"}]},{\"@type\":\"WebSite\",\"@id\":\"https:\\\/\\\/alustage.eu\\\/pl\\\/#website\",\"url\":\"https:\\\/\\\/alustage.eu\\\/pl\\\/\",\"name\":\"Alustage\",\"description\":\"\",\"publisher\":{\"@id\":\"https:\\\/\\\/alustage.eu\\\/pl\\\/#organization\"},\"potentialAction\":[{\"@type\":\"SearchAction\",\"target\":{\"@type\":\"EntryPoint\",\"urlTemplate\":\"https:\\\/\\\/alustage.eu\\\/pl\\\/?s={search_term_string}\"},\"query-input\":{\"@type\":\"PropertyValueSpecification\",\"valueRequired\":true,\"valueName\":\"search_term_string\"}}],\"inLanguage\":\"pl-PL\"},{\"@type\":\"Organization\",\"@id\":\"https:\\\/\\\/alustage.eu\\\/pl\\\/#organization\",\"name\":\"Alustage\",\"url\":\"https:\\\/\\\/alustage.eu\\\/pl\\\/\",\"logo\":{\"@type\":\"ImageObject\",\"inLanguage\":\"pl-PL\",\"@id\":\"https:\\\/\\\/alustage.eu\\\/pl\\\/#\\\/schema\\\/logo\\\/image\\\/\",\"url\":\"https:\\\/\\\/alustage.eu\\\/wp-content\\\/uploads\\\/2026\\\/01\\\/alustage_color.svg\",\"contentUrl\":\"https:\\\/\\\/alustage.eu\\\/wp-content\\\/uploads\\\/2026\\\/01\\\/alustage_color.svg\",\"caption\":\"Alustage\"},\"image\":{\"@id\":\"https:\\\/\\\/alustage.eu\\\/pl\\\/#\\\/schema\\\/logo\\\/image\\\/\"}}]}<\/script>\n<!-- \/ Yoast SEO plugin. -->","yoast_head_json":{"title":"Odcinek prosty AL100 - Alustage","robots":{"index":"index","follow":"follow","max-snippet":"max-snippet:-1","max-image-preview":"max-image-preview:large","max-video-preview":"max-video-preview:-1"},"canonical":"https:\/\/alustage.eu\/pl\/produkt\/odcinek-prosty-al100\/","og_locale":"pl_PL","og_type":"article","og_title":"Odcinek prosty AL100 - Alustage","og_description":"Odcinek prosty","og_url":"https:\/\/alustage.eu\/pl\/produkt\/odcinek-prosty-al100\/","og_site_name":"Alustage","article_modified_time":"2026-03-11T11:47:05+00:00","twitter_card":"summary_large_image","twitter_misc":{"Szacowany czas czytania":"1 minuta"},"schema":{"@context":"https:\/\/schema.org","@graph":[{"@type":"WebPage","@id":"https:\/\/alustage.eu\/pl\/produkt\/odcinek-prosty-al100\/","url":"https:\/\/alustage.eu\/pl\/produkt\/odcinek-prosty-al100\/","name":"Odcinek prosty AL100 - Alustage","isPartOf":{"@id":"https:\/\/alustage.eu\/pl\/#website"},"datePublished":"2026-02-27T07:12:29+00:00","dateModified":"2026-03-11T11:47:05+00:00","breadcrumb":{"@id":"https:\/\/alustage.eu\/pl\/produkt\/odcinek-prosty-al100\/#breadcrumb"},"inLanguage":"pl-PL","potentialAction":[{"@type":"ReadAction","target":["https:\/\/alustage.eu\/pl\/produkt\/odcinek-prosty-al100\/"]}]},{"@type":"BreadcrumbList","@id":"https:\/\/alustage.eu\/pl\/produkt\/odcinek-prosty-al100\/#breadcrumb","itemListElement":[{"@type":"ListItem","position":1,"name":"Strona g\u0142\u00f3wna","item":"https:\/\/alustage.eu\/pl\/strona-glowna\/"},{"@type":"ListItem","position":2,"name":"Produkty","item":"https:\/\/alustage.eu\/pl\/produkty\/"},{"@type":"ListItem","position":3,"name":"Odcinek prosty AL100"}]},{"@type":"WebSite","@id":"https:\/\/alustage.eu\/pl\/#website","url":"https:\/\/alustage.eu\/pl\/","name":"Alustage","description":"","publisher":{"@id":"https:\/\/alustage.eu\/pl\/#organization"},"potentialAction":[{"@type":"SearchAction","target":{"@type":"EntryPoint","urlTemplate":"https:\/\/alustage.eu\/pl\/?s={search_term_string}"},"query-input":{"@type":"PropertyValueSpecification","valueRequired":true,"valueName":"search_term_string"}}],"inLanguage":"pl-PL"},{"@type":"Organization","@id":"https:\/\/alustage.eu\/pl\/#organization","name":"Alustage","url":"https:\/\/alustage.eu\/pl\/","logo":{"@type":"ImageObject","inLanguage":"pl-PL","@id":"https:\/\/alustage.eu\/pl\/#\/schema\/logo\/image\/","url":"https:\/\/alustage.eu\/wp-content\/uploads\/2026\/01\/alustage_color.svg","contentUrl":"https:\/\/alustage.eu\/wp-content\/uploads\/2026\/01\/alustage_color.svg","caption":"Alustage"},"image":{"@id":"https:\/\/alustage.eu\/pl\/#\/schema\/logo\/image\/"}}]}},"taxonomy_info":{"product_cat":[{"value":1705,"label":"Kratownice"}],"pa_nazwa-systemu":[{"value":1272,"label":"QUA 1000A"}],"pa_rozstaw":[{"value":1271,"label":"1010x580 mm"}],"pa_rura-glowna":[{"value":1274,"label":"60 x 6 mm"}],"pa_stezenia":[{"value":1273,"label":"48, 3 x 3 mm;30 x 3 mm"}],"pa_stop":[{"value":1078,"label":"EN AW 6082 T6"}],"pa_waga":[{"value":1105,"label":"zale\u017cne od d\u0142ugo\u015bci"}],"pa_wymiary":[{"value":1270,"label":"From 1, 0 m to 4, 0 m"}]},"featured_image_src_large":false,"author_info":[],"comment_info":0,"_links":{"self":[{"href":"https:\/\/alustage.eu\/pl\/wp-json\/wp\/v2\/product\/16324","targetHints":{"allow":["GET"]}}],"collection":[{"href":"https:\/\/alustage.eu\/pl\/wp-json\/wp\/v2\/product"}],"about":[{"href":"https:\/\/alustage.eu\/pl\/wp-json\/wp\/v2\/types\/product"}],"replies":[{"embeddable":true,"href":"https:\/\/alustage.eu\/pl\/wp-json\/wp\/v2\/comments?post=16324"}],"wp:attachment":[{"href":"https:\/\/alustage.eu\/pl\/wp-json\/wp\/v2\/media?parent=16324"}],"wp:term":[{"taxonomy":"product_brand","embeddable":true,"href":"https:\/\/alustage.eu\/pl\/wp-json\/wp\/v2\/product_brand?post=16324"},{"taxonomy":"product_cat","embeddable":true,"href":"https:\/\/alustage.eu\/pl\/wp-json\/wp\/v2\/product_cat?post=16324"},{"taxonomy":"product_tag","embeddable":true,"href":"https:\/\/alustage.eu\/pl\/wp-json\/wp\/v2\/product_tag?post=16324"}],"curies":[{"name":"wp","href":"https:\/\/api.w.org\/{rel}","templated":true}]}}