{"id":16097,"date":"2026-02-27T07:10:02","date_gmt":"2026-02-27T07:10:02","guid":{"rendered":"https:\/\/alustage.v-stage.pl\/product\/nds-390-09-00-nadstawka-slupa-kratownicy\/"},"modified":"2026-04-27T21:34:45","modified_gmt":"2026-04-27T21:34:45","slug":"nds-390-09-00-nadstawka-slupa-kratownicy","status":"publish","type":"product","link":"https:\/\/alustage.eu\/pl\/produkt\/nds-390-09-00-nadstawka-slupa-kratownicy\/","title":{"rendered":"NDS 390.09.00 nadstawka s\u0142upa kratownicy Q390C"},"content":{"rendered":"<p>Ta nadstawka s\u0142upa przeznaczona jest do s\u0142upa wykonanego z systemu kratownicowego ALC44 do wci\u0105gnika r\u0119cznego.<\/p>\n","protected":false},"excerpt":{"rendered":"<p>Nadstawka s\u0142upa kratownicy<\/p>\n","protected":false},"featured_media":15264,"comment_status":"closed","ping_status":"closed","template":"","meta":{"_acf_changed":false,"inline_featured_image":false,"_kad_blocks_custom_css":"","_kad_blocks_head_custom_js":"","_kad_blocks_body_custom_js":"","_kad_blocks_footer_custom_js":"","_kadence_starter_templates_imported_post":false,"_kad_post_transparent":"default","_kad_post_title":"","_kad_post_layout":"default","_kad_post_sidebar_id":"","_kad_post_content_style":"default","_kad_post_vertical_padding":"default","_kad_post_feature":"","_kad_post_feature_position":"","_kad_post_header":false,"_kad_post_footer":false,"_kad_post_classname":""},"product_brand":[],"product_cat":[1672,1693,1527,1529,1690,1670],"product_tag":[],"class_list":{"0":"post-16097","1":"product","2":"type-product","3":"status-publish","4":"has-post-thumbnail","6":"product_cat-accessories","7":"product_cat-alc34-top-sections","8":"product_cat-alc44-system","9":"product_cat-ale34","10":"product_cat-gorna-sekcja","11":"product_cat-zadaszenia","13":"first","14":"instock","15":"product-type-simple","16":"entry","17":"content-bg","18":"loop-entry"},"acf":[],"yoast_head":"<!-- This site is optimized with the Yoast SEO plugin v27.3 - https:\/\/yoast.com\/product\/yoast-seo-wordpress\/ -->\n<title>NDS 390.09.00 nadstawka s\u0142upa kratownicy Q390C - Alustage<\/title>\n<meta name=\"robots\" content=\"index, follow, max-snippet:-1, max-image-preview:large, max-video-preview:-1\" \/>\n<link rel=\"canonical\" href=\"https:\/\/alustage.eu\/pl\/produkt\/nds-390-09-00-nadstawka-slupa-kratownicy\/\" \/>\n<meta property=\"og:locale\" content=\"pl_PL\" \/>\n<meta property=\"og:type\" content=\"article\" \/>\n<meta property=\"og:title\" content=\"NDS 390.09.00 nadstawka s\u0142upa kratownicy Q390C - Alustage\" \/>\n<meta property=\"og:description\" content=\"Nadstawka s\u0142upa kratownicy\" \/>\n<meta property=\"og:url\" content=\"https:\/\/alustage.eu\/pl\/produkt\/nds-390-09-00-nadstawka-slupa-kratownicy\/\" \/>\n<meta property=\"og:site_name\" content=\"Alustage\" \/>\n<meta property=\"article:modified_time\" content=\"2026-04-27T21:34:45+00:00\" \/>\n<meta property=\"og:image\" content=\"https:\/\/alustage.eu\/wp-content\/uploads\/2025\/11\/nastawka-390.jpg\" \/>\n\t<meta property=\"og:image:width\" content=\"458\" \/>\n\t<meta property=\"og:image:height\" content=\"458\" \/>\n\t<meta property=\"og:image:type\" content=\"image\/jpeg\" \/>\n<meta name=\"twitter:card\" content=\"summary_large_image\" \/>\n<meta name=\"twitter:label1\" content=\"Szacowany czas czytania\" \/>\n\t<meta name=\"twitter:data1\" content=\"1 minuta\" \/>\n<script type=\"application\/ld+json\" class=\"yoast-schema-graph\">{\"@context\":\"https:\\\/\\\/schema.org\",\"@graph\":[{\"@type\":\"WebPage\",\"@id\":\"https:\\\/\\\/alustage.eu\\\/pl\\\/produkt\\\/nds-390-09-00-nadstawka-slupa-kratownicy\\\/\",\"url\":\"https:\\\/\\\/alustage.eu\\\/pl\\\/produkt\\\/nds-390-09-00-nadstawka-slupa-kratownicy\\\/\",\"name\":\"NDS 390.09.00 nadstawka s\u0142upa kratownicy Q390C - Alustage\",\"isPartOf\":{\"@id\":\"https:\\\/\\\/alustage.eu\\\/pl\\\/#website\"},\"primaryImageOfPage\":{\"@id\":\"https:\\\/\\\/alustage.eu\\\/pl\\\/produkt\\\/nds-390-09-00-nadstawka-slupa-kratownicy\\\/#primaryimage\"},\"image\":{\"@id\":\"https:\\\/\\\/alustage.eu\\\/pl\\\/produkt\\\/nds-390-09-00-nadstawka-slupa-kratownicy\\\/#primaryimage\"},\"thumbnailUrl\":\"https:\\\/\\\/alustage.eu\\\/wp-content\\\/uploads\\\/2025\\\/11\\\/nastawka-390.jpg\",\"datePublished\":\"2026-02-27T07:10:02+00:00\",\"dateModified\":\"2026-04-27T21:34:45+00:00\",\"breadcrumb\":{\"@id\":\"https:\\\/\\\/alustage.eu\\\/pl\\\/produkt\\\/nds-390-09-00-nadstawka-slupa-kratownicy\\\/#breadcrumb\"},\"inLanguage\":\"pl-PL\",\"potentialAction\":[{\"@type\":\"ReadAction\",\"target\":[\"https:\\\/\\\/alustage.eu\\\/pl\\\/produkt\\\/nds-390-09-00-nadstawka-slupa-kratownicy\\\/\"]}]},{\"@type\":\"ImageObject\",\"inLanguage\":\"pl-PL\",\"@id\":\"https:\\\/\\\/alustage.eu\\\/pl\\\/produkt\\\/nds-390-09-00-nadstawka-slupa-kratownicy\\\/#primaryimage\",\"url\":\"https:\\\/\\\/alustage.eu\\\/wp-content\\\/uploads\\\/2025\\\/11\\\/nastawka-390.jpg\",\"contentUrl\":\"https:\\\/\\\/alustage.eu\\\/wp-content\\\/uploads\\\/2025\\\/11\\\/nastawka-390.jpg\",\"width\":458,\"height\":458},{\"@type\":\"BreadcrumbList\",\"@id\":\"https:\\\/\\\/alustage.eu\\\/pl\\\/produkt\\\/nds-390-09-00-nadstawka-slupa-kratownicy\\\/#breadcrumb\",\"itemListElement\":[{\"@type\":\"ListItem\",\"position\":1,\"name\":\"Strona g\u0142\u00f3wna\",\"item\":\"https:\\\/\\\/alustage.eu\\\/pl\\\/strona-glowna\\\/\"},{\"@type\":\"ListItem\",\"position\":2,\"name\":\"Produkty\",\"item\":\"https:\\\/\\\/alustage.eu\\\/pl\\\/produkty\\\/\"},{\"@type\":\"ListItem\",\"position\":3,\"name\":\"Zadaszenia\",\"item\":\"https:\\\/\\\/alustage.eu\\\/pl\\\/kategoria-produktu\\\/zadaszenia\\\/\"},{\"@type\":\"ListItem\",\"position\":4,\"name\":\"Akcesoria\",\"item\":\"https:\\\/\\\/alustage.eu\\\/pl\\\/kategoria-produktu\\\/zadaszenia\\\/accessories\\\/\"},{\"@type\":\"ListItem\",\"position\":5,\"name\":\"G\u00f3rna Sekcja\",\"item\":\"https:\\\/\\\/alustage.eu\\\/pl\\\/kategoria-produktu\\\/zadaszenia\\\/accessories\\\/gorna-sekcja\\\/\"},{\"@type\":\"ListItem\",\"position\":6,\"name\":\"ALC34\",\"item\":\"https:\\\/\\\/alustage.eu\\\/pl\\\/kategoria-produktu\\\/zadaszenia\\\/accessories\\\/gorna-sekcja\\\/alc34-top-sections\\\/\"},{\"@type\":\"ListItem\",\"position\":7,\"name\":\"NDS 390.09.00 nadstawka s\u0142upa kratownicy Q390C\"}]},{\"@type\":\"WebSite\",\"@id\":\"https:\\\/\\\/alustage.eu\\\/pl\\\/#website\",\"url\":\"https:\\\/\\\/alustage.eu\\\/pl\\\/\",\"name\":\"Alustage\",\"description\":\"\",\"publisher\":{\"@id\":\"https:\\\/\\\/alustage.eu\\\/pl\\\/#organization\"},\"potentialAction\":[{\"@type\":\"SearchAction\",\"target\":{\"@type\":\"EntryPoint\",\"urlTemplate\":\"https:\\\/\\\/alustage.eu\\\/pl\\\/?s={search_term_string}\"},\"query-input\":{\"@type\":\"PropertyValueSpecification\",\"valueRequired\":true,\"valueName\":\"search_term_string\"}}],\"inLanguage\":\"pl-PL\"},{\"@type\":\"Organization\",\"@id\":\"https:\\\/\\\/alustage.eu\\\/pl\\\/#organization\",\"name\":\"Alustage\",\"url\":\"https:\\\/\\\/alustage.eu\\\/pl\\\/\",\"logo\":{\"@type\":\"ImageObject\",\"inLanguage\":\"pl-PL\",\"@id\":\"https:\\\/\\\/alustage.eu\\\/pl\\\/#\\\/schema\\\/logo\\\/image\\\/\",\"url\":\"https:\\\/\\\/alustage.eu\\\/wp-content\\\/uploads\\\/2026\\\/01\\\/alustage_color.svg\",\"contentUrl\":\"https:\\\/\\\/alustage.eu\\\/wp-content\\\/uploads\\\/2026\\\/01\\\/alustage_color.svg\",\"caption\":\"Alustage\"},\"image\":{\"@id\":\"https:\\\/\\\/alustage.eu\\\/pl\\\/#\\\/schema\\\/logo\\\/image\\\/\"}}]}<\/script>\n<!-- \/ Yoast SEO plugin. -->","yoast_head_json":{"title":"NDS 390.09.00 nadstawka s\u0142upa kratownicy Q390C - Alustage","robots":{"index":"index","follow":"follow","max-snippet":"max-snippet:-1","max-image-preview":"max-image-preview:large","max-video-preview":"max-video-preview:-1"},"canonical":"https:\/\/alustage.eu\/pl\/produkt\/nds-390-09-00-nadstawka-slupa-kratownicy\/","og_locale":"pl_PL","og_type":"article","og_title":"NDS 390.09.00 nadstawka s\u0142upa kratownicy Q390C - Alustage","og_description":"Nadstawka s\u0142upa kratownicy","og_url":"https:\/\/alustage.eu\/pl\/produkt\/nds-390-09-00-nadstawka-slupa-kratownicy\/","og_site_name":"Alustage","article_modified_time":"2026-04-27T21:34:45+00:00","og_image":[{"width":458,"height":458,"url":"https:\/\/alustage.eu\/wp-content\/uploads\/2025\/11\/nastawka-390.jpg","type":"image\/jpeg"}],"twitter_card":"summary_large_image","twitter_misc":{"Szacowany czas czytania":"1 minuta"},"schema":{"@context":"https:\/\/schema.org","@graph":[{"@type":"WebPage","@id":"https:\/\/alustage.eu\/pl\/produkt\/nds-390-09-00-nadstawka-slupa-kratownicy\/","url":"https:\/\/alustage.eu\/pl\/produkt\/nds-390-09-00-nadstawka-slupa-kratownicy\/","name":"NDS 390.09.00 nadstawka s\u0142upa kratownicy Q390C - Alustage","isPartOf":{"@id":"https:\/\/alustage.eu\/pl\/#website"},"primaryImageOfPage":{"@id":"https:\/\/alustage.eu\/pl\/produkt\/nds-390-09-00-nadstawka-slupa-kratownicy\/#primaryimage"},"image":{"@id":"https:\/\/alustage.eu\/pl\/produkt\/nds-390-09-00-nadstawka-slupa-kratownicy\/#primaryimage"},"thumbnailUrl":"https:\/\/alustage.eu\/wp-content\/uploads\/2025\/11\/nastawka-390.jpg","datePublished":"2026-02-27T07:10:02+00:00","dateModified":"2026-04-27T21:34:45+00:00","breadcrumb":{"@id":"https:\/\/alustage.eu\/pl\/produkt\/nds-390-09-00-nadstawka-slupa-kratownicy\/#breadcrumb"},"inLanguage":"pl-PL","potentialAction":[{"@type":"ReadAction","target":["https:\/\/alustage.eu\/pl\/produkt\/nds-390-09-00-nadstawka-slupa-kratownicy\/"]}]},{"@type":"ImageObject","inLanguage":"pl-PL","@id":"https:\/\/alustage.eu\/pl\/produkt\/nds-390-09-00-nadstawka-slupa-kratownicy\/#primaryimage","url":"https:\/\/alustage.eu\/wp-content\/uploads\/2025\/11\/nastawka-390.jpg","contentUrl":"https:\/\/alustage.eu\/wp-content\/uploads\/2025\/11\/nastawka-390.jpg","width":458,"height":458},{"@type":"BreadcrumbList","@id":"https:\/\/alustage.eu\/pl\/produkt\/nds-390-09-00-nadstawka-slupa-kratownicy\/#breadcrumb","itemListElement":[{"@type":"ListItem","position":1,"name":"Strona g\u0142\u00f3wna","item":"https:\/\/alustage.eu\/pl\/strona-glowna\/"},{"@type":"ListItem","position":2,"name":"Produkty","item":"https:\/\/alustage.eu\/pl\/produkty\/"},{"@type":"ListItem","position":3,"name":"Zadaszenia","item":"https:\/\/alustage.eu\/pl\/kategoria-produktu\/zadaszenia\/"},{"@type":"ListItem","position":4,"name":"Akcesoria","item":"https:\/\/alustage.eu\/pl\/kategoria-produktu\/zadaszenia\/accessories\/"},{"@type":"ListItem","position":5,"name":"G\u00f3rna Sekcja","item":"https:\/\/alustage.eu\/pl\/kategoria-produktu\/zadaszenia\/accessories\/gorna-sekcja\/"},{"@type":"ListItem","position":6,"name":"ALC34","item":"https:\/\/alustage.eu\/pl\/kategoria-produktu\/zadaszenia\/accessories\/gorna-sekcja\/alc34-top-sections\/"},{"@type":"ListItem","position":7,"name":"NDS 390.09.00 nadstawka s\u0142upa kratownicy Q390C"}]},{"@type":"WebSite","@id":"https:\/\/alustage.eu\/pl\/#website","url":"https:\/\/alustage.eu\/pl\/","name":"Alustage","description":"","publisher":{"@id":"https:\/\/alustage.eu\/pl\/#organization"},"potentialAction":[{"@type":"SearchAction","target":{"@type":"EntryPoint","urlTemplate":"https:\/\/alustage.eu\/pl\/?s={search_term_string}"},"query-input":{"@type":"PropertyValueSpecification","valueRequired":true,"valueName":"search_term_string"}}],"inLanguage":"pl-PL"},{"@type":"Organization","@id":"https:\/\/alustage.eu\/pl\/#organization","name":"Alustage","url":"https:\/\/alustage.eu\/pl\/","logo":{"@type":"ImageObject","inLanguage":"pl-PL","@id":"https:\/\/alustage.eu\/pl\/#\/schema\/logo\/image\/","url":"https:\/\/alustage.eu\/wp-content\/uploads\/2026\/01\/alustage_color.svg","contentUrl":"https:\/\/alustage.eu\/wp-content\/uploads\/2026\/01\/alustage_color.svg","caption":"Alustage"},"image":{"@id":"https:\/\/alustage.eu\/pl\/#\/schema\/logo\/image\/"}}]}},"taxonomy_info":{"product_cat":[{"value":1672,"label":"Akcesoria"},{"value":1693,"label":"ALC34"},{"value":1527,"label":"ALC44 system"},{"value":1529,"label":"ALE34"},{"value":1690,"label":"G\u00f3rna Sekcja"},{"value":1670,"label":"Zadaszenia"}]},"featured_image_src_large":["https:\/\/alustage.eu\/wp-content\/uploads\/2025\/11\/nastawka-390.jpg",458,458,false],"author_info":[],"comment_info":0,"_links":{"self":[{"href":"https:\/\/alustage.eu\/pl\/wp-json\/wp\/v2\/product\/16097","targetHints":{"allow":["GET"]}}],"collection":[{"href":"https:\/\/alustage.eu\/pl\/wp-json\/wp\/v2\/product"}],"about":[{"href":"https:\/\/alustage.eu\/pl\/wp-json\/wp\/v2\/types\/product"}],"replies":[{"embeddable":true,"href":"https:\/\/alustage.eu\/pl\/wp-json\/wp\/v2\/comments?post=16097"}],"wp:featuredmedia":[{"embeddable":true,"href":"https:\/\/alustage.eu\/pl\/wp-json\/wp\/v2\/media\/15264"}],"wp:attachment":[{"href":"https:\/\/alustage.eu\/pl\/wp-json\/wp\/v2\/media?parent=16097"}],"wp:term":[{"taxonomy":"product_brand","embeddable":true,"href":"https:\/\/alustage.eu\/pl\/wp-json\/wp\/v2\/product_brand?post=16097"},{"taxonomy":"product_cat","embeddable":true,"href":"https:\/\/alustage.eu\/pl\/wp-json\/wp\/v2\/product_cat?post=16097"},{"taxonomy":"product_tag","embeddable":true,"href":"https:\/\/alustage.eu\/pl\/wp-json\/wp\/v2\/product_tag?post=16097"}],"curies":[{"name":"wp","href":"https:\/\/api.w.org\/{rel}","templated":true}]}}